{"id":5757,"date":"2022-06-30T04:10:49","date_gmt":"2022-06-30T03:10:49","guid":{"rendered":"https:\/\/testprimeposts.wpengine.com\/cookie-policy\/"},"modified":"2023-02-22T23:33:39","modified_gmt":"2023-02-22T23:33:39","slug":"cookie-policy","status":"publish","type":"page","link":"https:\/\/prime-posts.com\/fr\/cookie-policy\/","title":{"rendered":"Politique en mati\u00e8re de cookies"},"content":{"rendered":"\n<p>L'IPC utilise des cookies de navigateur, des scripts, des balises web, des URL de suivi, des balises pixel et des technologies similaires (ci-apr\u00e8s d\u00e9nomm\u00e9es \" cookies \") pour fournir, prot\u00e9ger et am\u00e9liorer notre site web et nos applications. Nous vous expliquons ci-dessous le fonctionnement de nos cookies, l'objectif qu'ils poursuivent, le type de donn\u00e9es que chacun d'eux collecte et la mani\u00e8re dont vous pouvez g\u00e9rer vos param\u00e8tres de cookies.<\/p>\n\n\n<div  class=\"ewd-ufaq-faq-list ewd-ufaq-page-type-distinct ewd-ufaq-category-tabs-\" id='ewd-ufaq-faq-list'>\n\n\t<input type='hidden' name='show_on_load' value='' id='ewd-ufaq-show-on-load' \/>\n<input type='hidden' name='include_category' value='' id='ewd-ufaq-include-category' \/>\n<input type='hidden' name='exclude_category' value='' id='ewd-ufaq-exclude-category' \/>\n<input type='hidden' name='orderby' value='title' id='ewd-ufaq-orderby' \/>\n<input type='hidden' name='order' value='asc' id='ewd-ufaq-order' \/>\n<input type='hidden' name='post_count' value='-1' id='ewd-ufaq-post-count' \/>\n<input type='hidden' name='current_url' value='\/fr\/wp-json\/wp\/v2\/pages\/5757' id='ewd-ufaq-current-url' \/>\n\t\n\t\n\t<div class='ewd-ufaq-faqs'>\n\n\t\t<div  class=\"ewd-ufaq-faq-div ewd-ufaq-faq-column-count-one ewd-ufaq-faq-responsive-columns- ewd-ufaq-faq-display-style-default ewd-ufaq-can-be-toggled\" id='ewd-ufaq-post-5777-1iPRC5s8jv' data-post_id='5777'>\n\n\t\t\n\t<div class='ewd-ufaq-faq-title ewd-ufaq-faq-toggle'>\n\t\n\t<a class='ewd-ufaq-post-margin'  href='#' role=\"button\">\n\n\t\t<div class='ewd-ufaq-post-margin-symbol ewd-ufaq-'>\n\t\t\t<span >a<\/span>\n\t\t<\/div>\n\n\t\t<div class='ewd-ufaq-faq-title-text'>\n\n\t\t\t<h4>\n\t\t\t\t1. Que sont les cookies et comment ils fonctionnent\t\t\t<\/h4>\n\n\t\t<\/div>\n\n\t\t<div class='ewd-ufaq-clear'><\/div>\n\n\t<\/a>\n\t\n<\/div>\n\t\n\t<div class='ewd-ufaq-faq-body ewd-ufaq-hidden' >\n\n\t\t\n\t\t\t\n\t\t\n\t\t\t<div class='ewd-ufaq-post-margin ewd-ufaq-faq-post'>\n\t\n<p>Les cookies sont de petits fichiers qui sont t\u00e9l\u00e9charg\u00e9s dans le r\u00e9pertoire de votre navigateur sur le disque dur de votre ordinateur, tablette ou smartphone (ci-apr\u00e8s \"appareil\") lorsque vous visitez notre site web (ci-apr\u00e8s \"plateform\"). Chaque fois que vous visitez notre plateforme, le cookie et la plateforme vont \"communiquer\" afin de reconnaitre votre appareil. Cela est utile \u00e0 la fois pour vous et pour nous. Par exemple, un cookie peut nous permettre d'enregistrer les saisies de texte que vous effectuez dans les champs de formulaire sur le site web, de sorte que vous n'aurez pas \u00e0 saisir \u00e0 nouveau les m\u00eames informations lors de votre prochaine visite sur le site web, am\u00e9liorant ainsi votre exp\u00e9rience sur nos plateformes. Les cookies sont g\u00e9r\u00e9s par nous via un petit programme appel\u00e9 outil ou tag.<\/p>\n\n\n\n<p>Nous utilisons uniquement des cookies de premi\u00e8re partie, et aucun cookie de tierce partie. Les cookies de premi\u00e8re partie proviennent de notre plateforme et nous envoient des informations uniquement \u00e0 nous. Les cookies de tierce partie seraient plac\u00e9s par des tiers sur notre site et enverraient des informations sur votre appareil \u00e0 d'autres entreprises qui reconnaissent ce cookie. Dans la plupart des cas, les informations contenues dans un cookie sont pseudonymis\u00e9es et elles identifient votre appareil plut\u00f4t que vous en tant que personne.<\/p>\n\n\n\n<p>Lorsque et si des donn\u00e9es personnelles (par exemple, les param\u00e8tres de votre navigateur, votre adresse IP) sont collect\u00e9es par le biais de cookies, celles-ci sont trait\u00e9es conform\u00e9ment \u00e0 cet avis sur les cookies et \u00e0 notre <a href=\"\/fr\/privacy-notice-v1-1\/\"><strong><u>Avis de confidentialit\u00e9<\/u><\/strong>.<\/a><\/p>\n\n\n\n<p>Les donn\u00e9es collect\u00e9es via les cookies peuvent inclure vos\u00a0:<\/p>\n\n\n\n<ul class=\"wp-block-list\">\n<li>Donn\u00e9es relatives \u00e0 l'appareil (par exemple, si vous \u00eates sur un ordinateur de bureau ou un mobile, adresse MAC, adresse IP, version du syst\u00e8me d'exploitation, param\u00e8tres du navigateur).<\/li>\n\n\n\n<li>Donn\u00e9es de journal (par exemple, l'heure et la dur\u00e9e de votre utilisation en ligne, les liens sur lesquels vous cliquez, vos recherches et toute information stock\u00e9e dans les cookies qui peut identifier de mani\u00e8re unique votre navigateur ou votre compte (par exemple, les identificateurs d'utilisateur et de session).<\/li>\n\n\n\n<li>Les donn\u00e9es de localisation (par exemple, votre point d'entr\u00e9e particulier sur l'internet, qui peut \u00eatre utilis\u00e9 pour d\u00e9terminer approximativement votre position).<\/li>\n<\/ul>\n\n\n\n<p>Les cookies ont une date d'expiration. Par exemple, certains cookies sont automatiquement supprim\u00e9s lorsque vous fermez votre navigateur (appel\u00e9s cookies de session ou temporaires), tandis que d'autres peuvent rester sur votre appareil pendant une p\u00e9riode plus longue, parfois jusqu'\u00e0 ce que vous les supprimiez manuellement (appel\u00e9s cookies persistants ou permanents).<\/p>\n\n\n\n<p>Nous utilisons deux cookies persistants : le choix de la langue et le consentement aux cookies, comme indiqu\u00e9 dans le tableau des cookies ci-dessous.<\/p>\n\n\n\n<p>Nous utilisons quelques cookies aux fins ci-dessous\u00a0:<\/p>\n\n\n\n<ul class=\"wp-block-list\">\n<li>Assurer la s\u00e9curit\u00e9 des informations (par exemple, pour parer aux cyber-attaques, pour surveiller les performances).<\/li>\n\n\n\n<li>G\u00e9rer notre site web (par exemple, pour vous permettre d'acc\u00e9der au site web depuis votre appareil et pour m\u00e9moriser vos choix).<\/li>\n\n\n\n<li>Les cookies n\u00e9cessaires qui permettent au site de fonctionner correctement.<\/li>\n<\/ul>\n\n\n\n<p>Vous trouverez de plus amples informations sur les cookies \u00e0 l'adresse suivante\u00a0: <a href=\"https:\/\/www.youronlinechoices.eu\/\" target=\"_blank\" rel=\"noreferrer noopener\">www.youronlinechoices.eu.<\/a><\/p>\n<\/div>\n\t\t\n\t\t\t\n\t\t\n\t\t\t\n\t\t\n\t\t\t\n\t\t\n\t\t\t\n\t\t\n\t\t\t\n\t\t\n\t\t\t\n\t\t\n\t\t\t\n\t\t\n\t\t\t\n\t\t\n\t<\/div>\n\n<\/div><div  class=\"ewd-ufaq-faq-div ewd-ufaq-faq-column-count-one ewd-ufaq-faq-responsive-columns- ewd-ufaq-faq-display-style-default ewd-ufaq-can-be-toggled\" id='ewd-ufaq-post-5778-oUkb9oGrk4' data-post_id='5778'>\n\n\t\t\n\t<div class='ewd-ufaq-faq-title ewd-ufaq-faq-toggle'>\n\t\n\t<a class='ewd-ufaq-post-margin'  href='#' role=\"button\">\n\n\t\t<div class='ewd-ufaq-post-margin-symbol ewd-ufaq-'>\n\t\t\t<span >a<\/span>\n\t\t<\/div>\n\n\t\t<div class='ewd-ufaq-faq-title-text'>\n\n\t\t\t<h4>\n\t\t\t\t2. Glossaire\t\t\t<\/h4>\n\n\t\t<\/div>\n\n\t\t<div class='ewd-ufaq-clear'><\/div>\n\n\t<\/a>\n\t\n<\/div>\n\t\n\t<div class='ewd-ufaq-faq-body ewd-ufaq-hidden' >\n\n\t\t\n\t\t\t\n\t\t\n\t\t\t<div class='ewd-ufaq-post-margin ewd-ufaq-faq-post'>\n\t\n<figure class=\"wp-block-table\"><table><tbody><tr><td>IP pseudonymis\u00e9e<\/td><td>Une adresse IP pseudonymis\u00e9e est une adresse IP qui ne peut \u00eatre reli\u00e9e \u00e0 un individu ou \u00e0 un utilisateur. Elle est g\u00e9n\u00e9r\u00e9e en supprimant une partie des donn\u00e9es de l'adresse IP originale. Cette adresse peut \u00eatre g\u00e9olocalis\u00e9e \u00e0 une zone m\u00e9tropolitaine.<\/td><\/tr><tr><td>Identifiants d'utilisateur pseudonymis\u00e9s<\/td><td>Les identifiants d'utilisateur pseudonymis\u00e9s sont des combinaisons de chiffres et de lettres qui sont utilis\u00e9es pour reconna\u00eetre la m\u00eame combinaison navigateur\/appareil lorsqu'un site web est visit\u00e9 plusieurs fois.<\/td><\/tr><tr><td>Empreinte digitale de l'appareil<\/td><td>L'empreinte digitale d'un appareil est un type d'identifiant d'utilisateur g\u00e9n\u00e9r\u00e9 par une combinaison de d\u00e9tails sur le mat\u00e9riel et le logiciel utilis\u00e9s par un client.<\/td><\/tr><tr><td>Identifiants d'utilisateur crypt\u00e9s<\/td><td>Les identifiants d'utilisateur crypt\u00e9s sont des identifiants qui peuvent \u00eatre li\u00e9s \u00e0 un profil d'utilisateur sp\u00e9cifique. Ils sont crypt\u00e9s de mani\u00e8re \u00e0 ne pas \u00eatre reconnaissables et ne sont pas destin\u00e9s \u00e0 \u00eatre reli\u00e9s \u00e0 un client individuel.<\/td><\/tr><tr><td>Adresse IP<\/td><td>Une adresse IP est une adresse unique qui identifie l'appareil d'un client sur Internet. Les adresses IP sont importantes pour la s\u00e9curit\u00e9 et la pr\u00e9vention de la fraude.<\/td><\/tr><tr><td>Identifiants de session<\/td><td>Les identifiants de session sont des combinaisons de chiffres et de lettres utilis\u00e9es pour identifier une visite unique (session) sur une plateforme. Cela vous permet de faire des choses comme aller et venir dans le processus de r\u00e9servation sans avoir \u00e0 lancer une nouvelle recherche.<\/td><\/tr><tr><td>Comportement de l'utilisateur<\/td><td>Le comportement de l'utilisateur est constitu\u00e9 de donn\u00e9es g\u00e9n\u00e9r\u00e9es lorsqu'un client interagit avec nos plateformes, notamment les s\u00e9ries sp\u00e9cifiques d'\u00e9crans visit\u00e9s, les boutons ou \u00e9l\u00e9ments cliqu\u00e9s, les comportements de d\u00e9filement ou les mouvements de la souris.<\/td><\/tr><\/tbody><\/table><\/figure>\n<\/div>\n\t\t\n\t\t\t\n\t\t\n\t\t\t\n\t\t\n\t\t\t\n\t\t\n\t\t\t\n\t\t\n\t\t\t\n\t\t\n\t\t\t\n\t\t\n\t\t\t\n\t\t\n\t\t\t\n\t\t\n\t<\/div>\n\n<\/div><div  class=\"ewd-ufaq-faq-div ewd-ufaq-faq-column-count-one ewd-ufaq-faq-responsive-columns- ewd-ufaq-faq-display-style-default ewd-ufaq-can-be-toggled\" id='ewd-ufaq-post-5779-kRavkMwVTs' data-post_id='5779'>\n\n\t\t\n\t<div class='ewd-ufaq-faq-title ewd-ufaq-faq-toggle'>\n\t\n\t<a class='ewd-ufaq-post-margin'  href='#' role=\"button\">\n\n\t\t<div class='ewd-ufaq-post-margin-symbol ewd-ufaq-'>\n\t\t\t<span >a<\/span>\n\t\t<\/div>\n\n\t\t<div class='ewd-ufaq-faq-title-text'>\n\n\t\t\t<h4>\n\t\t\t\t3. Param\u00e8tres des cookies\t\t\t<\/h4>\n\n\t\t<\/div>\n\n\t\t<div class='ewd-ufaq-clear'><\/div>\n\n\t<\/a>\n\t\n<\/div>\n\t\n\t<div class='ewd-ufaq-faq-body ewd-ufaq-hidden' >\n\n\t\t\n\t\t\t\n\t\t\n\t\t\t<div class='ewd-ufaq-post-margin ewd-ufaq-faq-post'>\n\t\n<p>Vous pouvez d\u00e9cider vous-m\u00eame si nous sommes autoris\u00e9s \u00e0 enregistrer des cookies sur votre appareil ou non. Si vous s\u00e9lectionnez vos pr\u00e9f\u00e9rences sur le site <a href=\"https:\/\/www.prime-posts.com\">https:\/\/www.prime-posts.com<\/a>, cette pr\u00e9f\u00e9rence s'applique alors \u00e0 cette adresse et \u00e0 toutes les sous-pages. Si vous utilisez plusieurs navigateurs (par exemple, Internet Explorer, Safari, Chrome), vous devez s\u00e9lectionner une pr\u00e9f\u00e9rence pour chaque navigateur s\u00e9par\u00e9ment et pour chacun des appareils que vous pourriez utiliser.<\/p>\n\n\n\n<p><strong>Gestionnaire de consentement<\/strong><\/p>\n\n\n\n<p>L'IPC vous propose un gestionnaire de consentement sous la forme d'une fen\u00eatre contextuelle lors de votre premi\u00e8re visite sur notre plateforme. Dans ce gestionnaire de consentement, vous pouvez s\u00e9lectionner la cat\u00e9gorie de cookies que vous souhaitez accepter. Vous pouvez revenir sur vos choix \u00e0 tout moment en cliquant sur le petit triangle en bas \u00e0 gauche de la plateforme. Une modification de vos param\u00e8tres ne supprimera pas automatiquement les cookies d\u00e9j\u00e0 plac\u00e9s. Pour ce faire, suivez les instructions d\u00e9crites ci-dessous.<\/p>\n\n\n\n<p><strong>Param\u00e8tres du navigateur<\/strong><\/p>\n\n\n\n<p>Veuillez consulter le site <a href=\"https:\/\/www.aboutcookies.org\/\">https:\/\/www.aboutcookies.org\/<\/a> pour savoir comment g\u00e9rer les param\u00e8tres des cookies de votre navigateur.<\/p>\n\n\n\n<p>Bloqueurs de cookies<\/p>\n\n\n\n<p>Vous pouvez \u00e9galement utiliser des bloqueurs de cookies tels que \"DoNotTrackMe\".<\/p>\n\n\n\n<p>Veuillez noter que, si vous refusez les cookies sur le site web, certaines fonctions peuvent \u00eatre limit\u00e9es ou indisponibles.<\/p>\n\n\n\n<p>Cat\u00e9gories de cookies<\/p>\n\n\n\n<p><strong>Cookies n\u00e9cessaires et fonctionnels<\/strong><\/p>\n\n\n\n<p>Les cookies n\u00e9cessaires sont activ\u00e9s pour les services que vous avez demand\u00e9s.<\/p>\n\n\n\n<p>Les cookies fonctionnels sont utilis\u00e9s pour g\u00e9rer la plateforme. Ils permettent un bon fonctionnement, par exemple en fournissant les r\u00e9ponses correctes \u00e0 vos demandes et en assurant des fonctions de s\u00e9curit\u00e9, comme \u00e9viter toute utilisation malveillante du site web.<\/p>\n\n\n\n<p>Les cookies fonctionnels et n\u00e9cessaires ne peuvent pas \u00eatre d\u00e9sactiv\u00e9s mais vous pouvez les supprimer.<\/p>\n\n\n\n<p>Le traitement des donn\u00e9es collect\u00e9es par ces cookies est fond\u00e9 sur notre int\u00e9r\u00eat l\u00e9gitime (vous fournir les services auxquels vous avez souscrit et s\u00e9curiser le service).<\/p>\n\n\n\n<p>Nous avons d\u00e9ploy\u00e9 les cookies n\u00e9cessaires et fonctionnels suivants sur notre site web\u00a0:<\/p>\n\n\n\n<figure class=\"wp-block-table\"><table><tbody><tr><td><strong>Nom du cookie<\/strong> <strong><br>(Lifespan)<\/strong><strong><\/strong><\/td><td><strong>Fournisseur<\/strong><strong><\/strong><\/td><td><strong>Objectif<\/strong><strong><\/strong><\/td><\/tr><tr><td>wordpress_sec_ (session)<\/td><td>WordPress<\/td><td>Ce cookie est utilis\u00e9 pour stocker vos donn\u00e9es d'authentification.<\/td><\/tr><tr><td>wpe-auth (session)<\/td><td>WordPress<\/td><td>Cookie pour WP Engine pour indiquer si l'utilisateur admin a acc\u00e8s aux options WP Engine accessibles par le backend de WP.<\/td><\/tr><tr><td>wordpress_logged_in_ (session)<\/td><td>WordPress<\/td><td>Apr\u00e8s la connexion, WordPress d\u00e9finit le cookie wordpress_logged_in_[hash]. Il indique quand vous \u00eates connect\u00e9 et qui vous \u00eates.<\/td><\/tr><tr><td>wordpress_test_cookie (session)<\/td><td>WordPress<\/td><td>Cookie permettant de v\u00e9rifier si les cookies sont activ\u00e9s sur le navigateur afin de fournir une exp\u00e9rience utilisateur appropri\u00e9e aux utilisateurs. Ce cookie est utilis\u00e9 sur le front-end, m\u00eame si vous n'\u00eates pas connect\u00e9.<\/td><\/tr><tr><td>wp-wpml_current_language (12 mois)<\/td><td>WordPress<\/td><td>Le plugin multilingue pour les sites WordPress permettant de stocker le choix de la langue pour les utilisateurs non connect\u00e9s.<\/td><\/tr><tr><td>opt_in_consent (90 jours)<\/td><td>Contr\u00f4le des cookies de Civic<\/td><td>Le contr\u00f4le des cookies vise \u00e0 emp\u00eacher que des cookies soient plac\u00e9s sur l'ordinateur d'un utilisateur tant que celui-ci n'a pas donn\u00e9 son consentement explicite par un acte affirmatif. Gr\u00e2ce \u00e0 une ic\u00f4ne reconnaissable et toujours pr\u00e9sente, les utilisateurs peuvent facilement g\u00e9rer leur consentement \u00e0 tout moment.<\/td><\/tr><tr><td>__cf_bm (session)<\/td><td><a href=\"https:\/\/cookiedatabase.org\/service\/cloudflare\/\">CloudFlare<\/a> \u00a0<\/td><td>Ce cookie est utilis\u00e9 pour distinguer les humains des robots. Cela est b\u00e9n\u00e9fique pour le site web, afin d'\u00e9tablir des rapports valables sur l'utilisation du site web de Vimeo. Ce cookie est utilis\u00e9 pour acc\u00e9der aux vid\u00e9os sur les services Vimeo.<\/td><\/tr><\/tbody><\/table><\/figure>\n\n\n\n<p><strong>Cookies statistiques, analytiques ou publicitaires<\/strong><\/p>\n\n\n\n<p>Nous n'utilisons pas de cookies statistiques, analytiques ou publicitaires.<\/p>\n<\/div>\n\t\t\n\t\t\t\n\t\t\n\t\t\t\n\t\t\n\t\t\t\n\t\t\n\t\t\t\n\t\t\n\t\t\t\n\t\t\n\t\t\t\n\t\t\n\t\t\t\n\t\t\n\t\t\t\n\t\t\n\t<\/div>\n\n<\/div>\n\t<\/div>\n\n\t\n<\/div>\n\n\n\n<h2 class=\"wp-block-heading\"><strong>Modifications de l'avis sur les cookies<\/strong><\/h2>\n\n\n\n<p>Nous mettons \u00e0 jour notre avis sur les cookies p\u00e9riodiquement, la derni\u00e8re version \u00e9tant toujours disponible via nos sites web, avec la date de publication clairement indiqu\u00e9e. Veuillez la consulter r\u00e9guli\u00e8rement afin de prendre connaissance de la derni\u00e8re version.<\/p>\n\n\n\n<h2 class=\"wp-block-heading\"><strong>Des questions&nbsp;?<\/strong><\/h2>\n\n\n\n<p>Pour plus d'informations sur les cookies, veuillez contacter le d\u00e9l\u00e9gu\u00e9 \u00e0 la protection des donn\u00e9es \u00e0 l'adresse suivante&nbsp;<a href=\"mailto:dpo@ipc.be\">dpo@ipc.be<\/a>.<\/p>\n\n\n\n<p><em><em>Derni\u00e8re mise \u00e0 jour&nbsp;: 22.06.2022.<\/em><\/em><\/p>\n\n\n\n<p><\/p>\n","protected":false},"excerpt":{"rendered":"<p>A 3. Param\u00e8tres des cookies Vous pouvez d\u00e9cider vous-m\u00eame si nous sommes autoris\u00e9s \u00e0 enregistrer des [&hellip;]<\/p>\n","protected":false},"author":1,"featured_media":0,"parent":0,"menu_order":14,"comment_status":"closed","ping_status":"closed","template":"","meta":{"footnotes":""},"class_list":["post-5757","page","type-page","status-publish","hentry",""],"acf":[],"yoast_head":"<!-- This site is optimized with the Yoast SEO plugin v26.6 - https:\/\/yoast.com\/wordpress\/plugins\/seo\/ -->\n<title>Politique en mati\u00e8re de cookies - PRIME<\/title>\n<meta name=\"robots\" content=\"index, follow, max-snippet:-1, max-image-preview:large, max-video-preview:-1\" \/>\n<link rel=\"canonical\" href=\"https:\/\/prime-posts.com\/fr\/cookie-policy\/\" \/>\n<meta property=\"og:locale\" content=\"fr_FR\" \/>\n<meta property=\"og:type\" content=\"article\" \/>\n<meta property=\"og:title\" content=\"Politique en mati\u00e8re de cookies - PRIME\" \/>\n<meta property=\"og:description\" content=\"A 3. Param\u00e8tres des cookies Vous pouvez d\u00e9cider vous-m\u00eame si nous sommes autoris\u00e9s \u00e0 enregistrer des [&hellip;]\" \/>\n<meta property=\"og:url\" content=\"https:\/\/prime-posts.com\/fr\/cookie-policy\/\" \/>\n<meta property=\"og:site_name\" content=\"PRIME\" \/>\n<meta property=\"article:modified_time\" content=\"2023-02-22T23:33:39+00:00\" \/>\n<meta name=\"twitter:card\" content=\"summary_large_image\" \/>\n<meta name=\"twitter:label1\" content=\"Dur\u00e9e de lecture estim\u00e9e\" \/>\n\t<meta name=\"twitter:data1\" content=\"1 minute\" \/>\n<script type=\"application\/ld+json\" class=\"yoast-schema-graph\">{\"@context\":\"https:\/\/schema.org\",\"@graph\":[{\"@type\":\"WebPage\",\"@id\":\"https:\/\/prime-posts.com\/fr\/cookie-policy\/\",\"url\":\"https:\/\/prime-posts.com\/fr\/cookie-policy\/\",\"name\":\"Politique en mati\u00e8re de cookies - PRIME\",\"isPartOf\":{\"@id\":\"https:\/\/prime-posts.com\/#website\"},\"datePublished\":\"2022-06-30T03:10:49+00:00\",\"dateModified\":\"2023-02-22T23:33:39+00:00\",\"inLanguage\":\"fr-FR\",\"potentialAction\":[{\"@type\":\"ReadAction\",\"target\":[\"https:\/\/prime-posts.com\/fr\/cookie-policy\/\"]}]},{\"@type\":\"WebSite\",\"@id\":\"https:\/\/prime-posts.com\/#website\",\"url\":\"https:\/\/prime-posts.com\/\",\"name\":\"PRIME\",\"description\":\"Delivering the future in tracked packets\",\"publisher\":{\"@id\":\"https:\/\/prime-posts.com\/#organization\"},\"potentialAction\":[{\"@type\":\"SearchAction\",\"target\":{\"@type\":\"EntryPoint\",\"urlTemplate\":\"https:\/\/prime-posts.com\/?s={search_term_string}\"},\"query-input\":{\"@type\":\"PropertyValueSpecification\",\"valueRequired\":true,\"valueName\":\"search_term_string\"}}],\"inLanguage\":\"fr-FR\"},{\"@type\":\"Organization\",\"@id\":\"https:\/\/prime-posts.com\/#organization\",\"name\":\"PRIME\",\"url\":\"https:\/\/prime-posts.com\/\",\"logo\":{\"@type\":\"ImageObject\",\"inLanguage\":\"fr-FR\",\"@id\":\"https:\/\/prime-posts.com\/#\/schema\/logo\/image\/\",\"url\":\"http:\/\/prime-posts.test\/wp-content\/uploads\/2021\/11\/prime-logo@2x.png\",\"contentUrl\":\"http:\/\/prime-posts.test\/wp-content\/uploads\/2021\/11\/prime-logo@2x.png\",\"width\":1060,\"height\":218,\"caption\":\"PRIME\"},\"image\":{\"@id\":\"https:\/\/prime-posts.com\/#\/schema\/logo\/image\/\"},\"sameAs\":[\"https:\/\/www.linkedin.com\/company\/prime-posts\",\"https:\/\/www.youtube.com\/channel\/UCLldkKJXxRSKqAtq9ZgiPaQ\"]}]}<\/script>\n<!-- \/ Yoast SEO plugin. -->","yoast_head_json":{"title":"Politique en mati\u00e8re de cookies - PRIME","robots":{"index":"index","follow":"follow","max-snippet":"max-snippet:-1","max-image-preview":"max-image-preview:large","max-video-preview":"max-video-preview:-1"},"canonical":"https:\/\/prime-posts.com\/fr\/cookie-policy\/","og_locale":"fr_FR","og_type":"article","og_title":"Politique en mati\u00e8re de cookies - PRIME","og_description":"A 3. Param\u00e8tres des cookies Vous pouvez d\u00e9cider vous-m\u00eame si nous sommes autoris\u00e9s \u00e0 enregistrer des [&hellip;]","og_url":"https:\/\/prime-posts.com\/fr\/cookie-policy\/","og_site_name":"PRIME","article_modified_time":"2023-02-22T23:33:39+00:00","twitter_card":"summary_large_image","twitter_misc":{"Dur\u00e9e de lecture estim\u00e9e":"1 minute"},"schema":{"@context":"https:\/\/schema.org","@graph":[{"@type":"WebPage","@id":"https:\/\/prime-posts.com\/fr\/cookie-policy\/","url":"https:\/\/prime-posts.com\/fr\/cookie-policy\/","name":"Politique en mati\u00e8re de cookies - PRIME","isPartOf":{"@id":"https:\/\/prime-posts.com\/#website"},"datePublished":"2022-06-30T03:10:49+00:00","dateModified":"2023-02-22T23:33:39+00:00","inLanguage":"fr-FR","potentialAction":[{"@type":"ReadAction","target":["https:\/\/prime-posts.com\/fr\/cookie-policy\/"]}]},{"@type":"WebSite","@id":"https:\/\/prime-posts.com\/#website","url":"https:\/\/prime-posts.com\/","name":"PRIME","description":"Delivering the future in tracked packets","publisher":{"@id":"https:\/\/prime-posts.com\/#organization"},"potentialAction":[{"@type":"SearchAction","target":{"@type":"EntryPoint","urlTemplate":"https:\/\/prime-posts.com\/?s={search_term_string}"},"query-input":{"@type":"PropertyValueSpecification","valueRequired":true,"valueName":"search_term_string"}}],"inLanguage":"fr-FR"},{"@type":"Organization","@id":"https:\/\/prime-posts.com\/#organization","name":"PRIME","url":"https:\/\/prime-posts.com\/","logo":{"@type":"ImageObject","inLanguage":"fr-FR","@id":"https:\/\/prime-posts.com\/#\/schema\/logo\/image\/","url":"http:\/\/prime-posts.test\/wp-content\/uploads\/2021\/11\/prime-logo@2x.png","contentUrl":"http:\/\/prime-posts.test\/wp-content\/uploads\/2021\/11\/prime-logo@2x.png","width":1060,"height":218,"caption":"PRIME"},"image":{"@id":"https:\/\/prime-posts.com\/#\/schema\/logo\/image\/"},"sameAs":["https:\/\/www.linkedin.com\/company\/prime-posts","https:\/\/www.youtube.com\/channel\/UCLldkKJXxRSKqAtq9ZgiPaQ"]}]}},"_links":{"self":[{"href":"https:\/\/prime-posts.com\/fr\/wp-json\/wp\/v2\/pages\/5757","targetHints":{"allow":["GET"]}}],"collection":[{"href":"https:\/\/prime-posts.com\/fr\/wp-json\/wp\/v2\/pages"}],"about":[{"href":"https:\/\/prime-posts.com\/fr\/wp-json\/wp\/v2\/types\/page"}],"author":[{"embeddable":true,"href":"https:\/\/prime-posts.com\/fr\/wp-json\/wp\/v2\/users\/1"}],"replies":[{"embeddable":true,"href":"https:\/\/prime-posts.com\/fr\/wp-json\/wp\/v2\/comments?post=5757"}],"version-history":[{"count":0,"href":"https:\/\/prime-posts.com\/fr\/wp-json\/wp\/v2\/pages\/5757\/revisions"}],"wp:attachment":[{"href":"https:\/\/prime-posts.com\/fr\/wp-json\/wp\/v2\/media?parent=5757"}],"curies":[{"name":"wp","href":"https:\/\/api.w.org\/{rel}","templated":true}]}}