{"id":4317,"date":"2021-10-07T15:17:09","date_gmt":"2021-10-07T14:17:09","guid":{"rendered":"https:\/\/testprimeposts.wpengine.com\/myprime-sign-up\/"},"modified":"2025-03-19T05:24:12","modified_gmt":"2025-03-19T05:24:12","slug":"myprime-sign-up","status":"publish","type":"page","link":"https:\/\/prime-posts.com\/fr\/myprime-sign-up\/","title":{"rendered":"Demander l&rsquo;acc\u00e8s \u00e0 MyPRIME"},"content":{"rendered":"\n<p>MyPRIME est une zone exclusive de ce site web r\u00e9serv\u00e9e aux membres, qui fournit des ressources et un soutien aux membres de PRIME.<\/p>\n\n\n\n<p>MyPRIME est r\u00e9serv\u00e9 aux membres de PRIME. Si vous \u00eates membre de PRIME et souhaitez acc\u00e9der \u00e0 MyPRIME, veuillez remplir le formulaire ci-dessous. Si vous n'\u00eates pas membre de PRIME, d\u00e9couvrez <a href=\"https:\/\/prime-posts.com\/fr\/join-us\/reasons-to-join\/\"><mark style=\"background-color:rgba(0, 0, 0, 0)\" class=\"has-inline-color has-red-color\">comment votre organisation postale d\u00e9sign\u00e9e peut b\u00e9n\u00e9ficier d'une adh\u00e9sion \u00e0 PRIME<\/mark><\/a>.<\/p>\n\n\n<form class=\"af-form acf-form\" method=\"POST\" action=\"https:\/\/prime-posts.com\/fr\/wp-json\/wp\/v2\/pages\/4317\" id=\"form_63f322ed41ccc\" data-key=\"form_63f322ed41ccc\" data-ajax=\"1\"><div class=\"af-fields acf-fields acf-form-fields -top\">\t<div id=\"acf-form-data\" class=\"acf-hidden\">\n\t\t<input type=\"hidden\" id=\"_acf_screen\" name=\"_acf_screen\" value=\"acf_form\"\/><input type=\"hidden\" id=\"_acf_post_id\" name=\"_acf_post_id\" value=\"0\"\/><input type=\"hidden\" id=\"_acf_validation\" name=\"_acf_validation\" value=\"1\"\/><input type=\"hidden\" id=\"_acf_form\" name=\"_acf_form\" value=\"0\"\/><input type=\"hidden\" id=\"_acf_nonce\" name=\"_acf_nonce\" value=\"c0ed0b9d50\"\/><input type=\"hidden\" id=\"_acf_changed\" name=\"_acf_changed\" value=\"0\"\/>\t<\/div>\n\t<div class=\"acf-hidden\"><input type=\"hidden\" name=\"_acfnonce\" value=\"240ca437dc\"><input type=\"hidden\" name=\"nonce\" value=\"240ca437dc\"><input type=\"hidden\" name=\"af_form\" value=\"form_63f322ed41ccc\"><input type=\"hidden\" name=\"af_form_args\" value=\"eyJhamF4IjoiMSIsImRpc3BsYXlfdGl0bGUiOmZhbHNlLCJkaXNwbGF5X2Rlc2NyaXB0aW9uIjpmYWxzZSwiaWQiOiJmb3JtXzYzZjMyMmVkNDFjY2MiLCJ2YWx1ZXMiOltdLCJzdWJtaXRfdGV4dCI6IkRlbWFuZGVyIHVuIGNvbXB0ZSIsInJlZGlyZWN0IjpudWxsLCJ0YXJnZXQiOiJodHRwczpcL1wvcHJpbWUtcG9zdHMuY29tXC9mclwvd3AtanNvblwvd3BcL3YyXC9wYWdlc1wvNDMxNyIsImVjaG8iOnRydWUsImV4Y2x1ZGVfZmllbGRzIjpbXSwidXBsb2FkZXIiOiJ3cCIsImZpbHRlcl9tb2RlIjpmYWxzZSwibGFiZWxfcGxhY2VtZW50IjoidG9wIiwiaW5zdHJ1Y3Rpb25fcGxhY2VtZW50IjoibGFiZWwiLCJob25leXBvdCI6dHJ1ZX0=\"><input type=\"hidden\" name=\"_acf_form\" value=\"eyJhamF4IjoiMSIsImRpc3BsYXlfdGl0bGUiOmZhbHNlLCJkaXNwbGF5X2Rlc2NyaXB0aW9uIjpmYWxzZSwiaWQiOiJmb3JtXzYzZjMyMmVkNDFjY2MiLCJ2YWx1ZXMiOltdLCJzdWJtaXRfdGV4dCI6IkRlbWFuZGVyIHVuIGNvbXB0ZSIsInJlZGlyZWN0IjpudWxsLCJ0YXJnZXQiOiJodHRwczpcL1wvcHJpbWUtcG9zdHMuY29tXC9mclwvd3AtanNvblwvd3BcL3YyXC9wYWdlc1wvNDMxNyIsImVjaG8iOnRydWUsImV4Y2x1ZGVfZmllbGRzIjpbXSwidXBsb2FkZXIiOiJ3cCIsImZpbHRlcl9tb2RlIjpmYWxzZSwibGFiZWxfcGxhY2VtZW50IjoidG9wIiwiaW5zdHJ1Y3Rpb25fcGxhY2VtZW50IjoibGFiZWwiLCJob25leXBvdCI6dHJ1ZX0=\"><input type=\"hidden\" name=\"af_form_nonce\" value=\"e1bc81d37b\"><input type=\"text\" name=\"email_for_non_humans\" tabindex=\"-1\" autocomplete=\"off\" \/><input type=\"hidden\" name=\"af_origin_url\" value=\"https:\/\/prime-posts.com\/fr\/wp-json\/wp\/v2\/pages\/4317\" \/><\/div><div class=\"field-column af-field af-field-type-text af-field-mpr-first-name acf-field acf-field-text acf-field-63f32330dbb41 af-field-required\" data-name=\"mpr_first_name\" data-key=\"field_63f32330dbb41\" data-type=\"text\"><div class=\"af-label acf-label\"><label for=\"acf-field_63f32330dbb41\">Pr\u00e9nom <span class=\"acf-required\">*<\/span><\/label><\/div><div class=\"af-input acf-input\"><div class=\"acf-input-wrap\"><input type=\"text\" id=\"acf-field_63f32330dbb41\" name=\"acf[field_63f32330dbb41]\" required=\"required\"\/><\/div><\/div><\/div><div class=\"field-column af-field af-field-type-text af-field-mpr-last-name acf-field acf-field-text acf-field-63f32330dbb8a af-field-required\" data-name=\"mpr_last_name\" data-key=\"field_63f32330dbb8a\" data-type=\"text\"><div class=\"af-label acf-label\"><label for=\"acf-field_63f32330dbb8a\">Nom de famille <span class=\"acf-required\">*<\/span><\/label><\/div><div class=\"af-input acf-input\"><div class=\"acf-input-wrap\"><input type=\"text\" id=\"acf-field_63f32330dbb8a\" name=\"acf[field_63f32330dbb8a]\" required=\"required\"\/><\/div><\/div><\/div><div class=\"field-column af-field af-field-type-text af-field-mpr-job-title acf-field acf-field-text acf-field-63f32330dbbd8 af-field-required\" data-name=\"mpr_job_title\" data-key=\"field_63f32330dbbd8\" data-type=\"text\"><div class=\"af-label acf-label\"><label for=\"acf-field_63f32330dbbd8\">Titre du poste <span class=\"acf-required\">*<\/span><\/label><\/div><div class=\"af-input acf-input\"><div class=\"acf-input-wrap\"><input type=\"text\" id=\"acf-field_63f32330dbbd8\" name=\"acf[field_63f32330dbbd8]\" required=\"required\"\/><\/div><\/div><\/div><div class=\"field-column af-field af-field-type-text af-field-mpr-organisation acf-field acf-field-text acf-field-63f32330dbc18 af-field-required\" data-name=\"mpr_organisation\" data-key=\"field_63f32330dbc18\" data-type=\"text\"><div class=\"af-label acf-label\"><label for=\"acf-field_63f32330dbc18\">Organisation <span class=\"acf-required\">*<\/span><\/label><\/div><div class=\"af-input acf-input\"><div class=\"acf-input-wrap\"><input type=\"text\" id=\"acf-field_63f32330dbc18\" name=\"acf[field_63f32330dbc18]\" required=\"required\"\/><\/div><\/div><\/div><div class=\"af-field af-field-type-email af-field-mpr-email acf-field acf-field-email acf-field-63f32330dbc5d af-field-required\" data-name=\"mpr_email\" data-key=\"field_63f32330dbc5d\" data-type=\"email\"><div class=\"af-label acf-label\"><label for=\"acf-field_63f32330dbc5d\">Courriel <span class=\"acf-required\">*<\/span><\/label><\/div><div class=\"af-input acf-input\"><div class=\"acf-input-wrap\"><input type=\"email\" id=\"acf-field_63f32330dbc5d\" name=\"acf[field_63f32330dbc5d]\" required=\"required\"\/><\/div><\/div><\/div><div class=\"af-field af-field-type-text af-field-mpr-phone acf-field acf-field-text acf-field-63f32330dbc99 af-field-required\" data-name=\"mpr_phone\" data-key=\"field_63f32330dbc99\" data-type=\"text\"><div class=\"af-label acf-label\"><label for=\"acf-field_63f32330dbc99\">T\u00e9l\u00e9phone <span class=\"acf-required\">*<\/span><\/label><\/div><div class=\"af-input acf-input\"><div class=\"acf-input-wrap\"><input type=\"text\" id=\"acf-field_63f32330dbc99\" name=\"acf[field_63f32330dbc99]\" required=\"required\"\/><\/div><\/div><\/div><div class=\"af-field af-field-type-text af-field-mpr-username acf-field acf-field-text acf-field-63f32330dbd00 af-field-required\" data-name=\"mpr_username\" data-key=\"field_63f32330dbd00\" data-type=\"text\"><div class=\"af-label acf-label\"><label for=\"acf-field_63f32330dbd00\">Nom d'utilisateur (alphanum\u00e9rique minuscule) <span class=\"acf-required\">*<\/span><\/label><\/div><div class=\"af-input acf-input\"><div class=\"acf-input-wrap\"><input type=\"text\" id=\"acf-field_63f32330dbd00\" name=\"acf[field_63f32330dbd00]\" required=\"required\"\/><\/div><\/div><\/div><div class=\"af-submit acf-form-submit\"><button type=\"submit\" class=\"acf-button af-submit-button\">Demander un compte<\/button><span class=\"acf-spinner af-spinner\"><\/span><\/div><\/div><\/form>\n\n\n\n<h2 class=\"wp-block-heading is-style-display-bold\">Vous \u00eates d\u00e9j\u00e0 membre ?<\/h2>\n\n\n\n<div class=\"block-member-login\">\n\t<h2 class=\"block-member-login__heading\">Connexion des membres<\/h2>\n\t<form name=\"loginform\" id=\"loginform\" action=\"\/wp-login.php?wpe-login=true\" method=\"post\"><p class=\"login-username\">\n\t\t\t\t<label for=\"user_login\">Nom d&#039;utilisateur ou adresse e-mail<\/label>\n\t\t\t\t<input type=\"text\" name=\"log\" id=\"user_login\" autocomplete=\"username  asd \" class=\"input\" value=\"\" size=\"20\" \/>\n\t\t\t<\/p><p class=\"login-password\">\n\t\t\t\t<label for=\"user_pass\">Mot de passe<\/label>\n\t\t\t\t<input type=\"password\" name=\"pwd\" id=\"user_pass\" autocomplete=\"current-password\" spellcheck=\"false\" class=\"input\" value=\"\" size=\"20\" \/>\n\t\t\t<\/p><p><a href=\"\/wp-login.php?action=lostpassword\">Vous avez oubli\u00e9 votre mot de passe ?<\/a><p class=\"login-remember\"><label><input name=\"rememberme\" type=\"checkbox\" id=\"rememberme\" value=\"forever\" \/> Se souvenir de moi<\/label><\/p><p class=\"login-submit\">\n\t\t\t\t<input type=\"submit\" name=\"wp-submit\" id=\"wp-submit\" class=\"button button-primary\" value=\"Me connecter\" \/>\n\t\t\t\t<input type=\"hidden\" name=\"redirect_to\" value=\"https:\/\/prime-posts.com\/myprime\/\" \/>\n\t\t\t<\/p><\/form><\/div><!-- \/.block-member-login -->\n\n\n\n<p><\/p>\n","protected":false},"excerpt":{"rendered":"<p>MyPRIME est une zone exclusive de ce site web r\u00e9serv\u00e9e aux membres, qui fournit des ressources [&hellip;]<\/p>\n","protected":false},"author":1,"featured_media":0,"parent":0,"menu_order":88,"comment_status":"closed","ping_status":"closed","template":"","meta":{"footnotes":""},"class_list":["post-4317","page","type-page","status-publish","hentry",""],"acf":[],"yoast_head":"<!-- This site is optimized with the Yoast SEO plugin v26.6 - https:\/\/yoast.com\/wordpress\/plugins\/seo\/ -->\n<title>Demander l&#039;acc\u00e8s \u00e0 MyPRIME - PRIME<\/title>\n<meta name=\"robots\" content=\"index, follow, max-snippet:-1, max-image-preview:large, max-video-preview:-1\" \/>\n<link rel=\"canonical\" href=\"https:\/\/prime-posts.com\/fr\/myprime-sign-up\/\" \/>\n<meta property=\"og:locale\" content=\"fr_FR\" \/>\n<meta property=\"og:type\" content=\"article\" \/>\n<meta property=\"og:title\" content=\"Demander l&#039;acc\u00e8s \u00e0 MyPRIME - PRIME\" \/>\n<meta property=\"og:description\" content=\"MyPRIME est une zone exclusive de ce site web r\u00e9serv\u00e9e aux membres, qui fournit des ressources [&hellip;]\" \/>\n<meta property=\"og:url\" content=\"https:\/\/prime-posts.com\/fr\/myprime-sign-up\/\" \/>\n<meta property=\"og:site_name\" content=\"PRIME\" \/>\n<meta property=\"article:modified_time\" content=\"2025-03-19T05:24:12+00:00\" \/>\n<meta name=\"twitter:card\" content=\"summary_large_image\" \/>\n<meta name=\"twitter:label1\" content=\"Dur\u00e9e de lecture estim\u00e9e\" \/>\n\t<meta name=\"twitter:data1\" content=\"1 minute\" \/>\n<script type=\"application\/ld+json\" class=\"yoast-schema-graph\">{\"@context\":\"https:\/\/schema.org\",\"@graph\":[{\"@type\":\"WebPage\",\"@id\":\"https:\/\/prime-posts.com\/fr\/myprime-sign-up\/\",\"url\":\"https:\/\/prime-posts.com\/fr\/myprime-sign-up\/\",\"name\":\"Demander l'acc\u00e8s \u00e0 MyPRIME - PRIME\",\"isPartOf\":{\"@id\":\"https:\/\/prime-posts.com\/#website\"},\"datePublished\":\"2021-10-07T14:17:09+00:00\",\"dateModified\":\"2025-03-19T05:24:12+00:00\",\"inLanguage\":\"fr-FR\",\"potentialAction\":[{\"@type\":\"ReadAction\",\"target\":[\"https:\/\/prime-posts.com\/fr\/myprime-sign-up\/\"]}]},{\"@type\":\"WebSite\",\"@id\":\"https:\/\/prime-posts.com\/#website\",\"url\":\"https:\/\/prime-posts.com\/\",\"name\":\"PRIME\",\"description\":\"Delivering the future in tracked packets\",\"publisher\":{\"@id\":\"https:\/\/prime-posts.com\/#organization\"},\"potentialAction\":[{\"@type\":\"SearchAction\",\"target\":{\"@type\":\"EntryPoint\",\"urlTemplate\":\"https:\/\/prime-posts.com\/?s={search_term_string}\"},\"query-input\":{\"@type\":\"PropertyValueSpecification\",\"valueRequired\":true,\"valueName\":\"search_term_string\"}}],\"inLanguage\":\"fr-FR\"},{\"@type\":\"Organization\",\"@id\":\"https:\/\/prime-posts.com\/#organization\",\"name\":\"PRIME\",\"url\":\"https:\/\/prime-posts.com\/\",\"logo\":{\"@type\":\"ImageObject\",\"inLanguage\":\"fr-FR\",\"@id\":\"https:\/\/prime-posts.com\/#\/schema\/logo\/image\/\",\"url\":\"http:\/\/prime-posts.test\/wp-content\/uploads\/2021\/11\/prime-logo@2x.png\",\"contentUrl\":\"http:\/\/prime-posts.test\/wp-content\/uploads\/2021\/11\/prime-logo@2x.png\",\"width\":1060,\"height\":218,\"caption\":\"PRIME\"},\"image\":{\"@id\":\"https:\/\/prime-posts.com\/#\/schema\/logo\/image\/\"},\"sameAs\":[\"https:\/\/www.linkedin.com\/company\/prime-posts\",\"https:\/\/www.youtube.com\/channel\/UCLldkKJXxRSKqAtq9ZgiPaQ\"]}]}<\/script>\n<!-- \/ Yoast SEO plugin. -->","yoast_head_json":{"title":"Demander l'acc\u00e8s \u00e0 MyPRIME - PRIME","robots":{"index":"index","follow":"follow","max-snippet":"max-snippet:-1","max-image-preview":"max-image-preview:large","max-video-preview":"max-video-preview:-1"},"canonical":"https:\/\/prime-posts.com\/fr\/myprime-sign-up\/","og_locale":"fr_FR","og_type":"article","og_title":"Demander l'acc\u00e8s \u00e0 MyPRIME - PRIME","og_description":"MyPRIME est une zone exclusive de ce site web r\u00e9serv\u00e9e aux membres, qui fournit des ressources [&hellip;]","og_url":"https:\/\/prime-posts.com\/fr\/myprime-sign-up\/","og_site_name":"PRIME","article_modified_time":"2025-03-19T05:24:12+00:00","twitter_card":"summary_large_image","twitter_misc":{"Dur\u00e9e de lecture estim\u00e9e":"1 minute"},"schema":{"@context":"https:\/\/schema.org","@graph":[{"@type":"WebPage","@id":"https:\/\/prime-posts.com\/fr\/myprime-sign-up\/","url":"https:\/\/prime-posts.com\/fr\/myprime-sign-up\/","name":"Demander l'acc\u00e8s \u00e0 MyPRIME - PRIME","isPartOf":{"@id":"https:\/\/prime-posts.com\/#website"},"datePublished":"2021-10-07T14:17:09+00:00","dateModified":"2025-03-19T05:24:12+00:00","inLanguage":"fr-FR","potentialAction":[{"@type":"ReadAction","target":["https:\/\/prime-posts.com\/fr\/myprime-sign-up\/"]}]},{"@type":"WebSite","@id":"https:\/\/prime-posts.com\/#website","url":"https:\/\/prime-posts.com\/","name":"PRIME","description":"Delivering the future in tracked packets","publisher":{"@id":"https:\/\/prime-posts.com\/#organization"},"potentialAction":[{"@type":"SearchAction","target":{"@type":"EntryPoint","urlTemplate":"https:\/\/prime-posts.com\/?s={search_term_string}"},"query-input":{"@type":"PropertyValueSpecification","valueRequired":true,"valueName":"search_term_string"}}],"inLanguage":"fr-FR"},{"@type":"Organization","@id":"https:\/\/prime-posts.com\/#organization","name":"PRIME","url":"https:\/\/prime-posts.com\/","logo":{"@type":"ImageObject","inLanguage":"fr-FR","@id":"https:\/\/prime-posts.com\/#\/schema\/logo\/image\/","url":"http:\/\/prime-posts.test\/wp-content\/uploads\/2021\/11\/prime-logo@2x.png","contentUrl":"http:\/\/prime-posts.test\/wp-content\/uploads\/2021\/11\/prime-logo@2x.png","width":1060,"height":218,"caption":"PRIME"},"image":{"@id":"https:\/\/prime-posts.com\/#\/schema\/logo\/image\/"},"sameAs":["https:\/\/www.linkedin.com\/company\/prime-posts","https:\/\/www.youtube.com\/channel\/UCLldkKJXxRSKqAtq9ZgiPaQ"]}]}},"_links":{"self":[{"href":"https:\/\/prime-posts.com\/fr\/wp-json\/wp\/v2\/pages\/4317","targetHints":{"allow":["GET"]}}],"collection":[{"href":"https:\/\/prime-posts.com\/fr\/wp-json\/wp\/v2\/pages"}],"about":[{"href":"https:\/\/prime-posts.com\/fr\/wp-json\/wp\/v2\/types\/page"}],"author":[{"embeddable":true,"href":"https:\/\/prime-posts.com\/fr\/wp-json\/wp\/v2\/users\/1"}],"replies":[{"embeddable":true,"href":"https:\/\/prime-posts.com\/fr\/wp-json\/wp\/v2\/comments?post=4317"}],"version-history":[{"count":0,"href":"https:\/\/prime-posts.com\/fr\/wp-json\/wp\/v2\/pages\/4317\/revisions"}],"wp:attachment":[{"href":"https:\/\/prime-posts.com\/fr\/wp-json\/wp\/v2\/media?parent=4317"}],"curies":[{"name":"wp","href":"https:\/\/api.w.org\/{rel}","templated":true}]}}