{"id":4309,"date":"2021-05-06T13:08:43","date_gmt":"2021-05-06T12:08:43","guid":{"rendered":"https:\/\/testprimeposts.wpengine.com\/terms-conditions\/"},"modified":"2023-02-22T23:37:20","modified_gmt":"2023-02-22T23:37:20","slug":"terms-conditions","status":"publish","type":"page","link":"https:\/\/prime-posts.com\/fr\/terms-conditions\/","title":{"rendered":"Conditions g\u00e9n\u00e9rales d&rsquo;utilisation"},"content":{"rendered":"\n<p>L'acc\u00e8s \u00e0 ce site et l'utilisation des informations qu'il contient sont r\u00e9gis par les termes et conditions \u00e9nonc\u00e9s ci-dessous. \u00c9tant donn\u00e9 qu'elles sont destin\u00e9es \u00e0 votre protection et \u00e0 celle de PRIME (si\u00e8ge administratif \u00e0 International Post Corporation, Avenue du Bourget 44, 1130 Bruxelles, Belgique) (ci-apr\u00e8s d\u00e9nomm\u00e9e \"PRIME\"), veuillez prendre le temps de les lire attentivement. En utilisant ce Site Internet, vous serez r\u00e9put\u00e9 avoir accept\u00e9 ces conditions g\u00e9n\u00e9rales d'utilisation. Veuillez noter que ce Site est d\u00e9tenu et exploit\u00e9 par PRIME et que les r\u00e9f\u00e9rences \u00e0 \"nous\", \"notre\" et \"nos\" d\u00e9signent PRIME.<\/p>\n\n\n\n<ol class=\"wp-block-list\">\n<li>Les droits d'auteur de ce site et les informations qui y figurent nous appartiennent ou appartiennent \u00e0 nos conc\u00e9dants de licence et ne peuvent \u00eatre copi\u00e9s, transmis ou reproduits sans notre consentement pr\u00e9alable. Tous les avis relatifs aux droits d'auteur, aux marques et aux autres droits de propri\u00e9t\u00e9 doivent \u00eatre laiss\u00e9s intacts.<br> Sauf indication contraire, le contenu de toutes les pages de ce site est la propri\u00e9t\u00e9 de PRIME ou de ses conc\u00e9dants.\n<ol class=\"is-style-roman wp-block-list\">\n<li>La reproduction d'une partie ou de la totalit\u00e9 du contenu des pages sous quelque forme que ce soit est interdite, sauf conform\u00e9ment aux autorisations suivantes. Une licence non exclusive et non transf\u00e9rable vous est accord\u00e9e dans le seul but d'utiliser ce site et les services disponibles sur ce site. Vous \u00eates autoris\u00e9 \u00e0 faire une copie transitoire, stock\u00e9e \u00e9lectroniquement, de ces pages de ce site dans le but exclusif de les consulter en ligne. Vous pouvez faire une copie papier de ces pages \u00e0 des fins exclusivement non commerciales.<\/li>\n\n\n\n<li>Sauf indication contraire, le ou les auteurs des \u0153uvres litt\u00e9raires et artistiques figurant sur les pages de ce site ont fait valoir leurs droits moraux pour \u00eatre identifi\u00e9s comme les auteurs de ces \u0153uvres.<\/li>\n\n\n\n<li>Cette licence n'autorise pas l'incorporation du mat\u00e9riel ou d'une partie de celui-ci dans tout autre travail ou publication, que ce soit sous forme imprim\u00e9e, \u00e9lectronique ou autre. En particulier (mais sans limitation), aucune partie de ce site ne peut \u00eatre distribu\u00e9e ou copi\u00e9e \u00e0 des fins commerciales.<\/li>\n\n\n\n<li>Aucune partie de ce site ne peut \u00eatre reproduite, transmise ou stock\u00e9e sur un autre site web ou sous une autre forme d'extraction \u00e9lectronique.<\/li>\n<\/ol>\n<\/li>\n\n\n\n<li>Certaines pages de ce site contiennent des liens hypertextes vers des sites web non g\u00e9r\u00e9s par PRIME. Nous vous rappelons que lorsque vous acc\u00e9dez \u00e0 d'autres sites web par le biais de ces liens hypertextes, vous n'\u00eates pas soumis aux pr\u00e9sentes conditions g\u00e9n\u00e9rales et vous ne b\u00e9n\u00e9ficiez pas des protections qui vous sont accord\u00e9es en utilisant notre site. Nous ne serons en aucun cas responsables du contenu, de la disponibilit\u00e9 ou de l'utilisation de ces liens vers des sites web et vous utilisez ces liens enti\u00e8rement \u00e0 vos risques et p\u00e9rils.<\/li>\n\n\n\n<li>Vous garantissez que vous utiliserez ce site conform\u00e9ment \u00e0 toutes les modalit\u00e9s et conditions s'appliquant \u00e0 cette utilisation et vous acceptez d'indemniser PRIME pour toute responsabilit\u00e9 d\u00e9coulant de votre utilisation de ce site.<\/li>\n\n\n\n<li>L'utilisation de ce site ou la distribution d'informations sur le site peut \u00eatre restreinte par la loi ou la r\u00e9glementation locale dans certaines juridictions et ce site n'est pas destin\u00e9 \u00e0 \u00eatre utilis\u00e9 ni les informations \u00e0 \u00eatre distribu\u00e9es dans de telles juridictions et les personnes acc\u00e9dant \u00e0 ce site doivent s'informer de ces restrictions et les respecter.<\/li>\n\n\n\n<li>Aucun tiers n'est autoris\u00e9 \u00e0 \u00e9tablir un lien entre un autre site web et le pr\u00e9sent site sans obtenir notre accord pr\u00e9alable par \u00e9crit.<\/li>\n\n\n\n<li>Veuillez noter que l'envoi d'informations personnelles par courrier \u00e9lectronique sur Internet peut ne pas \u00eatre s\u00e9curis\u00e9 et peut \u00eatre intercept\u00e9 par des tiers ou livr\u00e9 de mani\u00e8re incorrecte. Vous ne devez pas divulguer d'informations confidentielles ou personnelles sur Internet, sauf si vous utilisez une technologie de communication s\u00e9curis\u00e9e ou crypt\u00e9e.<\/li>\n\n\n\n<li>Le contenu de ce site, y compris les pr\u00e9sentes conditions g\u00e9n\u00e9rales, est susceptible d'\u00eatre modifi\u00e9 par nous sans notification. Nous n'acceptons aucune responsabilit\u00e9 pour la mise \u00e0 jour des informations contenues dans ce site ou pour tout manquement \u00e0 cette obligation.<\/li>\n\n\n\n<li>Avis de non-responsabilit\u00e9<br>Les informations contenues dans ce site sont uniquement destin\u00e9es \u00e0 des fins d'information. Bien que le plus grand soin ait \u00e9t\u00e9 apport\u00e9 \u00e0 sa pr\u00e9paration, nous ne donnons aucune garantie ou d\u00e9claration quant \u00e0 son exhaustivit\u00e9, son exactitude ou sa fiabilit\u00e9. Bien que nous ayons fait tous les efforts raisonnables pour nous assurer que toutes les informations sur le site sont exactes au moment de leur inclusion, nous ne pr\u00e9tendons pas que c'est le cas et elles ne doivent pas \u00eatre consid\u00e9r\u00e9es comme telles. Nous n'acceptons ni n'assumons aucune responsabilit\u00e9 envers vous en ce qui concerne le contenu de ce site. L'acc\u00e8s \u00e0 ce site et son utilisation se font aux risques et p\u00e9rils de l'utilisateur et nous ne d\u00e9clarons ni ne garantissons que l'utilisation de ce site ou de tout mat\u00e9riel t\u00e9l\u00e9charg\u00e9 \u00e0 partir de celui-ci ne causera pas de dommages mat\u00e9riels, y compris, mais sans s'y limiter, la perte de donn\u00e9es ou l'infection par des virus informatiques. En aucun cas, nous n'acceptons la responsabilit\u00e9 de quelque description que ce soit, y compris la responsabilit\u00e9 pour n\u00e9gligence, pour tout dommage r\u00e9sultant d'une perte d'utilisation, de donn\u00e9es ou de b\u00e9n\u00e9fices d\u00e9coulant de ou en relation avec l'acc\u00e8s, l'utilisation ou la performance de ce site ou de son contenu. Nous n'acceptons pas de responsabilit\u00e9 pour toute inexactitude ou omission sur ce site. Toutes les garanties implicites sont exclues dans toute la mesure permise par la loi. Nous nous r\u00e9servons le droit de mettre \u00e0 jour ou de modifier les informations de ce site, y compris les pr\u00e9sentes conditions g\u00e9n\u00e9rales, \u00e0 tout moment et sans pr\u00e9avis. PRIME ne donne aucune garantie d'une utilisation ininterrompue de ce site et PRIME n'accepte aucune responsabilit\u00e9 pour toute information publi\u00e9e sur ce site par des tiers.<\/li>\n\n\n\n<li>Vous veillerez \u00e0 ce que votre utilisation de ce site Web soit conforme \u00e0 toutes les lois et r\u00e8glements applicables, y compris, mais sans s'y limiter, les principes de droit qui prot\u00e8gent contre la violation des droits d'auteur, des secrets commerciaux, des informations exclusives et autres droits de propri\u00e9t\u00e9 intellectuelle, la responsabilit\u00e9 ou la diffamation de caract\u00e8re, l'atteinte \u00e0 la vie priv\u00e9e ou l'interf\u00e9rence d\u00e9lictuelle.<\/li>\n\n\n\n<li>Aucune transmission de donn\u00e9es sur Internet ne peut \u00eatre garantie comme totalement s\u00fbre. Bien que nous nous efforcions de prot\u00e9ger ces informations, nous ne garantissons pas et ne pouvons pas assurer la s\u00e9curit\u00e9 des informations que vous nous transmettez. Par cons\u00e9quent, toute information que vous nous transmettez est transmise \u00e0 vos propres risques. N\u00e9anmoins, d\u00e8s que nous recevrons votre transmission, nous prendrons des mesures raisonnables pour pr\u00e9server la s\u00e9curit\u00e9 de ces informations.<\/li>\n\n\n\n<li>Vous acceptez de ne pas afficher ou publier de mat\u00e9riel offensant, diffamatoire ou ill\u00e9gal qui pourrait encourager ou constituer une infraction criminelle, une responsabilit\u00e9 civile ou une violation de toute loi.<\/li>\n\n\n\n<li>PRIME se r\u00e9serve le droit de surveiller ou d'examiner le contenu du site Web, mais n'est pas tenue de le faire et n'assume aucune responsabilit\u00e9 \u00e0 l'\u00e9gard du contenu de ce site.<\/li>\n\n\n\n<li>PRIME se r\u00e9serve le droit de retirer tout mat\u00e9riel affich\u00e9 sur le Site web \u00e0 sa discr\u00e9tion absolue.<\/li>\n\n\n\n<li>PRIME peut divulguer votre identit\u00e9 aux parties concern\u00e9es pour faciliter toute enqu\u00eate.<\/li>\n\n\n\n<li>Vous garantissez que les informations que vous saisissez sur ce site sont exactes et vous nous indemnisez pour tout dommage ou frais juridiques d\u00e9coulant de toute action engag\u00e9e contre nous en rapport avec le mat\u00e9riel que vous avez post\u00e9.<\/li>\n<\/ol>\n","protected":false},"excerpt":{"rendered":"<p>L&rsquo;acc\u00e8s \u00e0 ce site et l&rsquo;utilisation des informations qu&rsquo;il contient sont r\u00e9gis par les termes et [&hellip;]<\/p>\n","protected":false},"author":1,"featured_media":0,"parent":0,"menu_order":93,"comment_status":"closed","ping_status":"closed","template":"","meta":{"footnotes":""},"class_list":["post-4309","page","type-page","status-publish","hentry",""],"acf":[],"yoast_head":"<!-- This site is optimized with the Yoast SEO plugin v26.6 - https:\/\/yoast.com\/wordpress\/plugins\/seo\/ -->\n<title>Conditions g\u00e9n\u00e9rales d&#039;utilisation - PRIME<\/title>\n<meta name=\"robots\" content=\"index, follow, max-snippet:-1, max-image-preview:large, max-video-preview:-1\" \/>\n<link rel=\"canonical\" href=\"https:\/\/prime-posts.com\/fr\/terms-conditions\/\" \/>\n<meta property=\"og:locale\" content=\"fr_FR\" \/>\n<meta property=\"og:type\" content=\"article\" \/>\n<meta property=\"og:title\" content=\"Conditions g\u00e9n\u00e9rales d&#039;utilisation - PRIME\" \/>\n<meta property=\"og:description\" content=\"L&#039;acc\u00e8s \u00e0 ce site et l&#039;utilisation des informations qu&#039;il contient sont r\u00e9gis par les termes et [&hellip;]\" \/>\n<meta property=\"og:url\" content=\"https:\/\/prime-posts.com\/fr\/terms-conditions\/\" \/>\n<meta property=\"og:site_name\" content=\"PRIME\" \/>\n<meta property=\"article:modified_time\" content=\"2023-02-22T23:37:20+00:00\" \/>\n<meta name=\"twitter:card\" content=\"summary_large_image\" \/>\n<meta name=\"twitter:label1\" content=\"Dur\u00e9e de lecture estim\u00e9e\" \/>\n\t<meta name=\"twitter:data1\" content=\"7 minutes\" \/>\n<script type=\"application\/ld+json\" class=\"yoast-schema-graph\">{\"@context\":\"https:\/\/schema.org\",\"@graph\":[{\"@type\":\"WebPage\",\"@id\":\"https:\/\/prime-posts.com\/fr\/terms-conditions\/\",\"url\":\"https:\/\/prime-posts.com\/fr\/terms-conditions\/\",\"name\":\"Conditions g\u00e9n\u00e9rales d'utilisation - PRIME\",\"isPartOf\":{\"@id\":\"https:\/\/prime-posts.com\/#website\"},\"datePublished\":\"2021-05-06T12:08:43+00:00\",\"dateModified\":\"2023-02-22T23:37:20+00:00\",\"inLanguage\":\"fr-FR\",\"potentialAction\":[{\"@type\":\"ReadAction\",\"target\":[\"https:\/\/prime-posts.com\/fr\/terms-conditions\/\"]}]},{\"@type\":\"WebSite\",\"@id\":\"https:\/\/prime-posts.com\/#website\",\"url\":\"https:\/\/prime-posts.com\/\",\"name\":\"PRIME\",\"description\":\"Delivering the future in tracked packets\",\"publisher\":{\"@id\":\"https:\/\/prime-posts.com\/#organization\"},\"potentialAction\":[{\"@type\":\"SearchAction\",\"target\":{\"@type\":\"EntryPoint\",\"urlTemplate\":\"https:\/\/prime-posts.com\/?s={search_term_string}\"},\"query-input\":{\"@type\":\"PropertyValueSpecification\",\"valueRequired\":true,\"valueName\":\"search_term_string\"}}],\"inLanguage\":\"fr-FR\"},{\"@type\":\"Organization\",\"@id\":\"https:\/\/prime-posts.com\/#organization\",\"name\":\"PRIME\",\"url\":\"https:\/\/prime-posts.com\/\",\"logo\":{\"@type\":\"ImageObject\",\"inLanguage\":\"fr-FR\",\"@id\":\"https:\/\/prime-posts.com\/#\/schema\/logo\/image\/\",\"url\":\"http:\/\/prime-posts.test\/wp-content\/uploads\/2021\/11\/prime-logo@2x.png\",\"contentUrl\":\"http:\/\/prime-posts.test\/wp-content\/uploads\/2021\/11\/prime-logo@2x.png\",\"width\":1060,\"height\":218,\"caption\":\"PRIME\"},\"image\":{\"@id\":\"https:\/\/prime-posts.com\/#\/schema\/logo\/image\/\"},\"sameAs\":[\"https:\/\/www.linkedin.com\/company\/prime-posts\",\"https:\/\/www.youtube.com\/channel\/UCLldkKJXxRSKqAtq9ZgiPaQ\"]}]}<\/script>\n<!-- \/ Yoast SEO plugin. -->","yoast_head_json":{"title":"Conditions g\u00e9n\u00e9rales d'utilisation - PRIME","robots":{"index":"index","follow":"follow","max-snippet":"max-snippet:-1","max-image-preview":"max-image-preview:large","max-video-preview":"max-video-preview:-1"},"canonical":"https:\/\/prime-posts.com\/fr\/terms-conditions\/","og_locale":"fr_FR","og_type":"article","og_title":"Conditions g\u00e9n\u00e9rales d'utilisation - PRIME","og_description":"L'acc\u00e8s \u00e0 ce site et l'utilisation des informations qu'il contient sont r\u00e9gis par les termes et [&hellip;]","og_url":"https:\/\/prime-posts.com\/fr\/terms-conditions\/","og_site_name":"PRIME","article_modified_time":"2023-02-22T23:37:20+00:00","twitter_card":"summary_large_image","twitter_misc":{"Dur\u00e9e de lecture estim\u00e9e":"7 minutes"},"schema":{"@context":"https:\/\/schema.org","@graph":[{"@type":"WebPage","@id":"https:\/\/prime-posts.com\/fr\/terms-conditions\/","url":"https:\/\/prime-posts.com\/fr\/terms-conditions\/","name":"Conditions g\u00e9n\u00e9rales d'utilisation - PRIME","isPartOf":{"@id":"https:\/\/prime-posts.com\/#website"},"datePublished":"2021-05-06T12:08:43+00:00","dateModified":"2023-02-22T23:37:20+00:00","inLanguage":"fr-FR","potentialAction":[{"@type":"ReadAction","target":["https:\/\/prime-posts.com\/fr\/terms-conditions\/"]}]},{"@type":"WebSite","@id":"https:\/\/prime-posts.com\/#website","url":"https:\/\/prime-posts.com\/","name":"PRIME","description":"Delivering the future in tracked packets","publisher":{"@id":"https:\/\/prime-posts.com\/#organization"},"potentialAction":[{"@type":"SearchAction","target":{"@type":"EntryPoint","urlTemplate":"https:\/\/prime-posts.com\/?s={search_term_string}"},"query-input":{"@type":"PropertyValueSpecification","valueRequired":true,"valueName":"search_term_string"}}],"inLanguage":"fr-FR"},{"@type":"Organization","@id":"https:\/\/prime-posts.com\/#organization","name":"PRIME","url":"https:\/\/prime-posts.com\/","logo":{"@type":"ImageObject","inLanguage":"fr-FR","@id":"https:\/\/prime-posts.com\/#\/schema\/logo\/image\/","url":"http:\/\/prime-posts.test\/wp-content\/uploads\/2021\/11\/prime-logo@2x.png","contentUrl":"http:\/\/prime-posts.test\/wp-content\/uploads\/2021\/11\/prime-logo@2x.png","width":1060,"height":218,"caption":"PRIME"},"image":{"@id":"https:\/\/prime-posts.com\/#\/schema\/logo\/image\/"},"sameAs":["https:\/\/www.linkedin.com\/company\/prime-posts","https:\/\/www.youtube.com\/channel\/UCLldkKJXxRSKqAtq9ZgiPaQ"]}]}},"_links":{"self":[{"href":"https:\/\/prime-posts.com\/fr\/wp-json\/wp\/v2\/pages\/4309","targetHints":{"allow":["GET"]}}],"collection":[{"href":"https:\/\/prime-posts.com\/fr\/wp-json\/wp\/v2\/pages"}],"about":[{"href":"https:\/\/prime-posts.com\/fr\/wp-json\/wp\/v2\/types\/page"}],"author":[{"embeddable":true,"href":"https:\/\/prime-posts.com\/fr\/wp-json\/wp\/v2\/users\/1"}],"replies":[{"embeddable":true,"href":"https:\/\/prime-posts.com\/fr\/wp-json\/wp\/v2\/comments?post=4309"}],"version-history":[{"count":0,"href":"https:\/\/prime-posts.com\/fr\/wp-json\/wp\/v2\/pages\/4309\/revisions"}],"wp:attachment":[{"href":"https:\/\/prime-posts.com\/fr\/wp-json\/wp\/v2\/media?parent=4309"}],"curies":[{"name":"wp","href":"https:\/\/api.w.org\/{rel}","templated":true}]}}