{"id":3796,"date":"2021-08-06T16:16:31","date_gmt":"2021-08-06T15:16:31","guid":{"rendered":"https:\/\/testprimeposts.wpengine.com\/about-us\/"},"modified":"2025-03-18T07:16:05","modified_gmt":"2025-03-18T07:16:05","slug":"about-us","status":"publish","type":"page","link":"https:\/\/prime-posts.com\/fr\/about-us\/","title":{"rendered":"\u00c0 propos de nous"},"content":{"rendered":"\n<div class=\"block-content-panel alignfull\">\n\t<div class=\"block-content-panel__container container\">\n\t\t\n\n<p class=\"has-text-align-center has-large-font-size\">Nos quelque 160 op\u00e9rateurs d\u00e9sign\u00e9s par l'UPU sont unis dans un objectif de collaboration et de fourniture de solutions transfrontali\u00e8res pour le march\u00e9 du commerce \u00e9lectronique. PRIME est un r\u00e9seau ax\u00e9 sur les affaires, sans programme politique. Il est dirig\u00e9 par ses membres qui sont fiers d'\u00e9tablir des relations durables avec la communaut\u00e9 postale.<\/p>\n\n\t<\/div><!-- \/.container -->\n<\/div><!-- \/.block-content-panel -->\n\n\n<div class=\"wp-block-group is-layout-flow wp-block-group-is-layout-flow\">\n<div class=\"block-child-excerpts\">\n\t\n\t<div class=\"grid grid--3-col\">\n\t\n\t\t\t\n\t\t\t\t\n\t\t<div class=\"grid__item\">\n\t\t\t<article class=\"card card--boxed has-border-rad-1x\">\n\t\t\t\t<div class=\"card__header\">\n\t\t\t\t\t<div class=\"card__icon icon-wrapper\">\n\t\t\t\t\t\n\t\t\t\t\t\t\t\t\t\t\t\n\t\t\t\t\t\t<img decoding=\"async\" src=\"https:\/\/prime-posts.com\/wp-content\/uploads\/2021\/07\/icon-history.svg\"  style='position: relative;height: 100%;' \/>\n\t\t\t\t\t\n\t\t\t\t\t<\/div> \n\t\t\t\t<\/div><!-- \/.card__header -->\n\t\t\t\t\n\t\t\t\t<div class=\"card__body\">\n\t\t\t\t\t<h3 class=\"card__title has-orange-color button\"><b style=\"font-weight:600;\">Notre&nbsp;histoire<\/b><\/h3>\n\t\t\t\t\t<p class=\"card__excerpt\">\n\t\t\t\t\tUnis pour surmonter les obstacles transfrontaliers, l\u00e0 o\u00f9 tout a commenc\u00e9<\/p>\n\t\t\t\t<\/div><!-- \/.card__body -->\n\n\t\t\t\t<div class=\"card__footer\">\n\t\t\t\t\t<a class=\"card__button card__button--cover\" href=\"https:\/\/prime-posts.com\/fr\/about-us\/our-history\/\">Find out more<\/a>\n\t\t\t\t<\/div><!-- \/.card__footer -->\n\n\t\t\t<\/article><!-- \/.card -->\n\t\t<\/div><!-- \/.grid__item -->\n\n\t\t\t\t\n\t\t<div class=\"grid__item\">\n\t\t\t<article class=\"card card--boxed has-border-rad-1x\">\n\t\t\t\t<div class=\"card__header\">\n\t\t\t\t\t<div class=\"card__icon icon-wrapper\">\n\t\t\t\t\t\n\t\t\t\t\t\t\t\t\t\t\t\n\t\t\t\t\t\t<img decoding=\"async\" src=\"https:\/\/prime-posts.com\/wp-content\/uploads\/2021\/07\/icon-members.svg\"  style='position: relative;height: 100%;' \/>\n\t\t\t\t\t\n\t\t\t\t\t<\/div> \n\t\t\t\t<\/div><!-- \/.card__header -->\n\t\t\t\t\n\t\t\t\t<div class=\"card__body\">\n\t\t\t\t\t<h3 class=\"card__title has-red-color button\"><b style=\"font-weight:600;\">Nos&nbsp;membres<\/b><\/h3>\n\t\t\t\t\t<p class=\"card__excerpt\">\n\t\t\t\t\tEnviron 160 op\u00e9rateurs postaux offrant des solutions de commerce \u00e9lectronique dans le monde entier<\/p>\n\t\t\t\t<\/div><!-- \/.card__body -->\n\n\t\t\t\t<div class=\"card__footer\">\n\t\t\t\t\t<a class=\"card__button card__button--cover\" href=\"https:\/\/prime-posts.com\/fr\/about-us\/our-members\/\">Find out more<\/a>\n\t\t\t\t<\/div><!-- \/.card__footer -->\n\n\t\t\t<\/article><!-- \/.card -->\n\t\t<\/div><!-- \/.grid__item -->\n\n\t\t\t\t\n\t\t<div class=\"grid__item\">\n\t\t\t<article class=\"card card--boxed has-border-rad-1x\">\n\t\t\t\t<div class=\"card__header\">\n\t\t\t\t\t<div class=\"card__icon icon-wrapper\">\n\t\t\t\t\t\n\t\t\t\t\t\t\t\t\t\t\t\n\t\t\t\t\t\t<img decoding=\"async\" src=\"https:\/\/prime-posts.com\/wp-content\/uploads\/2021\/07\/icon-team.svg\"  style='position: relative;height: 100%;' \/>\n\t\t\t\t\t\n\t\t\t\t\t<\/div> \n\t\t\t\t<\/div><!-- \/.card__header -->\n\t\t\t\t\n\t\t\t\t<div class=\"card__body\">\n\t\t\t\t\t<h3 class=\"card__title has-blue-dark-color button\"><b style=\"font-weight:600;\">Notre&nbsp;\u00e9quipe<\/b><\/h3>\n\t\t\t\t\t<p class=\"card__excerpt\">\n\t\t\t\t\tPr\u00eate \u00e0 aider nos membres \u00e0 r\u00e9pondre \u00e0 l&#039;\u00e9volution du march\u00e9 du commerce \u00e9lectronique<\/p>\n\t\t\t\t<\/div><!-- \/.card__body -->\n\n\t\t\t\t<div class=\"card__footer\">\n\t\t\t\t\t<a class=\"card__button card__button--cover\" href=\"https:\/\/prime-posts.com\/fr\/about-us\/our-team\/\">Find out more<\/a>\n\t\t\t\t<\/div><!-- \/.card__footer -->\n\n\t\t\t<\/article><!-- \/.card -->\n\t\t<\/div><!-- \/.grid__item -->\n\n\t\t\t\t\n\t\t<div class=\"grid__item\">\n\t\t\t<article class=\"card card--boxed has-border-rad-1x\">\n\t\t\t\t<div class=\"card__header\">\n\t\t\t\t\t<div class=\"card__icon icon-wrapper\">\n\t\t\t\t\t\n\t\t\t\t\t\t\t\t\t\t\t\n\t\t\t\t\t\t<img decoding=\"async\" src=\"https:\/\/prime-posts.com\/wp-content\/uploads\/2021\/07\/icon-chair-board.svg\"  style='position: relative;height: 100%;' \/>\n\t\t\t\t\t\n\t\t\t\t\t<\/div> \n\t\t\t\t<\/div><!-- \/.card__header -->\n\t\t\t\t\n\t\t\t\t<div class=\"card__body\">\n\t\t\t\t\t<h3 class=\"card__title has-blue-light-color button\"><b style=\"font-weight:600;\">Pr\u00e9sident et membres du&nbsp;Conseil<\/b><\/h3>\n\t\t\t\t\t<p class=\"card__excerpt\">\n\t\t\t\t\tLe principal organe de direction de PRIME est supervis\u00e9 et \u00e9lu par les membres de notre Assembl\u00e9e G\u00e9n\u00e9rale<\/p>\n\t\t\t\t<\/div><!-- \/.card__body -->\n\n\t\t\t\t<div class=\"card__footer\">\n\t\t\t\t\t<a class=\"card__button card__button--cover\" href=\"https:\/\/prime-posts.com\/fr\/about-us\/chair-board-members\/\">Find out more<\/a>\n\t\t\t\t<\/div><!-- \/.card__footer -->\n\n\t\t\t<\/article><!-- \/.card -->\n\t\t<\/div><!-- \/.grid__item -->\n\n\t\t\t\t\n\t\t<div class=\"grid__item\">\n\t\t\t<article class=\"card card--boxed has-border-rad-1x\">\n\t\t\t\t<div class=\"card__header\">\n\t\t\t\t\t<div class=\"card__icon icon-wrapper\">\n\t\t\t\t\t\n\t\t\t\t\t\t\t\t\t\t\t\n\t\t\t\t\t\t<img decoding=\"async\" src=\"https:\/\/prime-posts.com\/wp-content\/uploads\/2021\/07\/icon-committees.svg\"  style='position: relative;height: 100%;' \/>\n\t\t\t\t\t\n\t\t\t\t\t<\/div> \n\t\t\t\t<\/div><!-- \/.card__header -->\n\t\t\t\t\n\t\t\t\t<div class=\"card__body\">\n\t\t\t\t\t<h3 class=\"card__title has-green-color button\"><b style=\"font-weight:600;\">Comit\u00e9s et Groupes de&nbsp;travail<\/b><\/h3>\n\t\t\t\t\t<p class=\"card__excerpt\">\n\t\t\t\t\tComment notre structure fonctionne en pratique<\/p>\n\t\t\t\t<\/div><!-- \/.card__body -->\n\n\t\t\t\t<div class=\"card__footer\">\n\t\t\t\t\t<a class=\"card__button card__button--cover\" href=\"https:\/\/prime-posts.com\/fr\/about-us\/committees-task-forces\/\">Find out more<\/a>\n\t\t\t\t<\/div><!-- \/.card__footer -->\n\n\t\t\t<\/article><!-- \/.card -->\n\t\t<\/div><!-- \/.grid__item -->\n\n\t\t\t\n\t<\/div><!-- \/.grid -->\n\t\n<\/div>\n<\/div>\n\n\n\n<div class=\"wp-block-group is-layout-flow wp-block-group-is-layout-flow\">\n<hr class=\"wp-block-separator has-css-opacity\"\/>\n\n\n\n<div class=\"block-icon icon-wrapper\">\n\t\n\t\t\n\t\t<img decoding=\"async\" src=\"https:\/\/prime-posts.com\/wp-content\/uploads\/2021\/07\/icon-globe.svg\"  style='position: relative;height: 100%;' \/>\n\t\t\n<\/div><!-- \/.block-icon -->\n\n\n<h2 class=\"wp-block-heading has-text-align-center is-style-display-bold\">Bienvenue \u00e0 PRIME<\/h2>\n\n\n\n<p class=\"has-text-align-center has-medium-font-size\">Les nouveaux membres seront accueillis de mani\u00e8re professionnelle et amicale et b\u00e9n\u00e9ficieront d'un soutien total pour s'assurer qu'ils tirent le meilleur parti de leur adh\u00e9sion \u00e0 PRIME. Notre \u00e9quipe vise \u00e0 accorder une attention personnelle aux besoins de nos membres et \u00e0 aider les Postes \u00e0 r\u00e9pondre aux attentes de leurs clients.<\/p>\n<\/div>\n\n\n\n<div class=\"wp-block-group is-layout-flow wp-block-group-is-layout-flow\">\n<hr class=\"wp-block-separator has-css-opacity\"\/>\n\n\n\n<div class=\"block-icon icon-wrapper\">\n\t\n\t\t\n\t\t<img decoding=\"async\" src=\"https:\/\/prime-posts.com\/wp-content\/uploads\/2021\/07\/icon-circle-team.svg\"  style='position: relative;height: 100%;' \/>\n\t\t\n<\/div><!-- \/.block-icon -->\n\n\n<h2 class=\"wp-block-heading has-text-align-center is-style-display-bold\">Une \u00e9quipe exp\u00e9riment\u00e9e<\/h2>\n\n\n\n<p class=\"has-text-align-center has-medium-font-size\">Nous avons une exp\u00e9rience prouv\u00e9e de 25 ans dans la collaboration postale mondiale. Nous continuerons \u00e0 \u00eatre un leader innovant en mati\u00e8re de solutions postales globales en r\u00e9ponse aux besoins de nos membres. Le processus de d\u00e9cision de nos membres est simple et efficace, et les demandes des Postes sont trait\u00e9es dans les plus brefs d\u00e9lais et avec le plus grand soin.<\/p>\n<\/div>\n\n\n\n<div class=\"wp-block-group is-layout-flow wp-block-group-is-layout-flow\">\n<hr class=\"wp-block-separator has-css-opacity\"\/>\n\n\n\n<div class=\"block-icon icon-wrapper\">\n\t\n\t\t\n\t\t<img decoding=\"async\" src=\"https:\/\/prime-posts.com\/wp-content\/uploads\/2021\/07\/icon-circle-vision.svg\"  style='position: relative;height: 100%;' \/>\n\t\t\n<\/div><!-- \/.block-icon -->\n\n\n<h2 class=\"wp-block-heading has-text-align-center is-style-display-bold\">Notre vision<\/h2>\n\n\n\n<p class=\"has-text-align-center has-medium-font-size\">\u00catre \u00e0 l'avant-garde de l'innovation dans le domaine du commerce \u00e9lectronique et \u00eatre le premier fournisseur mondial de services de suivi et de livraison rentables et de qualit\u00e9 sur le march\u00e9 transfrontalier des paquets.&nbsp;Pour y parvenir, PRIME facilite une plus grande collaboration avec d'autres organisations postales afin de travailler \u00e0 la mise en place d'un ensemble unique de solutions mondiales de commerce \u00e9lectronique \u00e0 plusieurs niveaux.<\/p>\n<\/div>\n\n\n\n<div class=\"wp-block-group is-layout-flow wp-block-group-is-layout-flow\">\n<hr class=\"wp-block-separator has-css-opacity\"\/>\n\n\n\n<div class=\"wp-block-group is-layout-flow wp-block-group-is-layout-flow\">\n<div class=\"block-icon icon-wrapper\">\n\t\n\t\t\n\t\t<img decoding=\"async\" src=\"https:\/\/prime-posts.com\/wp-content\/uploads\/2021\/07\/icon-circle-target.svg\"  style='position: relative;height: 100%;' \/>\n\t\t\n<\/div><!-- \/.block-icon -->\n\n\n<h2 class=\"wp-block-heading has-text-align-center is-style-display-bold\">Nos objectifs sont les suivants&nbsp;:<\/h2>\n<\/div>\n\n\n\n<p class=\"has-text-align-center has-medium-font-size\">Am\u00e9liorer le suivi des livraisons de paquets et des notifications \u00e9lectroniques et adapter les produits en fonction des attentes des clients.<\/p>\n\n\n\n<p class=\"has-text-align-center has-medium-font-size\">Renforcer la comp\u00e9titivit\u00e9 des services postaux sur le march\u00e9 du commerce \u00e9lectronique.<\/p>\n\n\n\n<p class=\"has-text-align-center has-medium-font-size\">Am\u00e9liorer la qualit\u00e9 du suivi des paquets, notamment en ce qui concerne les d\u00e9lais de livraison et le retour en temps voulu des informations de livraison au format \u00e9lectronique.<\/p>\n\n\n\n<p class=\"has-text-align-center has-medium-font-size\">Maximiser le nombre d'op\u00e9rateurs d\u00e9sign\u00e9s qui \u00e9changent des informations de livraison par voie \u00e9lectronique afin de traiter plus efficacement les demandes des clients gr\u00e2ce \u00e0 l'utilisation du Syst\u00e8me mondial de service client.\u00a0<\/p>\n<\/div>\n","protected":false},"excerpt":{"rendered":"<p>Bienvenue \u00e0 PRIME Les nouveaux membres seront accueillis de mani\u00e8re professionnelle et amicale et b\u00e9n\u00e9ficieront d&rsquo;un [&hellip;]<\/p>\n","protected":false},"author":1,"featured_media":0,"parent":0,"menu_order":22,"comment_status":"closed","ping_status":"closed","template":"templates\/landing-page.php","meta":{"footnotes":""},"class_list":["post-3796","page","type-page","status-publish","hentry",""],"acf":[],"yoast_head":"<!-- This site is optimized with the Yoast SEO plugin v26.6 - https:\/\/yoast.com\/wordpress\/plugins\/seo\/ -->\n<title>\u00c0 propos de nous - PRIME<\/title>\n<meta name=\"robots\" content=\"index, follow, max-snippet:-1, max-image-preview:large, max-video-preview:-1\" \/>\n<link rel=\"canonical\" href=\"https:\/\/prime-posts.com\/fr\/about-us\/\" \/>\n<meta property=\"og:locale\" content=\"fr_FR\" \/>\n<meta property=\"og:type\" content=\"article\" \/>\n<meta property=\"og:title\" content=\"\u00c0 propos de nous - PRIME\" \/>\n<meta property=\"og:description\" content=\"Bienvenue \u00e0 PRIME Les nouveaux membres seront accueillis de mani\u00e8re professionnelle et amicale et b\u00e9n\u00e9ficieront d&#039;un [&hellip;]\" \/>\n<meta property=\"og:url\" content=\"https:\/\/prime-posts.com\/fr\/about-us\/\" \/>\n<meta property=\"og:site_name\" content=\"PRIME\" \/>\n<meta property=\"article:modified_time\" content=\"2025-03-18T07:16:05+00:00\" \/>\n<meta name=\"twitter:card\" content=\"summary_large_image\" \/>\n<meta name=\"twitter:label1\" content=\"Dur\u00e9e de lecture estim\u00e9e\" \/>\n\t<meta name=\"twitter:data1\" content=\"2 minutes\" \/>\n<script type=\"application\/ld+json\" class=\"yoast-schema-graph\">{\"@context\":\"https:\/\/schema.org\",\"@graph\":[{\"@type\":\"WebPage\",\"@id\":\"https:\/\/prime-posts.com\/fr\/about-us\/\",\"url\":\"https:\/\/prime-posts.com\/fr\/about-us\/\",\"name\":\"\u00c0 propos de nous - PRIME\",\"isPartOf\":{\"@id\":\"https:\/\/prime-posts.com\/#website\"},\"datePublished\":\"2021-08-06T15:16:31+00:00\",\"dateModified\":\"2025-03-18T07:16:05+00:00\",\"inLanguage\":\"fr-FR\",\"potentialAction\":[{\"@type\":\"ReadAction\",\"target\":[\"https:\/\/prime-posts.com\/fr\/about-us\/\"]}]},{\"@type\":\"WebSite\",\"@id\":\"https:\/\/prime-posts.com\/#website\",\"url\":\"https:\/\/prime-posts.com\/\",\"name\":\"PRIME\",\"description\":\"Delivering the future in tracked packets\",\"publisher\":{\"@id\":\"https:\/\/prime-posts.com\/#organization\"},\"potentialAction\":[{\"@type\":\"SearchAction\",\"target\":{\"@type\":\"EntryPoint\",\"urlTemplate\":\"https:\/\/prime-posts.com\/?s={search_term_string}\"},\"query-input\":{\"@type\":\"PropertyValueSpecification\",\"valueRequired\":true,\"valueName\":\"search_term_string\"}}],\"inLanguage\":\"fr-FR\"},{\"@type\":\"Organization\",\"@id\":\"https:\/\/prime-posts.com\/#organization\",\"name\":\"PRIME\",\"url\":\"https:\/\/prime-posts.com\/\",\"logo\":{\"@type\":\"ImageObject\",\"inLanguage\":\"fr-FR\",\"@id\":\"https:\/\/prime-posts.com\/#\/schema\/logo\/image\/\",\"url\":\"http:\/\/prime-posts.test\/wp-content\/uploads\/2021\/11\/prime-logo@2x.png\",\"contentUrl\":\"http:\/\/prime-posts.test\/wp-content\/uploads\/2021\/11\/prime-logo@2x.png\",\"width\":1060,\"height\":218,\"caption\":\"PRIME\"},\"image\":{\"@id\":\"https:\/\/prime-posts.com\/#\/schema\/logo\/image\/\"},\"sameAs\":[\"https:\/\/www.linkedin.com\/company\/prime-posts\",\"https:\/\/www.youtube.com\/channel\/UCLldkKJXxRSKqAtq9ZgiPaQ\"]}]}<\/script>\n<!-- \/ Yoast SEO plugin. -->","yoast_head_json":{"title":"\u00c0 propos de nous - PRIME","robots":{"index":"index","follow":"follow","max-snippet":"max-snippet:-1","max-image-preview":"max-image-preview:large","max-video-preview":"max-video-preview:-1"},"canonical":"https:\/\/prime-posts.com\/fr\/about-us\/","og_locale":"fr_FR","og_type":"article","og_title":"\u00c0 propos de nous - PRIME","og_description":"Bienvenue \u00e0 PRIME Les nouveaux membres seront accueillis de mani\u00e8re professionnelle et amicale et b\u00e9n\u00e9ficieront d'un [&hellip;]","og_url":"https:\/\/prime-posts.com\/fr\/about-us\/","og_site_name":"PRIME","article_modified_time":"2025-03-18T07:16:05+00:00","twitter_card":"summary_large_image","twitter_misc":{"Dur\u00e9e de lecture estim\u00e9e":"2 minutes"},"schema":{"@context":"https:\/\/schema.org","@graph":[{"@type":"WebPage","@id":"https:\/\/prime-posts.com\/fr\/about-us\/","url":"https:\/\/prime-posts.com\/fr\/about-us\/","name":"\u00c0 propos de nous - PRIME","isPartOf":{"@id":"https:\/\/prime-posts.com\/#website"},"datePublished":"2021-08-06T15:16:31+00:00","dateModified":"2025-03-18T07:16:05+00:00","inLanguage":"fr-FR","potentialAction":[{"@type":"ReadAction","target":["https:\/\/prime-posts.com\/fr\/about-us\/"]}]},{"@type":"WebSite","@id":"https:\/\/prime-posts.com\/#website","url":"https:\/\/prime-posts.com\/","name":"PRIME","description":"Delivering the future in tracked packets","publisher":{"@id":"https:\/\/prime-posts.com\/#organization"},"potentialAction":[{"@type":"SearchAction","target":{"@type":"EntryPoint","urlTemplate":"https:\/\/prime-posts.com\/?s={search_term_string}"},"query-input":{"@type":"PropertyValueSpecification","valueRequired":true,"valueName":"search_term_string"}}],"inLanguage":"fr-FR"},{"@type":"Organization","@id":"https:\/\/prime-posts.com\/#organization","name":"PRIME","url":"https:\/\/prime-posts.com\/","logo":{"@type":"ImageObject","inLanguage":"fr-FR","@id":"https:\/\/prime-posts.com\/#\/schema\/logo\/image\/","url":"http:\/\/prime-posts.test\/wp-content\/uploads\/2021\/11\/prime-logo@2x.png","contentUrl":"http:\/\/prime-posts.test\/wp-content\/uploads\/2021\/11\/prime-logo@2x.png","width":1060,"height":218,"caption":"PRIME"},"image":{"@id":"https:\/\/prime-posts.com\/#\/schema\/logo\/image\/"},"sameAs":["https:\/\/www.linkedin.com\/company\/prime-posts","https:\/\/www.youtube.com\/channel\/UCLldkKJXxRSKqAtq9ZgiPaQ"]}]}},"_links":{"self":[{"href":"https:\/\/prime-posts.com\/fr\/wp-json\/wp\/v2\/pages\/3796","targetHints":{"allow":["GET"]}}],"collection":[{"href":"https:\/\/prime-posts.com\/fr\/wp-json\/wp\/v2\/pages"}],"about":[{"href":"https:\/\/prime-posts.com\/fr\/wp-json\/wp\/v2\/types\/page"}],"author":[{"embeddable":true,"href":"https:\/\/prime-posts.com\/fr\/wp-json\/wp\/v2\/users\/1"}],"replies":[{"embeddable":true,"href":"https:\/\/prime-posts.com\/fr\/wp-json\/wp\/v2\/comments?post=3796"}],"version-history":[{"count":0,"href":"https:\/\/prime-posts.com\/fr\/wp-json\/wp\/v2\/pages\/3796\/revisions"}],"wp:attachment":[{"href":"https:\/\/prime-posts.com\/fr\/wp-json\/wp\/v2\/media?parent=3796"}],"curies":[{"name":"wp","href":"https:\/\/api.w.org\/{rel}","templated":true}]}}