{"id":3783,"date":"2021-05-05T16:57:48","date_gmt":"2021-05-05T15:57:48","guid":{"rendered":"https:\/\/testprimeposts.wpengine.com\/services\/registered\/"},"modified":"2023-02-22T09:40:41","modified_gmt":"2023-02-22T09:40:41","slug":"registered","status":"publish","type":"page","link":"https:\/\/prime-posts.com\/fr\/services\/registered\/","title":{"rendered":"PRIME Recommand\u00e9"},"content":{"rendered":"\n<p class=\"is-style-lead-in\">Le service PRIME Recommand\u00e9 offre s\u00e9curit\u00e9, commodit\u00e9 et rapport qualit\u00e9-prix. PRIME Recommand\u00e9 b\u00e9n\u00e9ficie d'un traitement prioritaire et l'indemnisation est g\u00e9n\u00e9ralement limit\u00e9e \u00e0 30 SDR par article, bien que certaines postes puissent offrir une couverture d'assurance suppl\u00e9mentaire.<\/p>\n\n\n\n<p class=\"is-style-default\">En l'assurant pour une valeur d\u00e9clar\u00e9e, on peut envoyer des objets encore plus pr\u00e9cieux, car l'indemnit\u00e9 en cas de perte ou de dommage peut repr\u00e9senter un argument de vente.&nbsp;<\/p>\n\n\n\n<p class=\"is-style-default\">Lorsque des objets de valeur sont envoy\u00e9s par la poste, la couverture d'assurance peut apporter une certaine tranquillit\u00e9 d'esprit gr\u00e2ce au remboursement int\u00e9gral en cas de perte, de vol ou de dommage. Le montant maximum pour lequel l'article peut \u00eatre assur\u00e9 varie d'un pays \u00e0 l'autre, mais l'indemnisation est payable jusqu'\u00e0 concurrence du montant indiqu\u00e9 sur le re\u00e7u du client.<\/p>\n\n\n\n<h3 class=\"wp-block-heading\">Les avantages de PRIME Recommand\u00e9 sont les suivants&nbsp;:<\/h3>\n\n\n\n\n<ul class=\"block-icon-list\">\n\t\n\t\t<li class=\"block-icon-list__item\">\n\t\t<span class=\"block-icon-list__icon icon icon--signature\"><\/span>\n\t\tSignature \u00e0 la livraison de la part du destinataire<\/li>\n\t\t<li class=\"block-icon-list__item\">\n\t\t<span class=\"block-icon-list__icon icon icon--checkbox\"><\/span>\n\t\tL'exp\u00e9diteur re\u00e7oit un re\u00e7u \u00e0 l'envoi et une confirmation \u00e9lectronique de la livraison.<\/li>\n\t\t<li class=\"block-icon-list__item\">\n\t\t<span class=\"block-icon-list__icon icon icon--tick-seal\"><\/span>\n\t\tMesure E2E pour l'am\u00e9lioration de la strat\u00e9gie de qualit\u00e9<\/li>\n\t\t<li class=\"block-icon-list__item\">\n\t\t<span class=\"block-icon-list__icon icon icon--chat\"><\/span>\n\t\tUtilisation obligatoire du GCSS pour les signataires des accords.<\/li>\n\t\t\n<\/ul><!-- \/.block-icon-list -->\n\n\n\n\n<p class=\"is-style-default\">Gr\u00e2ce \u00e0 sa fiabilit\u00e9, PRIME Recommand\u00e9 est un service obligatoire de l'UPU disponible pour toutes les destinations dans le monde.<\/p>\n\n\n\n<p class=\"is-style-double-spacing\">Les envois sont \u00e9tiquet\u00e9s pour \u00eatre plus facilement reconnaissables en tant que recommand\u00e9s ou assur\u00e9s.<\/p>\n\n\n\n<figure class=\"wp-block-image size-large is-resized\"><img loading=\"lazy\" decoding=\"async\" src=\"http:\/\/prime-posts.com\/wp-content\/uploads\/2021\/09\/registered-label@2x-1024x784.png\" alt=\"\" class=\"wp-image-2959\" width=\"512\" height=\"392\" srcset=\"https:\/\/prime-posts.com\/wp-content\/uploads\/2021\/09\/registered-label@2x-1024x784.png 1024w, https:\/\/prime-posts.com\/wp-content\/uploads\/2021\/09\/registered-label@2x-300x230.png 300w, https:\/\/prime-posts.com\/wp-content\/uploads\/2021\/09\/registered-label@2x-768x588.png 768w, https:\/\/prime-posts.com\/wp-content\/uploads\/2021\/09\/registered-label@2x.png 1176w\" sizes=\"auto, (max-width: 512px) 100vw, 512px\" \/><figcaption class=\"wp-element-caption\">Exemple d'\u00e9tiquette<\/figcaption><\/figure>\n\n\n\n<h2 class=\"has-green-color has-text-color wp-block-heading\">PRIME Assur\u00e9<\/h2>\n\n\n\n<figure class=\"wp-block-image size-full is-resized\"><img loading=\"lazy\" decoding=\"async\" src=\"http:\/\/prime-posts.com\/wp-content\/uploads\/2021\/09\/insured-label@2x.png\" alt=\"\" class=\"wp-image-2963\" width=\"346\" height=\"173\" srcset=\"https:\/\/prime-posts.com\/wp-content\/uploads\/2021\/09\/insured-label@2x.png 744w, https:\/\/prime-posts.com\/wp-content\/uploads\/2021\/09\/insured-label@2x-300x150.png 300w\" sizes=\"auto, (max-width: 346px) 100vw, 346px\" \/><figcaption class=\"wp-element-caption\">Exemple d'\u00e9tiquette<\/figcaption><\/figure>\n\n\n\n<p class=\"is-style-default\"><\/p>\n","protected":false},"excerpt":{"rendered":"<p>Pour les documents officiels et les articles de valeur du commerce \u00e9lectronique qui n\u00e9cessitent un suivi et une signature comme preuve de livraison en cas de perte ou de dommage. Le contenu peut \u00eatre assur\u00e9 pour obtenir un remboursement plus \u00e9lev\u00e9 que celui du courrier recommand\u00e9. C&rsquo;est la solution id\u00e9ale pour les articles de grande valeur.<\/p>\n","protected":false},"author":1,"featured_media":2843,"parent":3771,"menu_order":51,"comment_status":"closed","ping_status":"closed","template":"","meta":{"footnotes":""},"class_list":["post-3783","page","type-page","status-publish","has-post-thumbnail","hentry",""],"acf":[],"yoast_head":"<!-- This site is optimized with the Yoast SEO plugin v26.6 - https:\/\/yoast.com\/wordpress\/plugins\/seo\/ -->\n<title>PRIME Recommand\u00e9 - PRIME<\/title>\n<meta name=\"robots\" content=\"index, follow, max-snippet:-1, max-image-preview:large, max-video-preview:-1\" \/>\n<link rel=\"canonical\" href=\"https:\/\/prime-posts.com\/fr\/services\/registered\/\" \/>\n<meta property=\"og:locale\" content=\"fr_FR\" \/>\n<meta property=\"og:type\" content=\"article\" \/>\n<meta property=\"og:title\" content=\"PRIME Recommand\u00e9 - PRIME\" \/>\n<meta property=\"og:description\" content=\"Pour les documents officiels et les articles de valeur du commerce \u00e9lectronique qui n\u00e9cessitent un suivi et une signature comme preuve de livraison\" \/>\n<meta property=\"og:url\" content=\"https:\/\/prime-posts.com\/fr\/services\/registered\/\" \/>\n<meta property=\"og:site_name\" content=\"PRIME\" \/>\n<meta property=\"article:modified_time\" content=\"2023-02-22T09:40:41+00:00\" \/>\n<meta property=\"og:image\" content=\"https:\/\/prime-posts.com\/wp-content\/uploads\/2021\/08\/hero-14.jpg\" \/>\n\t<meta property=\"og:image:width\" content=\"3000\" \/>\n\t<meta property=\"og:image:height\" content=\"1800\" \/>\n\t<meta property=\"og:image:type\" content=\"image\/jpeg\" \/>\n<meta name=\"twitter:card\" content=\"summary_large_image\" \/>\n<meta name=\"twitter:label1\" content=\"Dur\u00e9e de lecture estim\u00e9e\" \/>\n\t<meta name=\"twitter:data1\" content=\"2 minutes\" \/>\n<script type=\"application\/ld+json\" class=\"yoast-schema-graph\">{\"@context\":\"https:\/\/schema.org\",\"@graph\":[{\"@type\":\"WebPage\",\"@id\":\"https:\/\/prime-posts.com\/fr\/services\/registered\/\",\"url\":\"https:\/\/prime-posts.com\/fr\/services\/registered\/\",\"name\":\"PRIME Recommand\u00e9 - PRIME\",\"isPartOf\":{\"@id\":\"https:\/\/prime-posts.com\/#website\"},\"primaryImageOfPage\":{\"@id\":\"https:\/\/prime-posts.com\/fr\/services\/registered\/#primaryimage\"},\"image\":{\"@id\":\"https:\/\/prime-posts.com\/fr\/services\/registered\/#primaryimage\"},\"thumbnailUrl\":\"https:\/\/prime-posts.com\/wp-content\/uploads\/2021\/08\/hero-14.jpg\",\"datePublished\":\"2021-05-05T15:57:48+00:00\",\"dateModified\":\"2023-02-22T09:40:41+00:00\",\"breadcrumb\":{\"@id\":\"https:\/\/prime-posts.com\/fr\/services\/registered\/#breadcrumb\"},\"inLanguage\":\"fr-FR\",\"potentialAction\":[{\"@type\":\"ReadAction\",\"target\":[\"https:\/\/prime-posts.com\/fr\/services\/registered\/\"]}]},{\"@type\":\"ImageObject\",\"inLanguage\":\"fr-FR\",\"@id\":\"https:\/\/prime-posts.com\/fr\/services\/registered\/#primaryimage\",\"url\":\"https:\/\/prime-posts.com\/wp-content\/uploads\/2021\/08\/hero-14.jpg\",\"contentUrl\":\"https:\/\/prime-posts.com\/wp-content\/uploads\/2021\/08\/hero-14.jpg\",\"width\":3000,\"height\":1800},{\"@type\":\"BreadcrumbList\",\"@id\":\"https:\/\/prime-posts.com\/fr\/services\/registered\/#breadcrumb\",\"itemListElement\":[{\"@type\":\"ListItem\",\"position\":1,\"name\":\"Services\",\"item\":\"https:\/\/prime-posts.com\/fr\/services\/\"},{\"@type\":\"ListItem\",\"position\":2,\"name\":\"PRIME Recommand\u00e9\"}]},{\"@type\":\"WebSite\",\"@id\":\"https:\/\/prime-posts.com\/#website\",\"url\":\"https:\/\/prime-posts.com\/\",\"name\":\"PRIME\",\"description\":\"Delivering the future in tracked packets\",\"publisher\":{\"@id\":\"https:\/\/prime-posts.com\/#organization\"},\"potentialAction\":[{\"@type\":\"SearchAction\",\"target\":{\"@type\":\"EntryPoint\",\"urlTemplate\":\"https:\/\/prime-posts.com\/?s={search_term_string}\"},\"query-input\":{\"@type\":\"PropertyValueSpecification\",\"valueRequired\":true,\"valueName\":\"search_term_string\"}}],\"inLanguage\":\"fr-FR\"},{\"@type\":\"Organization\",\"@id\":\"https:\/\/prime-posts.com\/#organization\",\"name\":\"PRIME\",\"url\":\"https:\/\/prime-posts.com\/\",\"logo\":{\"@type\":\"ImageObject\",\"inLanguage\":\"fr-FR\",\"@id\":\"https:\/\/prime-posts.com\/#\/schema\/logo\/image\/\",\"url\":\"http:\/\/prime-posts.test\/wp-content\/uploads\/2021\/11\/prime-logo@2x.png\",\"contentUrl\":\"http:\/\/prime-posts.test\/wp-content\/uploads\/2021\/11\/prime-logo@2x.png\",\"width\":1060,\"height\":218,\"caption\":\"PRIME\"},\"image\":{\"@id\":\"https:\/\/prime-posts.com\/#\/schema\/logo\/image\/\"},\"sameAs\":[\"https:\/\/www.linkedin.com\/company\/prime-posts\",\"https:\/\/www.youtube.com\/channel\/UCLldkKJXxRSKqAtq9ZgiPaQ\"]}]}<\/script>\n<!-- \/ Yoast SEO plugin. -->","yoast_head_json":{"title":"PRIME Recommand\u00e9 - PRIME","robots":{"index":"index","follow":"follow","max-snippet":"max-snippet:-1","max-image-preview":"max-image-preview:large","max-video-preview":"max-video-preview:-1"},"canonical":"https:\/\/prime-posts.com\/fr\/services\/registered\/","og_locale":"fr_FR","og_type":"article","og_title":"PRIME Recommand\u00e9 - PRIME","og_description":"Pour les documents officiels et les articles de valeur du commerce \u00e9lectronique qui n\u00e9cessitent un suivi et une signature comme preuve de livraison","og_url":"https:\/\/prime-posts.com\/fr\/services\/registered\/","og_site_name":"PRIME","article_modified_time":"2023-02-22T09:40:41+00:00","og_image":[{"width":3000,"height":1800,"url":"https:\/\/prime-posts.com\/wp-content\/uploads\/2021\/08\/hero-14.jpg","type":"image\/jpeg"}],"twitter_card":"summary_large_image","twitter_misc":{"Dur\u00e9e de lecture estim\u00e9e":"2 minutes"},"schema":{"@context":"https:\/\/schema.org","@graph":[{"@type":"WebPage","@id":"https:\/\/prime-posts.com\/fr\/services\/registered\/","url":"https:\/\/prime-posts.com\/fr\/services\/registered\/","name":"PRIME Recommand\u00e9 - PRIME","isPartOf":{"@id":"https:\/\/prime-posts.com\/#website"},"primaryImageOfPage":{"@id":"https:\/\/prime-posts.com\/fr\/services\/registered\/#primaryimage"},"image":{"@id":"https:\/\/prime-posts.com\/fr\/services\/registered\/#primaryimage"},"thumbnailUrl":"https:\/\/prime-posts.com\/wp-content\/uploads\/2021\/08\/hero-14.jpg","datePublished":"2021-05-05T15:57:48+00:00","dateModified":"2023-02-22T09:40:41+00:00","breadcrumb":{"@id":"https:\/\/prime-posts.com\/fr\/services\/registered\/#breadcrumb"},"inLanguage":"fr-FR","potentialAction":[{"@type":"ReadAction","target":["https:\/\/prime-posts.com\/fr\/services\/registered\/"]}]},{"@type":"ImageObject","inLanguage":"fr-FR","@id":"https:\/\/prime-posts.com\/fr\/services\/registered\/#primaryimage","url":"https:\/\/prime-posts.com\/wp-content\/uploads\/2021\/08\/hero-14.jpg","contentUrl":"https:\/\/prime-posts.com\/wp-content\/uploads\/2021\/08\/hero-14.jpg","width":3000,"height":1800},{"@type":"BreadcrumbList","@id":"https:\/\/prime-posts.com\/fr\/services\/registered\/#breadcrumb","itemListElement":[{"@type":"ListItem","position":1,"name":"Services","item":"https:\/\/prime-posts.com\/fr\/services\/"},{"@type":"ListItem","position":2,"name":"PRIME Recommand\u00e9"}]},{"@type":"WebSite","@id":"https:\/\/prime-posts.com\/#website","url":"https:\/\/prime-posts.com\/","name":"PRIME","description":"Delivering the future in tracked packets","publisher":{"@id":"https:\/\/prime-posts.com\/#organization"},"potentialAction":[{"@type":"SearchAction","target":{"@type":"EntryPoint","urlTemplate":"https:\/\/prime-posts.com\/?s={search_term_string}"},"query-input":{"@type":"PropertyValueSpecification","valueRequired":true,"valueName":"search_term_string"}}],"inLanguage":"fr-FR"},{"@type":"Organization","@id":"https:\/\/prime-posts.com\/#organization","name":"PRIME","url":"https:\/\/prime-posts.com\/","logo":{"@type":"ImageObject","inLanguage":"fr-FR","@id":"https:\/\/prime-posts.com\/#\/schema\/logo\/image\/","url":"http:\/\/prime-posts.test\/wp-content\/uploads\/2021\/11\/prime-logo@2x.png","contentUrl":"http:\/\/prime-posts.test\/wp-content\/uploads\/2021\/11\/prime-logo@2x.png","width":1060,"height":218,"caption":"PRIME"},"image":{"@id":"https:\/\/prime-posts.com\/#\/schema\/logo\/image\/"},"sameAs":["https:\/\/www.linkedin.com\/company\/prime-posts","https:\/\/www.youtube.com\/channel\/UCLldkKJXxRSKqAtq9ZgiPaQ"]}]}},"_links":{"self":[{"href":"https:\/\/prime-posts.com\/fr\/wp-json\/wp\/v2\/pages\/3783","targetHints":{"allow":["GET"]}}],"collection":[{"href":"https:\/\/prime-posts.com\/fr\/wp-json\/wp\/v2\/pages"}],"about":[{"href":"https:\/\/prime-posts.com\/fr\/wp-json\/wp\/v2\/types\/page"}],"author":[{"embeddable":true,"href":"https:\/\/prime-posts.com\/fr\/wp-json\/wp\/v2\/users\/1"}],"replies":[{"embeddable":true,"href":"https:\/\/prime-posts.com\/fr\/wp-json\/wp\/v2\/comments?post=3783"}],"version-history":[{"count":0,"href":"https:\/\/prime-posts.com\/fr\/wp-json\/wp\/v2\/pages\/3783\/revisions"}],"up":[{"embeddable":true,"href":"https:\/\/prime-posts.com\/fr\/wp-json\/wp\/v2\/pages\/3771"}],"wp:featuredmedia":[{"embeddable":true,"href":"https:\/\/prime-posts.com\/fr\/wp-json\/wp\/v2\/media\/2843"}],"wp:attachment":[{"href":"https:\/\/prime-posts.com\/fr\/wp-json\/wp\/v2\/media?parent=3783"}],"curies":[{"name":"wp","href":"https:\/\/api.w.org\/{rel}","templated":true}]}}