{"id":3777,"date":"2021-05-05T16:03:05","date_gmt":"2021-05-05T15:03:05","guid":{"rendered":"https:\/\/testprimeposts.wpengine.com\/join-us\/"},"modified":"2025-04-14T15:48:10","modified_gmt":"2025-04-14T14:48:10","slug":"join-us","status":"publish","type":"page","link":"https:\/\/prime-posts.com\/fr\/join-us\/","title":{"rendered":"Rejoignez PRIME"},"content":{"rendered":"\n<p class=\"is-style-lead-in\"><meta charset=\"utf-8\"><\/meta>Rejoignez notre r\u00e9seau PRIME pour b\u00e9n\u00e9ficier d'une gamme de solutions de suivi transfrontalier de paquets con\u00e7ues pour aider les postes \u00e0 r\u00e9pondre \u00e0 la croissance mondiale du commerce \u00e9lectronique. D\u00e9couvrez <a href=\"https:\/\/prime-posts.com\/fr\/join-us\/reasons-to-join\/\"><mark style=\"background-color:rgba(0, 0, 0, 0)\" class=\"has-inline-color has-crimson-color\">comment votre op\u00e9rateur postale d\u00e9sign\u00e9e peut b\u00e9n\u00e9ficier d'une adh\u00e9sion \u00e0 PRIME<\/mark><\/a>.<\/p>\n\n\n\n<h2 class=\"wp-block-heading has-text-align-left is-style-default\">Qui peut postuler ?<\/h2>\n\n\n\n<p class=\"has-text-align-left\">Tout op\u00e9rateur postal membre de l'UPU (Union postale universelle) est invit\u00e9 \u00e0 rejoindre PRIME. Les comptes My PRIME sont accessibles aux professionnels travaillant avec les Op\u00e9rateurs postaux d\u00e9sign\u00e9s.<\/p>\n\n\n<form class=\"af-form acf-form\" method=\"POST\" action=\"https:\/\/prime-posts.com\/fr\/wp-json\/wp\/v2\/pages\/3777\" id=\"form_625fa44829469\" data-key=\"form_625fa44829469\" data-ajax=\"1\"><div class=\"af-fields acf-fields acf-form-fields -top\">\t<div id=\"acf-form-data\" class=\"acf-hidden\">\n\t\t<input type=\"hidden\" id=\"_acf_screen\" name=\"_acf_screen\" value=\"acf_form\"\/><input type=\"hidden\" id=\"_acf_post_id\" name=\"_acf_post_id\" value=\"0\"\/><input type=\"hidden\" id=\"_acf_validation\" name=\"_acf_validation\" value=\"1\"\/><input type=\"hidden\" id=\"_acf_form\" name=\"_acf_form\" value=\"0\"\/><input type=\"hidden\" id=\"_acf_nonce\" name=\"_acf_nonce\" value=\"8be26c8efe\"\/><input type=\"hidden\" id=\"_acf_changed\" name=\"_acf_changed\" value=\"0\"\/>\t<\/div>\n\t<div class=\"acf-hidden\"><input type=\"hidden\" name=\"_acfnonce\" value=\"e930db3f6a\"><input type=\"hidden\" name=\"nonce\" value=\"e930db3f6a\"><input type=\"hidden\" name=\"af_form\" value=\"form_625fa44829469\"><input type=\"hidden\" name=\"af_form_args\" value=\"eyJhamF4IjoiMSIsImRpc3BsYXlfdGl0bGUiOmZhbHNlLCJkaXNwbGF5X2Rlc2NyaXB0aW9uIjpmYWxzZSwiaWQiOiJmb3JtXzYyNWZhNDQ4Mjk0NjkiLCJ2YWx1ZXMiOltdLCJzdWJtaXRfdGV4dCI6IkFkaFx1MDBlOXJleiBtYWludGVuYW50IiwicmVkaXJlY3QiOm51bGwsInRhcmdldCI6Imh0dHBzOlwvXC9wcmltZS1wb3N0cy5jb21cL2ZyXC93cC1qc29uXC93cFwvdjJcL3BhZ2VzXC8zNzc3IiwiZWNobyI6dHJ1ZSwiZXhjbHVkZV9maWVsZHMiOltdLCJ1cGxvYWRlciI6IndwIiwiZmlsdGVyX21vZGUiOmZhbHNlLCJsYWJlbF9wbGFjZW1lbnQiOiJ0b3AiLCJpbnN0cnVjdGlvbl9wbGFjZW1lbnQiOiJsYWJlbCIsImhvbmV5cG90Ijp0cnVlfQ==\"><input type=\"hidden\" name=\"_acf_form\" value=\"eyJhamF4IjoiMSIsImRpc3BsYXlfdGl0bGUiOmZhbHNlLCJkaXNwbGF5X2Rlc2NyaXB0aW9uIjpmYWxzZSwiaWQiOiJmb3JtXzYyNWZhNDQ4Mjk0NjkiLCJ2YWx1ZXMiOltdLCJzdWJtaXRfdGV4dCI6IkFkaFx1MDBlOXJleiBtYWludGVuYW50IiwicmVkaXJlY3QiOm51bGwsInRhcmdldCI6Imh0dHBzOlwvXC9wcmltZS1wb3N0cy5jb21cL2ZyXC93cC1qc29uXC93cFwvdjJcL3BhZ2VzXC8zNzc3IiwiZWNobyI6dHJ1ZSwiZXhjbHVkZV9maWVsZHMiOltdLCJ1cGxvYWRlciI6IndwIiwiZmlsdGVyX21vZGUiOmZhbHNlLCJsYWJlbF9wbGFjZW1lbnQiOiJ0b3AiLCJpbnN0cnVjdGlvbl9wbGFjZW1lbnQiOiJsYWJlbCIsImhvbmV5cG90Ijp0cnVlfQ==\"><input type=\"hidden\" name=\"af_form_nonce\" value=\"cf0e4afe63\"><input type=\"text\" name=\"email_for_non_humans\" tabindex=\"-1\" autocomplete=\"off\" \/><input type=\"hidden\" name=\"af_origin_url\" value=\"https:\/\/prime-posts.com\/fr\/wp-json\/wp\/v2\/pages\/3777\" \/><\/div><div class=\"field-column af-field af-field-type-text af-field-mr-first-name acf-field acf-field-text acf-field-625f9f6696b29 af-field-required\" data-name=\"mr_first_name\" data-key=\"field_625f9f6696b29\" data-type=\"text\"><div class=\"af-label acf-label\"><label for=\"acf-field_625f9f6696b29\">Pr\u00e9nom <span class=\"acf-required\">*<\/span><\/label><\/div><div class=\"af-input acf-input\"><div class=\"acf-input-wrap\"><input type=\"text\" id=\"acf-field_625f9f6696b29\" name=\"acf[field_625f9f6696b29]\" required=\"required\"\/><\/div><\/div><\/div><div class=\"field-column af-field af-field-type-text af-field-mr-last-name acf-field acf-field-text acf-field-625f9f6696b73 af-field-required\" data-name=\"mr_last_name\" data-key=\"field_625f9f6696b73\" data-type=\"text\"><div class=\"af-label acf-label\"><label for=\"acf-field_625f9f6696b73\">Nom de famille <span class=\"acf-required\">*<\/span><\/label><\/div><div class=\"af-input acf-input\"><div class=\"acf-input-wrap\"><input type=\"text\" id=\"acf-field_625f9f6696b73\" name=\"acf[field_625f9f6696b73]\" required=\"required\"\/><\/div><\/div><\/div><div class=\"field-column af-field af-field-type-text af-field-mr-job-title acf-field acf-field-text acf-field-625f9f6696bb1 af-field-required\" data-name=\"mr_job_title\" data-key=\"field_625f9f6696bb1\" data-type=\"text\"><div class=\"af-label acf-label\"><label for=\"acf-field_625f9f6696bb1\">Titre du poste <span class=\"acf-required\">*<\/span><\/label><\/div><div class=\"af-input acf-input\"><div class=\"acf-input-wrap\"><input type=\"text\" id=\"acf-field_625f9f6696bb1\" name=\"acf[field_625f9f6696bb1]\" required=\"required\"\/><\/div><\/div><\/div><div class=\"field-column af-field af-field-type-text af-field-mr-organisation acf-field acf-field-text acf-field-625f9f6696beb af-field-required\" data-name=\"mr_organisation\" data-key=\"field_625f9f6696beb\" data-type=\"text\"><div class=\"af-label acf-label\"><label for=\"acf-field_625f9f6696beb\">Organisation <span class=\"acf-required\">*<\/span><\/label><\/div><div class=\"af-input acf-input\"><div class=\"acf-input-wrap\"><input type=\"text\" id=\"acf-field_625f9f6696beb\" name=\"acf[field_625f9f6696beb]\" required=\"required\"\/><\/div><\/div><\/div><div class=\"af-field af-field-type-email af-field-mr-email acf-field acf-field-email acf-field-625f9f6696c25 af-field-required\" data-name=\"mr_email\" data-key=\"field_625f9f6696c25\" data-type=\"email\"><div class=\"af-label acf-label\"><label for=\"acf-field_625f9f6696c25\">Courriel <span class=\"acf-required\">*<\/span><\/label><\/div><div class=\"af-input acf-input\"><div class=\"acf-input-wrap\"><input type=\"email\" id=\"acf-field_625f9f6696c25\" name=\"acf[field_625f9f6696c25]\" required=\"required\"\/><\/div><\/div><\/div><div class=\"af-field af-field-type-text af-field-mr-phone acf-field acf-field-text acf-field-625f9f6696c60 af-field-required\" data-name=\"mr_phone\" data-key=\"field_625f9f6696c60\" data-type=\"text\"><div class=\"af-label acf-label\"><label for=\"acf-field_625f9f6696c60\">T\u00e9l\u00e9phone <span class=\"acf-required\">*<\/span><\/label><\/div><div class=\"af-input acf-input\"><div class=\"acf-input-wrap\"><input type=\"text\" id=\"acf-field_625f9f6696c60\" name=\"acf[field_625f9f6696c60]\" required=\"required\"\/><\/div><\/div><\/div><div class=\"af-field af-field-type-textarea af-field-mr-message acf-field acf-field-textarea acf-field-625f9f6696c9a af-field-required\" data-name=\"mr_message\" data-key=\"field_625f9f6696c9a\" data-type=\"textarea\"><div class=\"af-label acf-label\"><label for=\"acf-field_625f9f6696c9a\">Message <span class=\"acf-required\">*<\/span><\/label><\/div><div class=\"af-input acf-input\"><textarea id=\"acf-field_625f9f6696c9a\" name=\"acf[field_625f9f6696c9a]\" rows=\"8\" required=\"required\"><\/textarea><\/div><\/div><div class=\"af-submit acf-form-submit\"><button type=\"submit\" class=\"acf-button af-submit-button\">Adh\u00e9rez maintenant<\/button><span class=\"acf-spinner af-spinner\"><\/span><\/div><\/div><\/form>\n\n\n\n<p>Il faut envoyer une copie sign\u00e9e du formulaire rempli et portant le cachet officiel de votre Poste \u00e0&nbsp; <a href=\"mailto:cinzia.neri@prime-posts.com\" target=\"_blank\" rel=\"noreferrer noopener\"><mark style=\"background-color:rgba(0, 0, 0, 0)\" class=\"has-inline-color has-crimson-color\">cinzia.neri@prime-posts.com<\/mark><\/a><\/p>\n","protected":false},"excerpt":{"rendered":"<p>Rejoignez notre r\u00e9seau PRIME pour b\u00e9n\u00e9ficier d&rsquo;une gamme de solutions de suivi transfrontalier de paquets con\u00e7ues [&hellip;]<\/p>\n","protected":false},"author":1,"featured_media":0,"parent":0,"menu_order":61,"comment_status":"closed","ping_status":"closed","template":"","meta":{"footnotes":""},"class_list":["post-3777","page","type-page","status-publish","hentry",""],"acf":[],"yoast_head":"<!-- This site is optimized with the Yoast SEO plugin v26.6 - https:\/\/yoast.com\/wordpress\/plugins\/seo\/ -->\n<title>Rejoignez PRIME - PRIME<\/title>\n<meta name=\"robots\" content=\"index, follow, max-snippet:-1, max-image-preview:large, max-video-preview:-1\" \/>\n<link rel=\"canonical\" href=\"https:\/\/prime-posts.com\/fr\/join-us\/\" \/>\n<meta property=\"og:locale\" content=\"fr_FR\" \/>\n<meta property=\"og:type\" content=\"article\" \/>\n<meta property=\"og:title\" content=\"Rejoignez PRIME - PRIME\" \/>\n<meta property=\"og:description\" content=\"Rejoignez notre r\u00e9seau PRIME pour b\u00e9n\u00e9ficier d&#039;une gamme de solutions de suivi transfrontalier de paquets con\u00e7ues [&hellip;]\" \/>\n<meta property=\"og:url\" content=\"https:\/\/prime-posts.com\/fr\/join-us\/\" \/>\n<meta property=\"og:site_name\" content=\"PRIME\" \/>\n<meta property=\"article:modified_time\" content=\"2025-04-14T14:48:10+00:00\" \/>\n<meta name=\"twitter:card\" content=\"summary_large_image\" \/>\n<meta name=\"twitter:label1\" content=\"Dur\u00e9e de lecture estim\u00e9e\" \/>\n\t<meta name=\"twitter:data1\" content=\"1 minute\" \/>\n<script type=\"application\/ld+json\" class=\"yoast-schema-graph\">{\"@context\":\"https:\/\/schema.org\",\"@graph\":[{\"@type\":\"WebPage\",\"@id\":\"https:\/\/prime-posts.com\/fr\/join-us\/\",\"url\":\"https:\/\/prime-posts.com\/fr\/join-us\/\",\"name\":\"Rejoignez PRIME - PRIME\",\"isPartOf\":{\"@id\":\"https:\/\/prime-posts.com\/#website\"},\"datePublished\":\"2021-05-05T15:03:05+00:00\",\"dateModified\":\"2025-04-14T14:48:10+00:00\",\"inLanguage\":\"fr-FR\",\"potentialAction\":[{\"@type\":\"ReadAction\",\"target\":[\"https:\/\/prime-posts.com\/fr\/join-us\/\"]}]},{\"@type\":\"WebSite\",\"@id\":\"https:\/\/prime-posts.com\/#website\",\"url\":\"https:\/\/prime-posts.com\/\",\"name\":\"PRIME\",\"description\":\"Delivering the future in tracked packets\",\"publisher\":{\"@id\":\"https:\/\/prime-posts.com\/#organization\"},\"potentialAction\":[{\"@type\":\"SearchAction\",\"target\":{\"@type\":\"EntryPoint\",\"urlTemplate\":\"https:\/\/prime-posts.com\/?s={search_term_string}\"},\"query-input\":{\"@type\":\"PropertyValueSpecification\",\"valueRequired\":true,\"valueName\":\"search_term_string\"}}],\"inLanguage\":\"fr-FR\"},{\"@type\":\"Organization\",\"@id\":\"https:\/\/prime-posts.com\/#organization\",\"name\":\"PRIME\",\"url\":\"https:\/\/prime-posts.com\/\",\"logo\":{\"@type\":\"ImageObject\",\"inLanguage\":\"fr-FR\",\"@id\":\"https:\/\/prime-posts.com\/#\/schema\/logo\/image\/\",\"url\":\"http:\/\/prime-posts.test\/wp-content\/uploads\/2021\/11\/prime-logo@2x.png\",\"contentUrl\":\"http:\/\/prime-posts.test\/wp-content\/uploads\/2021\/11\/prime-logo@2x.png\",\"width\":1060,\"height\":218,\"caption\":\"PRIME\"},\"image\":{\"@id\":\"https:\/\/prime-posts.com\/#\/schema\/logo\/image\/\"},\"sameAs\":[\"https:\/\/www.linkedin.com\/company\/prime-posts\",\"https:\/\/www.youtube.com\/channel\/UCLldkKJXxRSKqAtq9ZgiPaQ\"]}]}<\/script>\n<!-- \/ Yoast SEO plugin. -->","yoast_head_json":{"title":"Rejoignez PRIME - PRIME","robots":{"index":"index","follow":"follow","max-snippet":"max-snippet:-1","max-image-preview":"max-image-preview:large","max-video-preview":"max-video-preview:-1"},"canonical":"https:\/\/prime-posts.com\/fr\/join-us\/","og_locale":"fr_FR","og_type":"article","og_title":"Rejoignez PRIME - PRIME","og_description":"Rejoignez notre r\u00e9seau PRIME pour b\u00e9n\u00e9ficier d'une gamme de solutions de suivi transfrontalier de paquets con\u00e7ues [&hellip;]","og_url":"https:\/\/prime-posts.com\/fr\/join-us\/","og_site_name":"PRIME","article_modified_time":"2025-04-14T14:48:10+00:00","twitter_card":"summary_large_image","twitter_misc":{"Dur\u00e9e de lecture estim\u00e9e":"1 minute"},"schema":{"@context":"https:\/\/schema.org","@graph":[{"@type":"WebPage","@id":"https:\/\/prime-posts.com\/fr\/join-us\/","url":"https:\/\/prime-posts.com\/fr\/join-us\/","name":"Rejoignez PRIME - PRIME","isPartOf":{"@id":"https:\/\/prime-posts.com\/#website"},"datePublished":"2021-05-05T15:03:05+00:00","dateModified":"2025-04-14T14:48:10+00:00","inLanguage":"fr-FR","potentialAction":[{"@type":"ReadAction","target":["https:\/\/prime-posts.com\/fr\/join-us\/"]}]},{"@type":"WebSite","@id":"https:\/\/prime-posts.com\/#website","url":"https:\/\/prime-posts.com\/","name":"PRIME","description":"Delivering the future in tracked packets","publisher":{"@id":"https:\/\/prime-posts.com\/#organization"},"potentialAction":[{"@type":"SearchAction","target":{"@type":"EntryPoint","urlTemplate":"https:\/\/prime-posts.com\/?s={search_term_string}"},"query-input":{"@type":"PropertyValueSpecification","valueRequired":true,"valueName":"search_term_string"}}],"inLanguage":"fr-FR"},{"@type":"Organization","@id":"https:\/\/prime-posts.com\/#organization","name":"PRIME","url":"https:\/\/prime-posts.com\/","logo":{"@type":"ImageObject","inLanguage":"fr-FR","@id":"https:\/\/prime-posts.com\/#\/schema\/logo\/image\/","url":"http:\/\/prime-posts.test\/wp-content\/uploads\/2021\/11\/prime-logo@2x.png","contentUrl":"http:\/\/prime-posts.test\/wp-content\/uploads\/2021\/11\/prime-logo@2x.png","width":1060,"height":218,"caption":"PRIME"},"image":{"@id":"https:\/\/prime-posts.com\/#\/schema\/logo\/image\/"},"sameAs":["https:\/\/www.linkedin.com\/company\/prime-posts","https:\/\/www.youtube.com\/channel\/UCLldkKJXxRSKqAtq9ZgiPaQ"]}]}},"_links":{"self":[{"href":"https:\/\/prime-posts.com\/fr\/wp-json\/wp\/v2\/pages\/3777","targetHints":{"allow":["GET"]}}],"collection":[{"href":"https:\/\/prime-posts.com\/fr\/wp-json\/wp\/v2\/pages"}],"about":[{"href":"https:\/\/prime-posts.com\/fr\/wp-json\/wp\/v2\/types\/page"}],"author":[{"embeddable":true,"href":"https:\/\/prime-posts.com\/fr\/wp-json\/wp\/v2\/users\/1"}],"replies":[{"embeddable":true,"href":"https:\/\/prime-posts.com\/fr\/wp-json\/wp\/v2\/comments?post=3777"}],"version-history":[{"count":0,"href":"https:\/\/prime-posts.com\/fr\/wp-json\/wp\/v2\/pages\/3777\/revisions"}],"wp:attachment":[{"href":"https:\/\/prime-posts.com\/fr\/wp-json\/wp\/v2\/media?parent=3777"}],"curies":[{"name":"wp","href":"https:\/\/api.w.org\/{rel}","templated":true}]}}