{"id":3711,"date":"2021-06-23T16:29:46","date_gmt":"2021-06-23T15:29:46","guid":{"rendered":"https:\/\/testprimeposts.wpengine.com\/?page_id=3711"},"modified":"2025-04-14T16:24:40","modified_gmt":"2025-04-14T15:24:40","slug":"fr-home-fr","status":"publish","type":"page","link":"https:\/\/prime-posts.com\/fr\/","title":{"rendered":"Accueil"},"content":{"rendered":"\n<div class=\"block-cta-teasers alignfull\">\n\t<div class=\"container\">\n\n\t\t\t\t\n\t\t<div class=\"grid grid--3-col\">\n\n\t\t\t\t\t\t\t\t<div class=\"grid__item\">\n\t\t\t\t<article class=\"block-cta-teasers__item card has-text-align-center\">\n\t\t\t\t\t<div class=\"card__header\">\n\t\t\t\t\t\t<div class=\"block-cta-teasers__icon icon-wrapper\">\n\t\t\t\t\t\t\n\t\t\t\t\t\t\t\t\t\t\t\t\t<img decoding=\"async\" src=\"https:\/\/prime-posts.com\/wp-content\/uploads\/2021\/07\/icon-service.svg\" alt=\"Accueil\" style='position: relative;height: 100%;' \/>\n\n\t\t\t\t\t\t\t\n\t\t\t\t\t\t\t\n\t\t\t\t\t\t\n\t\t\t\t\t\t<\/div>\n\t\t\t\t\t<\/div>\n\t\t\t\t\t<div class=\"card__body\">\n\t\t\t\t\t\t<h3 class=\"block-cta-teasers__title card__title  has-orange-color\">Am\u00e9liorez la qualit\u00e9 de service<\/h3>\n\t\t\t\t\t\t<p class=\"block-cta-teasers__excerpt card__excerpt\">depuis la communaut\u00e9 mondiale du commerce&nbsp;\u00e9lectronique<\/p>\n\t\t\t\t\t<\/div><!-- \/.card__body -->\n\t\t\t\t\t<div class=\"card__footer\">\n\t\t\t\t\t\n\t\t\t\t\t\t\t\t\t\t\t<a class=\"card__button button  has-orange-color\" href=\"\/fr\/services\/tracked\/\" target=\"\">Services de suivi de paquets<\/a>\n\t\t\t\t\t\n\t\t\t\t\t<\/div><!-- \/.card__footer -->\n\t\t\t\t<\/article><!-- \/.card -->\n\t\t\t<\/div><!-- \/.grid__item -->\n\t\t\t\t\t\t\t\t\t<div class=\"grid__item\">\n\t\t\t\t<article class=\"block-cta-teasers__item card has-text-align-center\">\n\t\t\t\t\t<div class=\"card__header\">\n\t\t\t\t\t\t<div class=\"block-cta-teasers__icon icon-wrapper\">\n\t\t\t\t\t\t\n\t\t\t\t\t\t\t\t\t\t\t\t\t<img decoding=\"async\" src=\"https:\/\/prime-posts.com\/wp-content\/uploads\/2021\/07\/icon-revenue.svg\" alt=\"Accueil\" style='position: relative;height: 100%;' \/>\n\n\t\t\t\t\t\t\t\n\t\t\t\t\t\t\t\n\t\t\t\t\t\t\n\t\t\t\t\t\t<\/div>\n\t\t\t\t\t<\/div>\n\t\t\t\t\t<div class=\"card__body\">\n\t\t\t\t\t\t<h3 class=\"block-cta-teasers__title card__title  has-green-color\">Augmentez vos revenus<\/h3>\n\t\t\t\t\t\t<p class=\"block-cta-teasers__excerpt card__excerpt\">gr\u00e2ce \u00e0 des accords de&nbsp;service<\/p>\n\t\t\t\t\t<\/div><!-- \/.card__body -->\n\t\t\t\t\t<div class=\"card__footer\">\n\t\t\t\t\t\n\t\t\t\t\t\t\t\t\t\t\t<a class=\"card__button button  has-green-color\" href=\"\/fr\/join-us\/\" target=\"\">Rejoignez la communaut\u00e9<\/a>\n\t\t\t\t\t\n\t\t\t\t\t<\/div><!-- \/.card__footer -->\n\t\t\t\t<\/article><!-- \/.card -->\n\t\t\t<\/div><!-- \/.grid__item -->\n\t\t\t\t\t\t\t\t\t<div class=\"grid__item\">\n\t\t\t\t<article class=\"block-cta-teasers__item card has-text-align-center\">\n\t\t\t\t\t<div class=\"card__header\">\n\t\t\t\t\t\t<div class=\"block-cta-teasers__icon icon-wrapper\">\n\t\t\t\t\t\t\n\t\t\t\t\t\t\t\t\t\t\t\t\t<img decoding=\"async\" src=\"https:\/\/prime-posts.com\/wp-content\/uploads\/2021\/07\/icon-enquiries.svg\" alt=\"Accueil\" style='position: relative;height: 100%;' \/>\n\n\t\t\t\t\t\t\t\n\t\t\t\t\t\t\t\n\t\t\t\t\t\t\n\t\t\t\t\t\t<\/div>\n\t\t\t\t\t<\/div>\n\t\t\t\t\t<div class=\"card__body\">\n\t\t\t\t\t\t<h3 class=\"block-cta-teasers__title card__title  has-red-color\">Facilitez vos demandes de renseignements<\/h3>\n\t\t\t\t\t\t<p class=\"block-cta-teasers__excerpt card__excerpt\">gr\u00e2ce \u00e0 notre Syst\u00e8me mondial de service client en&nbsp;ligne<\/p>\n\t\t\t\t\t<\/div><!-- \/.card__body -->\n\t\t\t\t\t<div class=\"card__footer\">\n\t\t\t\t\t\n\t\t\t\t\t\t\t\t\t\t\t<a class=\"card__button button  has-red-color\" href=\"\/fr\/services\/gcss\/\" target=\"\">Traitez vos demandes plus rapidement<\/a>\n\t\t\t\t\t\n\t\t\t\t\t<\/div><!-- \/.card__footer -->\n\t\t\t\t<\/article><!-- \/.card -->\n\t\t\t<\/div><!-- \/.grid__item -->\n\t\t\t\n\t\t<\/div><!-- \/.grid -->\n\t\t\t\t\n\t<\/div>\n<\/div><!-- \/.block-cta-teasers -->\n\n\n<div class=\"wp-block-group is-layout-flow wp-block-group-is-layout-flow\">\n<h2 class=\"wp-block-heading has-text-align-center is-style-display-light has-crimson-color has-text-color\"><a href=\"https:\/\/prime-posts.com\/fr\/join-us\/reasons-to-join\/\">Les avantages de rejoindre PRIME<\/a><\/h2>\n\n\n\n\n<div class=\"block-media-card\">\n\t<div class=\"grid grid--spaced\">\n\n\t\t\t\t<div class=\"grid__item\">\n\t\t\t<div class=\"card has-text-align-center\">\n\t\t\t\t<div class=\"card__header\">\n\t\t\t\t\t<figure class=\"embed\">\n\t\t\t\t\t\t<div class=\"embed__wrapper\">\n\t\t\t\t\t\t\t<iframe loading=\"lazy\" title=\"Prime video FR\" src=\"https:\/\/player.vimeo.com\/video\/1074357481?dnt=1&amp;app_id=122963\" width=\"356\" height=\"200\" frameborder=\"0\" allow=\"autoplay; fullscreen; picture-in-picture; clipboard-write; encrypted-media; web-share\" referrerpolicy=\"strict-origin-when-cross-origin\"><\/iframe>\t\t\t\t\t\t<\/div>\n\t\t\t\t\t<\/figure>\n\t\t\t\t<\/div>\n\t\t\t\t<div class=\"card__body\">\n                                <h3 class=\"card__title\"><a style=\"color:#d21245;\" href=\"\/fr\/about-us\/our-history\/\">L'histoire de Prime<\/a><\/h3>\n            <p class=\"card__excerpt\"><a style=\"color:#d21245;\" href=\"\/fr\/about-us\/our-history\/\">Comment nous avons construit un r\u00e9seau postal mondial<\/a><\/p>\n          \t\t\t\t<\/div>\n\t\t\t<\/div><!-- \/.card -->\n\t\t<\/div><!-- \/.grid__item -->\n\t\t\n\t<\/div><!-- \/.grid -->\n<\/div><!-- \/.block-media-card -->\n\n<\/div>\n\n\n\n<div class=\"wp-block-group is-layout-flow wp-block-group-is-layout-flow\">\n<h2 class=\"wp-block-heading has-text-align-center is-style-display-light has-crimson-color has-text-color\">Solutions transfrontali\u00e8res de suivi de paquets<\/h2>\n\n\n\n<div class=\"wp-block-group is-layout-constrained wp-block-group-is-layout-constrained\">\n<div class=\"block-featured-excerpts solution-block-fr\">\n\n\t\t\t\n\t\t<div class=\"grid grid--spaced grid--3-col\">\n\t\t\n\t\t\t\t\t\n\t\t\t<div class=\"grid__item\">\n\t\t\t\t\n\t\t\t\t<article class=\"card\">\n\t\t\t\t\t\n\t\t\t\t\t<div class=\"card__header\">\n\t\t\t\t\t\t<figure class=\"card__figure has-border-rad-2x\">\n\t\t\t\t\t\t\t\t\t\t\t\t\t\t\t<img decoding=\"async\" class=\"card__image\" src=\"https:\/\/prime-posts.com\/wp-content\/uploads\/2021\/08\/hero-11-580x400.jpg\" alt=\"\">\n\t\t\t\t\t\t\t\t\t\t\t\t\t<\/figure>\n\t\t\t\t\t<\/div><!-- \/.card__header -->\n\t\t\t\t\t\n\t\t\t\t\t<div class=\"card__body\">\n\t\t\t\t\t\t<h3 class=\"card__title\">Raisons de&nbsp;rejoindre<\/h3>\n\t\t\t\t\t\t<p class=\"card__excerpt\">\n\t\t\t\t\t\t\tAcc\u00e9dez \u00e0 un r\u00e9seau mondial d&#039;op\u00e9rateurs postaux fournissant des services de commerce \u00e9lectronique.\t\t\t\t\t\t<\/p>\n\t\t\t\t\t<\/div><!-- \/.card__body -->\n\t\t\t\t\t\n\t\t\t\t\t<div class=\"card__footer\">\n\t\t\t\t\t\t<a class=\"card__button button\" href=\"https:\/\/prime-posts.com\/fr\/join-us\/reasons-to-join\/\">Find out more<\/a>\n\t\t\t\t\t<\/div><!-- \/.card__footer -->\n\t\t\t\t<\/article><!-- \/.card -->\n\t\t\t<\/div><!-- \/.grid__item -->\n\n\t\t\t\t\t\n\t\t\t<div class=\"grid__item\">\n\t\t\t\t\n\t\t\t\t<article class=\"card\">\n\t\t\t\t\t\n\t\t\t\t\t<div class=\"card__header\">\n\t\t\t\t\t\t<figure class=\"card__figure has-border-rad-2x\">\n\t\t\t\t\t\t\t\t\t\t\t\t\t\t\t<img decoding=\"async\" class=\"card__image\" src=\"https:\/\/prime-posts.com\/wp-content\/uploads\/2021\/08\/hero-7-580x400.jpg\" alt=\"\">\n\t\t\t\t\t\t\t\t\t\t\t\t\t<\/figure>\n\t\t\t\t\t<\/div><!-- \/.card__header -->\n\t\t\t\t\t\n\t\t\t\t\t<div class=\"card__body\">\n\t\t\t\t\t\t<h3 class=\"card__title\">PRIME&nbsp;Suivi<\/h3>\n\t\t\t\t\t\t<p class=\"card__excerpt\">\n\t\t\t\t\t\t\tCon\u00e7u pour les entreprises de commerce \u00e9lectronique qui privil\u00e9gient le faible co\u00fbt \u00e0 la vitesse.\t\t\t\t\t\t<\/p>\n\t\t\t\t\t<\/div><!-- \/.card__body -->\n\t\t\t\t\t\n\t\t\t\t\t<div class=\"card__footer\">\n\t\t\t\t\t\t<a class=\"card__button button\" href=\"https:\/\/prime-posts.com\/fr\/services\/tracked\/\">Find out more<\/a>\n\t\t\t\t\t<\/div><!-- \/.card__footer -->\n\t\t\t\t<\/article><!-- \/.card -->\n\t\t\t<\/div><!-- \/.grid__item -->\n\n\t\t\t\t\t\n\t\t\t<div class=\"grid__item\">\n\t\t\t\t\n\t\t\t\t<article class=\"card\">\n\t\t\t\t\t\n\t\t\t\t\t<div class=\"card__header\">\n\t\t\t\t\t\t<figure class=\"card__figure has-border-rad-2x\">\n\t\t\t\t\t\t\t\t\t\t\t\t\t\t\t<img decoding=\"async\" class=\"card__image\" src=\"https:\/\/prime-posts.com\/wp-content\/uploads\/2021\/08\/hero-10-580x400.jpg\" alt=\"\">\n\t\t\t\t\t\t\t\t\t\t\t\t\t<\/figure>\n\t\t\t\t\t<\/div><!-- \/.card__header -->\n\t\t\t\t\t\n\t\t\t\t\t<div class=\"card__body\">\n\t\t\t\t\t\t<h3 class=\"card__title\">PRIME&nbsp;Expr\u00e8s<\/h3>\n\t\t\t\t\t\t<p class=\"card__excerpt\">\n\t\t\t\t\t\t\tUne option premium pour les articles de commerce \u00e9lectronique qui n\u00e9cessitent une livraison plus rapide.\t\t\t\t\t\t<\/p>\n\t\t\t\t\t<\/div><!-- \/.card__body -->\n\t\t\t\t\t\n\t\t\t\t\t<div class=\"card__footer\">\n\t\t\t\t\t\t<a class=\"card__button button\" href=\"https:\/\/prime-posts.com\/fr\/services\/expres\/\">Find out more<\/a>\n\t\t\t\t\t<\/div><!-- \/.card__footer -->\n\t\t\t\t<\/article><!-- \/.card -->\n\t\t\t<\/div><!-- \/.grid__item -->\n\n\t\t\t\t\t\n\t\t\t<div class=\"grid__item\">\n\t\t\t\t\n\t\t\t\t<article class=\"card\">\n\t\t\t\t\t\n\t\t\t\t\t<div class=\"card__header\">\n\t\t\t\t\t\t<figure class=\"card__figure has-border-rad-2x\">\n\t\t\t\t\t\t\t\t\t\t\t\t\t\t\t<img decoding=\"async\" class=\"card__image\" src=\"https:\/\/prime-posts.com\/wp-content\/uploads\/2021\/08\/hero-3-580x400.jpg\" alt=\"\">\n\t\t\t\t\t\t\t\t\t\t\t\t\t<\/figure>\n\t\t\t\t\t<\/div><!-- \/.card__header -->\n\t\t\t\t\t\n\t\t\t\t\t<div class=\"card__body\">\n\t\t\t\t\t\t<h3 class=\"card__title\">PRIME&nbsp;Recommand\u00e9<\/h3>\n\t\t\t\t\t\t<p class=\"card__excerpt\">\n\t\t\t\t\t\t\tId\u00e9al pour les articles de valeur qui n\u00e9cessitent un suivi et une signature \u00e0 la livraison.\t\t\t\t\t\t<\/p>\n\t\t\t\t\t<\/div><!-- \/.card__body -->\n\t\t\t\t\t\n\t\t\t\t\t<div class=\"card__footer\">\n\t\t\t\t\t\t<a class=\"card__button button\" href=\"https:\/\/prime-posts.com\/fr\/services\/registered\/\">Find out more<\/a>\n\t\t\t\t\t<\/div><!-- \/.card__footer -->\n\t\t\t\t<\/article><!-- \/.card -->\n\t\t\t<\/div><!-- \/.grid__item -->\n\n\t\t\t\t\t\n\t\t\t<div class=\"grid__item\">\n\t\t\t\t\n\t\t\t\t<article class=\"card\">\n\t\t\t\t\t\n\t\t\t\t\t<div class=\"card__header\">\n\t\t\t\t\t\t<figure class=\"card__figure has-border-rad-2x\">\n\t\t\t\t\t\t\t\t\t\t\t\t\t\t\t<img decoding=\"async\" class=\"card__image\" src=\"https:\/\/prime-posts.com\/wp-content\/uploads\/2021\/08\/hero-6-flipped-580x400.jpg\" alt=\"\">\n\t\t\t\t\t\t\t\t\t\t\t\t\t<\/figure>\n\t\t\t\t\t<\/div><!-- \/.card__header -->\n\t\t\t\t\t\n\t\t\t\t\t<div class=\"card__body\">\n\t\t\t\t\t\t<h3 class=\"card__title\">Service international de retour de marchandises&nbsp;PRIME<\/h3>\n\t\t\t\t\t\t<p class=\"card__excerpt\">\n\t\t\t\t\t\t\tCon\u00e7u pour que les vendeurs en ligne puissent concurrencer avec le suivi des retours pr\u00e9-affranchis.\t\t\t\t\t\t<\/p>\n\t\t\t\t\t<\/div><!-- \/.card__body -->\n\t\t\t\t\t\n\t\t\t\t\t<div class=\"card__footer\">\n\t\t\t\t\t\t<a class=\"card__button button\" href=\"https:\/\/prime-posts.com\/fr\/services\/imrs\/\">Find out more<\/a>\n\t\t\t\t\t<\/div><!-- \/.card__footer -->\n\t\t\t\t<\/article><!-- \/.card -->\n\t\t\t<\/div><!-- \/.grid__item -->\n\n\t\t\t\t\t\n\t\t\t<div class=\"grid__item\">\n\t\t\t\t\n\t\t\t\t<article class=\"card\">\n\t\t\t\t\t\n\t\t\t\t\t<div class=\"card__header\">\n\t\t\t\t\t\t<figure class=\"card__figure has-border-rad-2x\">\n\t\t\t\t\t\t\t\t\t\t\t\t\t\t\t<img decoding=\"async\" class=\"card__image\" src=\"https:\/\/prime-posts.com\/wp-content\/uploads\/2021\/08\/hero-12-580x400.jpg\" alt=\"\">\n\t\t\t\t\t\t\t\t\t\t\t\t\t<\/figure>\n\t\t\t\t\t<\/div><!-- \/.card__header -->\n\t\t\t\t\t\n\t\t\t\t\t<div class=\"card__body\">\n\t\t\t\t\t\t<h3 class=\"card__title\">Syst\u00e8me mondial de service client&nbsp;(GCSS)<\/h3>\n\t\t\t\t\t\t<p class=\"card__excerpt\">\n\t\t\t\t\t\t\tUn outil homog\u00e8ne, avec une seule vue de suivi des livraisons et des retours.\t\t\t\t\t\t<\/p>\n\t\t\t\t\t<\/div><!-- \/.card__body -->\n\t\t\t\t\t\n\t\t\t\t\t<div class=\"card__footer\">\n\t\t\t\t\t\t<a class=\"card__button button\" href=\"https:\/\/prime-posts.com\/fr\/services\/gcss\/\">Find out more<\/a>\n\t\t\t\t\t<\/div><!-- \/.card__footer -->\n\t\t\t\t<\/article><!-- \/.card -->\n\t\t\t<\/div><!-- \/.grid__item -->\n\n\t\t\n\t\t<\/div><!-- \/.grid -->\n\n\t\t\n<\/div><!-- \/.block-featured-excerpts -->\n<\/div>\n<\/div>\n","protected":false},"excerpt":{"rendered":"<p>Les avantages de rejoindre PRIME Solutions transfrontali\u00e8res de suivi de paquets<\/p>\n","protected":false},"author":1,"featured_media":0,"parent":0,"menu_order":21,"comment_status":"closed","ping_status":"closed","template":"","meta":{"footnotes":""},"class_list":["post-3711","page","type-page","status-publish","hentry",""],"acf":[],"yoast_head":"<!-- This site is optimized with the Yoast SEO plugin v26.6 - https:\/\/yoast.com\/wordpress\/plugins\/seo\/ -->\n<title>Accueil - PRIME<\/title>\n<meta name=\"robots\" content=\"index, follow, max-snippet:-1, max-image-preview:large, max-video-preview:-1\" \/>\n<link rel=\"canonical\" href=\"https:\/\/prime-posts.com\/fr\/\" \/>\n<meta property=\"og:locale\" content=\"fr_FR\" \/>\n<meta property=\"og:type\" content=\"article\" \/>\n<meta property=\"og:title\" content=\"Accueil - PRIME\" \/>\n<meta property=\"og:description\" content=\"Les avantages de rejoindre PRIME Solutions transfrontali\u00e8res de suivi de paquets\" \/>\n<meta property=\"og:url\" content=\"https:\/\/prime-posts.com\/fr\/\" \/>\n<meta property=\"og:site_name\" content=\"PRIME\" \/>\n<meta property=\"article:modified_time\" content=\"2025-04-14T15:24:40+00:00\" \/>\n<meta name=\"twitter:card\" content=\"summary_large_image\" \/>\n<meta name=\"twitter:label1\" content=\"Dur\u00e9e de lecture estim\u00e9e\" \/>\n\t<meta name=\"twitter:data1\" content=\"1 minute\" \/>\n<script type=\"application\/ld+json\" class=\"yoast-schema-graph\">{\"@context\":\"https:\/\/schema.org\",\"@graph\":[{\"@type\":\"WebPage\",\"@id\":\"https:\/\/prime-posts.com\/fr\/\",\"url\":\"https:\/\/prime-posts.com\/fr\/\",\"name\":\"Accueil - PRIME\",\"isPartOf\":{\"@id\":\"https:\/\/prime-posts.com\/#website\"},\"datePublished\":\"2021-06-23T15:29:46+00:00\",\"dateModified\":\"2025-04-14T15:24:40+00:00\",\"inLanguage\":\"fr-FR\",\"potentialAction\":[{\"@type\":\"ReadAction\",\"target\":[\"https:\/\/prime-posts.com\/fr\/\"]}]},{\"@type\":\"WebSite\",\"@id\":\"https:\/\/prime-posts.com\/#website\",\"url\":\"https:\/\/prime-posts.com\/\",\"name\":\"PRIME\",\"description\":\"Delivering the future in tracked packets\",\"publisher\":{\"@id\":\"https:\/\/prime-posts.com\/#organization\"},\"potentialAction\":[{\"@type\":\"SearchAction\",\"target\":{\"@type\":\"EntryPoint\",\"urlTemplate\":\"https:\/\/prime-posts.com\/?s={search_term_string}\"},\"query-input\":{\"@type\":\"PropertyValueSpecification\",\"valueRequired\":true,\"valueName\":\"search_term_string\"}}],\"inLanguage\":\"fr-FR\"},{\"@type\":\"Organization\",\"@id\":\"https:\/\/prime-posts.com\/#organization\",\"name\":\"PRIME\",\"url\":\"https:\/\/prime-posts.com\/\",\"logo\":{\"@type\":\"ImageObject\",\"inLanguage\":\"fr-FR\",\"@id\":\"https:\/\/prime-posts.com\/#\/schema\/logo\/image\/\",\"url\":\"http:\/\/prime-posts.test\/wp-content\/uploads\/2021\/11\/prime-logo@2x.png\",\"contentUrl\":\"http:\/\/prime-posts.test\/wp-content\/uploads\/2021\/11\/prime-logo@2x.png\",\"width\":1060,\"height\":218,\"caption\":\"PRIME\"},\"image\":{\"@id\":\"https:\/\/prime-posts.com\/#\/schema\/logo\/image\/\"},\"sameAs\":[\"https:\/\/www.linkedin.com\/company\/prime-posts\",\"https:\/\/www.youtube.com\/channel\/UCLldkKJXxRSKqAtq9ZgiPaQ\"]}]}<\/script>\n<!-- \/ Yoast SEO plugin. -->","yoast_head_json":{"title":"Accueil - PRIME","robots":{"index":"index","follow":"follow","max-snippet":"max-snippet:-1","max-image-preview":"max-image-preview:large","max-video-preview":"max-video-preview:-1"},"canonical":"https:\/\/prime-posts.com\/fr\/","og_locale":"fr_FR","og_type":"article","og_title":"Accueil - PRIME","og_description":"Les avantages de rejoindre PRIME Solutions transfrontali\u00e8res de suivi de paquets","og_url":"https:\/\/prime-posts.com\/fr\/","og_site_name":"PRIME","article_modified_time":"2025-04-14T15:24:40+00:00","twitter_card":"summary_large_image","twitter_misc":{"Dur\u00e9e de lecture estim\u00e9e":"1 minute"},"schema":{"@context":"https:\/\/schema.org","@graph":[{"@type":"WebPage","@id":"https:\/\/prime-posts.com\/fr\/","url":"https:\/\/prime-posts.com\/fr\/","name":"Accueil - PRIME","isPartOf":{"@id":"https:\/\/prime-posts.com\/#website"},"datePublished":"2021-06-23T15:29:46+00:00","dateModified":"2025-04-14T15:24:40+00:00","inLanguage":"fr-FR","potentialAction":[{"@type":"ReadAction","target":["https:\/\/prime-posts.com\/fr\/"]}]},{"@type":"WebSite","@id":"https:\/\/prime-posts.com\/#website","url":"https:\/\/prime-posts.com\/","name":"PRIME","description":"Delivering the future in tracked packets","publisher":{"@id":"https:\/\/prime-posts.com\/#organization"},"potentialAction":[{"@type":"SearchAction","target":{"@type":"EntryPoint","urlTemplate":"https:\/\/prime-posts.com\/?s={search_term_string}"},"query-input":{"@type":"PropertyValueSpecification","valueRequired":true,"valueName":"search_term_string"}}],"inLanguage":"fr-FR"},{"@type":"Organization","@id":"https:\/\/prime-posts.com\/#organization","name":"PRIME","url":"https:\/\/prime-posts.com\/","logo":{"@type":"ImageObject","inLanguage":"fr-FR","@id":"https:\/\/prime-posts.com\/#\/schema\/logo\/image\/","url":"http:\/\/prime-posts.test\/wp-content\/uploads\/2021\/11\/prime-logo@2x.png","contentUrl":"http:\/\/prime-posts.test\/wp-content\/uploads\/2021\/11\/prime-logo@2x.png","width":1060,"height":218,"caption":"PRIME"},"image":{"@id":"https:\/\/prime-posts.com\/#\/schema\/logo\/image\/"},"sameAs":["https:\/\/www.linkedin.com\/company\/prime-posts","https:\/\/www.youtube.com\/channel\/UCLldkKJXxRSKqAtq9ZgiPaQ"]}]}},"_links":{"self":[{"href":"https:\/\/prime-posts.com\/fr\/wp-json\/wp\/v2\/pages\/3711","targetHints":{"allow":["GET"]}}],"collection":[{"href":"https:\/\/prime-posts.com\/fr\/wp-json\/wp\/v2\/pages"}],"about":[{"href":"https:\/\/prime-posts.com\/fr\/wp-json\/wp\/v2\/types\/page"}],"author":[{"embeddable":true,"href":"https:\/\/prime-posts.com\/fr\/wp-json\/wp\/v2\/users\/1"}],"replies":[{"embeddable":true,"href":"https:\/\/prime-posts.com\/fr\/wp-json\/wp\/v2\/comments?post=3711"}],"version-history":[{"count":0,"href":"https:\/\/prime-posts.com\/fr\/wp-json\/wp\/v2\/pages\/3711\/revisions"}],"wp:attachment":[{"href":"https:\/\/prime-posts.com\/fr\/wp-json\/wp\/v2\/media?parent=3711"}],"curies":[{"name":"wp","href":"https:\/\/api.w.org\/{rel}","templated":true}]}}