{"id":4310,"date":"2021-05-06T13:08:43","date_gmt":"2021-05-06T12:08:43","guid":{"rendered":"https:\/\/testprimeposts.wpengine.com\/terms-conditions\/"},"modified":"2023-02-22T15:27:22","modified_gmt":"2023-02-22T15:27:22","slug":"terms-conditions","status":"publish","type":"page","link":"https:\/\/prime-posts.com\/es\/terms-conditions\/","title":{"rendered":"T\u00e9rminos y condiciones"},"content":{"rendered":"\n<p>El acceso a este sitio y el uso de la informaci\u00f3n contenida en \u00e9l se rigen por los t\u00e9rminos y condiciones que se exponen a continuaci\u00f3n. Dado que son para su protecci\u00f3n y la de PRIME (oficina de administraci\u00f3n en International Post Corporation, Avenue du Bourget 44, 1130 Bruselas, B\u00e9lgica) (en lo sucesivo, \"PRIME\"), le rogamos que los lea detenidamente. Al utilizar este Sitio web se considerar\u00e1 que ha aceptado estos t\u00e9rminos y condiciones. Tenga en cuenta que este Sitio web es propiedad de PRIME y est\u00e1 gestionado por ella, y que las referencias a \"nosotros\", \"nos\" y \"nuestro\" se refieren a PRIME.<\/p>\n\n\n\n<ol class=\"wp-block-list\">\n<li>Los derechos de autor de este sitio y la informaci\u00f3n que en \u00e9l se expone nos pertenecen a nosotros o a nuestros licenciantes y no pueden ser copiados, transmitidos o reproducidos sin nuestro consentimiento previo. Todos los avisos de derechos de autor, marcas comerciales y otros avisos de propiedad deben dejarse intactos.<br>Salvo que se especifique lo contrario, el contenido de todas las p\u00e1ginas de este sitio es propiedad de PRIME o de sus licenciantes.\n<ol class=\"is-style-roman wp-block-list\">\n<li>Queda prohibida la reproducci\u00f3n total o parcial de los contenidos de las p\u00e1ginas en cualquier forma que no sea de acuerdo con los siguientes permisos. Se le concede una licencia no exclusiva e intransferible con el \u00fanico fin de utilizar este sitio y cualquier servicio disponible en el mismo. Puede realizar una copia transitoria almacenada electr\u00f3nicamente de estas p\u00e1ginas de este sitio con el \u00fanico prop\u00f3sito de verlas en l\u00ednea. Puede realizar una copia impresa de estas p\u00e1ginas con fines exclusivamente no comerciales.<\/li>\n\n\n\n<li>Salvo que se especifique de otro modo, el autor o autores de las obras literarias y art\u00edsticas expuestas en las p\u00e1ginas contenidas en este sitio han hecho valer sus derechos morales para ser identificados como autores de dichas obras.<\/li>\n\n\n\n<li>Esta licencia no permite la incorporaci\u00f3n del material o de cualquier parte del mismo en ninguna otra obra o publicaci\u00f3n, ya sea en formato impreso o electr\u00f3nico o en cualquier otra forma. En particular (pero sin limitaci\u00f3n) ninguna parte de este sitio puede ser distribuida o copiada con fines comerciales.<\/li>\n\n\n\n<li>Ninguna parte de este sitio puede ser reproducida, transmitida o almacenada en ning\u00fan otro sitio web u otra forma de recuperaci\u00f3n electr\u00f3nica.<\/li>\n<\/ol>\n<\/li>\n\n\n\n<li>Algunas p\u00e1ginas de este sitio contienen enlaces de hipertexto a sitios web no mantenidos por PRIME. Le recordamos que cuando acceda a otros sitios web a trav\u00e9s de dichos enlaces de hipertexto, no estar\u00e1 sujeto a estos t\u00e9rminos y condiciones y no se beneficiar\u00e1 de las protecciones que le ofrece el uso de nuestro sitio. No seremos responsables en modo alguno del contenido, la disponibilidad o el uso de dichos enlaces a sitios web y usted utilizar\u00e1 dichos enlaces por su cuenta y riesgo.<\/li>\n\n\n\n<li>Usted garantiza que utilizar\u00e1 este sitio de acuerdo con todos los t\u00e9rminos y condiciones que se aplican a dicho uso y acepta indemnizar a PRIME por cualquier responsabilidad que se derive del uso que usted haga de este sitio.<\/li>\n\n\n\n<li>El uso de este sitio o la distribuci\u00f3n de la informaci\u00f3n contenida en \u00e9l puede estar restringido por la legislaci\u00f3n o la normativa local en determinadas jurisdicciones y este sitio web no est\u00e1 destinado a su uso ni a la distribuci\u00f3n de la informaci\u00f3n en dichas jurisdicciones, por lo que las personas que accedan a este sitio web deber\u00e1n informarse sobre dichas restricciones y respetarlas.<\/li>\n\n\n\n<li>No se permite a ning\u00fan tercero establecer un enlace con este sitio web sin obtener nuestro consentimiento previo por escrito.<\/li>\n\n\n\n<li>Tenga en cuenta que el env\u00edo de informaci\u00f3n personal por correo electr\u00f3nico a trav\u00e9s de Internet puede no ser seguro y puede ser interceptado por terceros o entregado incorrectamente. No debe divulgar informaci\u00f3n confidencial o personal a trav\u00e9s de Internet a menos que utilice una tecnolog\u00eda de comunicaci\u00f3n segura o encriptada.<\/li>\n\n\n\n<li>El contenido de este sitio, incluidos estos t\u00e9rminos y condiciones, est\u00e1 sujeto a cambios por nuestra parte sin notific\u00e1rselo a usted. No aceptamos ninguna responsabilidad por mantener la informaci\u00f3n de este sitio actualizada o por no hacerlo.<\/li>\n\n\n\n<li>Descargo de responsabilidad<br>La informaci\u00f3n contenida en este sitio es solo para fines informativos. Aunque se ha puesto todo el cuidado posible en su preparaci\u00f3n, no ofrecemos ninguna garant\u00eda ni declaraci\u00f3n en cuanto a su completud, exactitud o fiabilidad. Aunque hemos hecho todos los esfuerzos razonables para asegurar que toda la informaci\u00f3n del sitio es exacta en el momento de su inclusi\u00f3n, no declaramos que ese sea el caso y no debe confiarse en ella como tal. No aceptamos ni asumimos ninguna responsabilidad ante usted en relaci\u00f3n con el contenido de este sitio. El acceso a este sitio y su uso queda por cuenta y riesgo de los usuarios y no declaramos ni garantizamos que el uso de este sitio o cualquier material descargado de \u00e9l no cause da\u00f1os a la propiedad, incluyendo pero sin limitarse a ello, la p\u00e9rdida de datos o la infecci\u00f3n por virus inform\u00e1ticos. En ning\u00fan caso aceptamos responsabilidad de ning\u00fan tipo, incluida la responsabilidad por negligencia, por cualquier da\u00f1o resultante de la p\u00e9rdida de uso, datos o beneficios que surja de o en relaci\u00f3n con el acceso, uso o rendimiento de este sitio o cualquiera de sus contenidos. No aceptamos ninguna responsabilidad por cualquier inexactitud u omisi\u00f3n en este sitio. Todas las garant\u00edas impl\u00edcitas quedan excluidas en la mayor medida permitida por la ley. Nos reservamos el derecho de actualizar o modificar la informaci\u00f3n de este sitio, incluidos estos t\u00e9rminos y condiciones, en cualquier momento sin necesidad de notificar las modificaciones. PRIME no ofrece ninguna garant\u00eda de uso ininterrumpido de este sitio y PRIME no acepta ninguna responsabilidad por cualquier informaci\u00f3n publicada en este sitio por terceros.<\/li>\n\n\n\n<li>Usted se asegurar\u00e1 de que el uso que usted haga de este sitio web cumpla con todas las leyes y reglamentos aplicables, incluyendo, pero sin limitarse a ello, los principios legales que protegen contra la vulneraci\u00f3n de los derechos de autor, los secretos comerciales, la informaci\u00f3n de propiedad y otros derechos de propiedad intelectual, la responsabilidad o la difamaci\u00f3n de car\u00e1cter, la invasi\u00f3n de la privacidad o la interferencia dolosa.<\/li>\n\n\n\n<li>Ninguna transmisi\u00f3n de datos por Internet puede garantizarse como totalmente segura. Aunque nos esforzamos por proteger dicha informaci\u00f3n, no garantizamos ni podemos asegurar la seguridad de cualquier informaci\u00f3n que nos transmita. Por lo tanto, cualquier informaci\u00f3n que usted nos transmita ser\u00e1 bajo su propio riesgo. No obstante, una vez que recibamos su transmisi\u00f3n, tomaremos medidas razonables para preservar la seguridad de dicha informaci\u00f3n.<\/li>\n\n\n\n<li>Usted se compromete a no enviar ni publicar ning\u00fan material ofensivo, difamatorio o il\u00edcito que pueda fomentar o constituir un delito, responsabilidad civil o la violaci\u00f3n de una ley.<\/li>\n\n\n\n<li>PRIME se reserva el derecho de supervisar o revisar el contenido del sitio web, pero no est\u00e1 obligada a hacerlo y no asume ninguna responsabilidad por el contenido del mismo.<\/li>\n\n\n\n<li>PRIME se reserva el derecho de eliminar cualquier material publicado en el sitio web a su absoluta discrecionalidad.<\/li>\n\n\n\n<li>PRIME puede revelar su identidad a las partes pertinentes para ayudar en una investigaci\u00f3n.<\/li>\n\n\n\n<li>Usted garantiza que la informaci\u00f3n que ingresa en este sitio es exacta y nos indemniza por cualquier da\u00f1o o costo legal derivado de cualquier acci\u00f3n emprendida contra nosotros en relaci\u00f3n con el material publicado por usted.<\/li>\n<\/ol>\n","protected":false},"excerpt":{"rendered":"<p>El acceso a este sitio y el uso de la informaci\u00f3n contenida en \u00e9l se rigen [&hellip;]<\/p>\n","protected":false},"author":1,"featured_media":0,"parent":0,"menu_order":92,"comment_status":"closed","ping_status":"closed","template":"","meta":{"footnotes":""},"class_list":["post-4310","page","type-page","status-publish","hentry",""],"acf":[],"yoast_head":"<!-- This site is optimized with the Yoast SEO plugin v26.6 - https:\/\/yoast.com\/wordpress\/plugins\/seo\/ -->\n<title>T\u00e9rminos y condiciones - PRIME<\/title>\n<meta name=\"robots\" content=\"index, follow, max-snippet:-1, max-image-preview:large, max-video-preview:-1\" \/>\n<link rel=\"canonical\" href=\"https:\/\/prime-posts.com\/es\/terms-conditions\/\" \/>\n<meta property=\"og:locale\" content=\"es_ES\" \/>\n<meta property=\"og:type\" content=\"article\" \/>\n<meta property=\"og:title\" content=\"T\u00e9rminos y condiciones - PRIME\" \/>\n<meta property=\"og:description\" content=\"El acceso a este sitio y el uso de la informaci\u00f3n contenida en \u00e9l se rigen [&hellip;]\" \/>\n<meta property=\"og:url\" content=\"https:\/\/prime-posts.com\/es\/terms-conditions\/\" \/>\n<meta property=\"og:site_name\" content=\"PRIME\" \/>\n<meta property=\"article:modified_time\" content=\"2023-02-22T15:27:22+00:00\" \/>\n<meta name=\"twitter:card\" content=\"summary_large_image\" \/>\n<meta name=\"twitter:label1\" content=\"Tiempo de lectura\" \/>\n\t<meta name=\"twitter:data1\" content=\"6 minutos\" \/>\n<script type=\"application\/ld+json\" class=\"yoast-schema-graph\">{\"@context\":\"https:\/\/schema.org\",\"@graph\":[{\"@type\":\"WebPage\",\"@id\":\"https:\/\/prime-posts.com\/es\/terms-conditions\/\",\"url\":\"https:\/\/prime-posts.com\/es\/terms-conditions\/\",\"name\":\"T\u00e9rminos y condiciones - PRIME\",\"isPartOf\":{\"@id\":\"https:\/\/prime-posts.com\/#website\"},\"datePublished\":\"2021-05-06T12:08:43+00:00\",\"dateModified\":\"2023-02-22T15:27:22+00:00\",\"inLanguage\":\"es\",\"potentialAction\":[{\"@type\":\"ReadAction\",\"target\":[\"https:\/\/prime-posts.com\/es\/terms-conditions\/\"]}]},{\"@type\":\"WebSite\",\"@id\":\"https:\/\/prime-posts.com\/#website\",\"url\":\"https:\/\/prime-posts.com\/\",\"name\":\"PRIME\",\"description\":\"Delivering the future in tracked packets\",\"publisher\":{\"@id\":\"https:\/\/prime-posts.com\/#organization\"},\"potentialAction\":[{\"@type\":\"SearchAction\",\"target\":{\"@type\":\"EntryPoint\",\"urlTemplate\":\"https:\/\/prime-posts.com\/?s={search_term_string}\"},\"query-input\":{\"@type\":\"PropertyValueSpecification\",\"valueRequired\":true,\"valueName\":\"search_term_string\"}}],\"inLanguage\":\"es\"},{\"@type\":\"Organization\",\"@id\":\"https:\/\/prime-posts.com\/#organization\",\"name\":\"PRIME\",\"url\":\"https:\/\/prime-posts.com\/\",\"logo\":{\"@type\":\"ImageObject\",\"inLanguage\":\"es\",\"@id\":\"https:\/\/prime-posts.com\/#\/schema\/logo\/image\/\",\"url\":\"http:\/\/prime-posts.test\/wp-content\/uploads\/2021\/11\/prime-logo@2x.png\",\"contentUrl\":\"http:\/\/prime-posts.test\/wp-content\/uploads\/2021\/11\/prime-logo@2x.png\",\"width\":1060,\"height\":218,\"caption\":\"PRIME\"},\"image\":{\"@id\":\"https:\/\/prime-posts.com\/#\/schema\/logo\/image\/\"},\"sameAs\":[\"https:\/\/www.linkedin.com\/company\/prime-posts\",\"https:\/\/www.youtube.com\/channel\/UCLldkKJXxRSKqAtq9ZgiPaQ\"]}]}<\/script>\n<!-- \/ Yoast SEO plugin. -->","yoast_head_json":{"title":"T\u00e9rminos y condiciones - PRIME","robots":{"index":"index","follow":"follow","max-snippet":"max-snippet:-1","max-image-preview":"max-image-preview:large","max-video-preview":"max-video-preview:-1"},"canonical":"https:\/\/prime-posts.com\/es\/terms-conditions\/","og_locale":"es_ES","og_type":"article","og_title":"T\u00e9rminos y condiciones - PRIME","og_description":"El acceso a este sitio y el uso de la informaci\u00f3n contenida en \u00e9l se rigen [&hellip;]","og_url":"https:\/\/prime-posts.com\/es\/terms-conditions\/","og_site_name":"PRIME","article_modified_time":"2023-02-22T15:27:22+00:00","twitter_card":"summary_large_image","twitter_misc":{"Tiempo de lectura":"6 minutos"},"schema":{"@context":"https:\/\/schema.org","@graph":[{"@type":"WebPage","@id":"https:\/\/prime-posts.com\/es\/terms-conditions\/","url":"https:\/\/prime-posts.com\/es\/terms-conditions\/","name":"T\u00e9rminos y condiciones - PRIME","isPartOf":{"@id":"https:\/\/prime-posts.com\/#website"},"datePublished":"2021-05-06T12:08:43+00:00","dateModified":"2023-02-22T15:27:22+00:00","inLanguage":"es","potentialAction":[{"@type":"ReadAction","target":["https:\/\/prime-posts.com\/es\/terms-conditions\/"]}]},{"@type":"WebSite","@id":"https:\/\/prime-posts.com\/#website","url":"https:\/\/prime-posts.com\/","name":"PRIME","description":"Delivering the future in tracked packets","publisher":{"@id":"https:\/\/prime-posts.com\/#organization"},"potentialAction":[{"@type":"SearchAction","target":{"@type":"EntryPoint","urlTemplate":"https:\/\/prime-posts.com\/?s={search_term_string}"},"query-input":{"@type":"PropertyValueSpecification","valueRequired":true,"valueName":"search_term_string"}}],"inLanguage":"es"},{"@type":"Organization","@id":"https:\/\/prime-posts.com\/#organization","name":"PRIME","url":"https:\/\/prime-posts.com\/","logo":{"@type":"ImageObject","inLanguage":"es","@id":"https:\/\/prime-posts.com\/#\/schema\/logo\/image\/","url":"http:\/\/prime-posts.test\/wp-content\/uploads\/2021\/11\/prime-logo@2x.png","contentUrl":"http:\/\/prime-posts.test\/wp-content\/uploads\/2021\/11\/prime-logo@2x.png","width":1060,"height":218,"caption":"PRIME"},"image":{"@id":"https:\/\/prime-posts.com\/#\/schema\/logo\/image\/"},"sameAs":["https:\/\/www.linkedin.com\/company\/prime-posts","https:\/\/www.youtube.com\/channel\/UCLldkKJXxRSKqAtq9ZgiPaQ"]}]}},"_links":{"self":[{"href":"https:\/\/prime-posts.com\/es\/wp-json\/wp\/v2\/pages\/4310","targetHints":{"allow":["GET"]}}],"collection":[{"href":"https:\/\/prime-posts.com\/es\/wp-json\/wp\/v2\/pages"}],"about":[{"href":"https:\/\/prime-posts.com\/es\/wp-json\/wp\/v2\/types\/page"}],"author":[{"embeddable":true,"href":"https:\/\/prime-posts.com\/es\/wp-json\/wp\/v2\/users\/1"}],"replies":[{"embeddable":true,"href":"https:\/\/prime-posts.com\/es\/wp-json\/wp\/v2\/comments?post=4310"}],"version-history":[{"count":0,"href":"https:\/\/prime-posts.com\/es\/wp-json\/wp\/v2\/pages\/4310\/revisions"}],"wp:attachment":[{"href":"https:\/\/prime-posts.com\/es\/wp-json\/wp\/v2\/media?parent=4310"}],"curies":[{"name":"wp","href":"https:\/\/api.w.org\/{rel}","templated":true}]}}