{"id":4305,"date":"2021-05-05T12:29:50","date_gmt":"2021-05-05T11:29:50","guid":{"rendered":"https:\/\/testprimeposts.wpengine.com\/privacy-cookie-policy\/"},"modified":"2022-04-25T06:49:59","modified_gmt":"2022-04-25T05:49:59","slug":"privacy-cookie-policy","status":"publish","type":"page","link":"https:\/\/prime-posts.com\/es\/privacy-cookie-policy\/","title":{"rendered":"Pol\u00edtica de privacidad y cookies"},"content":{"rendered":"\n<h4 class=\"wp-block-heading\">Declaraci\u00f3n de privacidad de datos<\/h4>\n\n\n\n<h5 class=\"wp-block-heading\">Declaraci\u00f3n general<\/h5>\n\n\n\n<p>PRIME respeta los derechos de los usuarios de nuestro sitio web y se compromete a proteger su privacidad de acuerdo con la legislaci\u00f3n de Protecci\u00f3n de Datos en todo momento. No recopilaremos ninguna informaci\u00f3n personal (tambi\u00e9n denominada datos personales) sobre usted en este sitio web sin su permiso o de otro modo, de acuerdo con la legislaci\u00f3n sobre Protecci\u00f3n de Datos.<\/p>\n\n\n\n<h5 class=\"wp-block-heading\">Recopilaci\u00f3n y uso de datos personales<\/h5>\n\n\n\n<p>Usted no tiene que proporcionarnos ninguna informaci\u00f3n personal (o datos personales) para utilizar nuestro sitio web. Sin embargo, si decide proporcionarnos datos personales, a trav\u00e9s de formularios de opini\u00f3n en l\u00ednea o por correo electr\u00f3nico, trataremos su informaci\u00f3n personal de acuerdo con la legislaci\u00f3n de Protecci\u00f3n de Datos.<\/p>\n\n\n\n<h5 class=\"wp-block-heading\">Navegaci\u00f3n por la web<\/h5>\n\n\n\n<p>Por el simple hecho de visitar nuestro sitio web, usted no revela, ni nosotros recopilamos, datos personales sobre usted. La informaci\u00f3n recopilada sobre su visita se limita a datos t\u00e9cnicos como:<\/p>\n\n\n\n<ol class=\"wp-block-list\"><li>la direcci\u00f3n de Internet (o direcci\u00f3n IP) del dispositivo que utiliz\u00f3 para acceder a este sitio web<\/li><li>si lleg\u00f3 al sitio utilizando un motor de b\u00fasqueda o si hizo clic en un enlace de otro sitio web<\/li><li>el tipo de navegador web que utiliz\u00f3<\/li><li>el tipo de dispositivo que utiliz\u00f3 para acceder a Internet.<\/li><\/ol>\n\n\n\n<p>Utilizamos estos datos con fines administrativos y estad\u00edsticos, as\u00ed como para ayudarnos a mejorar nuestro sitio web.\u00a0Estos datos t\u00e9cnicos no nos proporcionan los datos personales de los visitantes de nuestro sitio web.<\/p>\n\n\n\n<h5 class=\"wp-block-heading\">Pol\u00edtica de cookies<\/h5>\n\n\n\n<ul class=\"wp-block-list\"><li>\u00bfQu\u00e9 es una cookie?<\/li><li>\u00bfC\u00f3mo puedo controlar las cookies?<\/li><\/ul>\n\n\n\n<p>La mayor\u00eda de los sitios web utilizan cookies para mejorar la experiencia del visitante al permitir que el sitio web lo \"recuerde\", ya sea por el tiempo que dure su visita (utilizando una \"cookie de sesi\u00f3n\") o para visitas repetidas (utilizando una \"cookie persistente\").<\/p>\n\n\n\n<p>Las cookies pueden ser instaladas por el sitio web que est\u00e1 visitando (\"cookies de origen\") o por otros sitios web que ejecutan el contenido de la p\u00e1gina que est\u00e1 viendo (\"cookies de terceros\").<\/p>\n\n\n\n<p>Este sitio web utiliza cookies, por lo que al continuar utilizando este sitio web asumimos que est\u00e1 de acuerdo con su uso.<\/p>\n\n\n\n<h5 class=\"wp-block-heading\">\u00bfQu\u00e9 es una cookie?<\/h5>\n\n\n\n<p>Una cookie es un simple archivo de texto que el servidor de un sitio web almacena en su computadora o dispositivo m\u00f3vil, y solo ese servidor podr\u00e1 recuperar, o leer, el contenido de esa cookie. Cada cookie es \u00fanica para su navegador web. En general contiene alguna informaci\u00f3n an\u00f3nima, como un identificador \u00fanico y el nombre del sitio, as\u00ed como algunos d\u00edgitos y n\u00fameros.<\/p>\n\n\n\n<h5 class=\"wp-block-heading\">Cookies propias<\/h5>\n\n\n\n<p>Las cookies propias son establecidas por el sitio web que est\u00e1 visitando.<\/p>\n\n\n\n<h5 class=\"wp-block-heading\">Cookies de terceros<\/h5>\n\n\n\n<p>Las cookies de terceros son establecidas por una organizaci\u00f3n diferente a la del propietario del sitio web que est\u00e1 visitando. Por ejemplo, el sitio web puede utilizar una empresa de an\u00e1lisis de terceros que establecer\u00e1 una cookie para realizar este servicio. El sitio web que est\u00e1 visitando tambi\u00e9n puede tener contenido incrustado de servicios como YouTube o Flickr, y estos servicios pueden establecer sus propias cookies.<\/p>\n\n\n\n<p>Un sitio web puede utilizar una red de publicidad de terceros para ofrecer publicidad dirigida en su sitio web, que tambi\u00e9n puede tener la capacidad de rastrear su navegaci\u00f3n en diferentes sitios. Este sitio web no utiliza este tipo de cookies.<\/p>\n\n\n\n<h5 class=\"wp-block-heading\">Cookies de sesi\u00f3n<\/h5>\n\n\n\n<p>Las cookies de sesi\u00f3n se almacenan temporalmente durante una sesi\u00f3n de navegaci\u00f3n y se eliminan del dispositivo del usuario cuando se cierra el navegador.<\/p>\n\n\n\n<h5 class=\"wp-block-heading\">Cookies persistentes<\/h5>\n\n\n\n<p>Este tipo de cookies se guardan en su computadora durante un periodo determinado y no se eliminan cuando se cierra el navegador. Utilizamos cookies persistentes cuando necesitamos gestionar las visitas posteriores. Por ejemplo, utilizamos este tipo de cookie para saber cu\u00e1ntas visitas repetidas recibe el sitio en comparaci\u00f3n con las visitas nuevas.<\/p>\n\n\n\n<h5 class=\"wp-block-heading\">Cookies de Flash<\/h5>\n\n\n\n<p>Muchos sitios web utilizan Adobe Flash Player para ofrecer contenidos de v\u00eddeo y juegos a sus usuarios. Adobe utiliza sus propias cookies, que no se pueden gestionar a trav\u00e9s de la configuraci\u00f3n de su navegador, pero que son utilizadas por Flash Player para fines similares, como el almacenamiento de sus preferencias o el seguimiento de los usuarios.<\/p>\n\n\n\n<p>Las cookies de Flash funcionan de forma diferente a las cookies de los navegadores web: en lugar de tener cookies individuales para trabajos concretos, un sitio web se limita a almacenar todos los datos en una sola cookie. Usted puede controlar la cantidad de datos que se pueden almacenar en esa cookie, pero no puede elegir el tipo de informaci\u00f3n almacenada.\u00a0<a href=\"http:\/\/www.macromedia.com\/support\/documentation\/en\/flashplayer\/help\/settings_manager07.html\">Descubra c\u00f3mo gestionar las cookies de flash<\/a>.<\/p>\n\n\n\n<h4 class=\"wp-block-heading\">Gesti\u00f3n de las cookies<\/h4>\n\n\n\n<h5 class=\"wp-block-heading\">\u00bfC\u00f3mo puedo controlar las cookies?<\/h5>\n\n\n\n<h5 class=\"wp-block-heading\">Cookies de los navegadores web<\/h5>\n\n\n\n<p>Algunas personas consideran la idea de que un sitio web almacene informaci\u00f3n en su computadora o dispositivo m\u00f3vil un poco invasiva, especialmente si esta informaci\u00f3n es almacenada y utilizada por un tercero sin su conocimiento. Aunque en general esto es bastante inofensivo, es posible que usted no quiera, por ejemplo, ver publicidad dirigida a sus intereses. Es posible bloquear algunas o todas las cookies, o incluso eliminar las que ya han sido instaladas; pero debe saber que podr\u00eda perder parte de la funcionalidad del sitio web al hacerlo.<\/p>\n\n\n\n<p>Si no desea recibir cookies, puede modificar la configuraci\u00f3n de su navegador para que le notifique cuando se le env\u00eden cookies o puede rechazarlas por completo. Tambi\u00e9n puede eliminar las cookies ya instaladas.<\/p>\n\n\n\n<p>Si desea restringir o bloquear las cookies del navegador web instaladas en su dispositivo, puede hacerlo a trav\u00e9s de la configuraci\u00f3n de su navegador; la funci\u00f3n de ayuda de su navegador explica c\u00f3mo cambiar esta configuraci\u00f3n.<\/p>\n\n\n\n<p><a href=\"https:\/\/support.microsoft.com\/en-us\/kb\/278835\">Microsoft Internet Explorer<\/a><\/p>\n\n\n\n<p><a href=\"https:\/\/support.google.com\/chrome\/answer\/95647?hl=en\">Google Chrome<\/a><\/p>\n\n\n\n<p><a href=\"https:\/\/support.mozilla.org\/en-US\/kb\/delete-cookies-remove-info-websites-stored\">Firefox<\/a><\/p>\n\n\n\n<p><a href=\"https:\/\/support.apple.com\/kb\/PH5049?locale=en_US\">Safari<\/a><\/p>\n\n\n\n<p>Tambi\u00e9n puede visitar\u00a0<a href=\"http:\/\/www.aboutcookies.org\/\">www.aboutcookies.org<\/a>, que contiene informaci\u00f3n completa sobre c\u00f3mo gestionar las cookies en una amplia variedad de navegadores de escritorio.<\/p>\n\n\n\n<h4 class=\"wp-block-heading\">Cookies de PRIME<\/h4>\n\n\n\n<p>Los siguientes son ejemplos de los tipos de cookies que utilizamos.<\/p>\n\n\n\n<h5 class=\"wp-block-heading\">Cookies anal\u00edticas<\/h5>\n\n\n\n<p>Utilizamos cookies para medir c\u00f3mo interact\u00faan los usuarios con el contenido del sitio web, por ejemplo, cu\u00e1les son las p\u00e1ginas m\u00e1s populares. Las cookies anal\u00edticas utilizadas en este sitio incluyen __utma, __utmb, __utmc, __utmz, V5, IMRID.<\/p>\n\n\n\n<h5 class=\"wp-block-heading\">Cookies funcionales<\/h5>\n\n\n\n<p>Utilizamos una combinaci\u00f3n de cookies de sesi\u00f3n y persistentes para mostrar el sitio web y proporcionar herramientas interactivas.<\/p>\n\n\n\n<h5 class=\"wp-block-heading\">Cookies de terceros<\/h5>\n\n\n\n<p>Para mejorar la experiencia del usuario, a veces incrustamos fotos y contenido de v\u00eddeo de sitios web como YouTube. Las p\u00e1ginas con este contenido incrustado pueden presentar cookies de sus sitios web. Del mismo modo, cuando el usuario utiliza uno de los botones para compartir del sitio web de PRIME, el servicio que ha elegido para compartir el contenido puede establecer una cookie. PRIME no controla la difusi\u00f3n de estas cookies. Debe consultar el sitio web de la tercera parte correspondiente para obtener m\u00e1s informaci\u00f3n sobre dichas cookies.<\/p>\n","protected":false},"excerpt":{"rendered":"<p>Declaraci\u00f3n de privacidad de datos Declaraci\u00f3n general PRIME respeta los derechos de los usuarios de nuestro [&hellip;]<\/p>\n","protected":false},"author":1,"featured_media":0,"parent":0,"menu_order":59,"comment_status":"closed","ping_status":"open","template":"","meta":{"footnotes":""},"class_list":["post-4305","page","type-page","status-publish","hentry",""],"acf":[],"yoast_head":"<!-- This site is optimized with the Yoast SEO plugin v26.6 - https:\/\/yoast.com\/wordpress\/plugins\/seo\/ -->\n<title>Pol\u00edtica de privacidad y cookies - PRIME<\/title>\n<meta name=\"robots\" content=\"index, follow, max-snippet:-1, max-image-preview:large, max-video-preview:-1\" \/>\n<link rel=\"canonical\" href=\"https:\/\/prime-posts.com\/es\/privacy-cookie-policy\/\" \/>\n<meta property=\"og:locale\" content=\"es_ES\" \/>\n<meta property=\"og:type\" content=\"article\" \/>\n<meta property=\"og:title\" content=\"Pol\u00edtica de privacidad y cookies - PRIME\" \/>\n<meta property=\"og:description\" content=\"Declaraci\u00f3n de privacidad de datos Declaraci\u00f3n general PRIME respeta los derechos de los usuarios de nuestro [&hellip;]\" \/>\n<meta property=\"og:url\" content=\"https:\/\/prime-posts.com\/es\/privacy-cookie-policy\/\" \/>\n<meta property=\"og:site_name\" content=\"PRIME\" \/>\n<meta property=\"article:modified_time\" content=\"2022-04-25T05:49:59+00:00\" \/>\n<meta name=\"twitter:card\" content=\"summary_large_image\" \/>\n<meta name=\"twitter:label1\" content=\"Tiempo de lectura\" \/>\n\t<meta name=\"twitter:data1\" content=\"5 minutos\" \/>\n<script type=\"application\/ld+json\" class=\"yoast-schema-graph\">{\"@context\":\"https:\/\/schema.org\",\"@graph\":[{\"@type\":\"WebPage\",\"@id\":\"https:\/\/prime-posts.com\/es\/privacy-cookie-policy\/\",\"url\":\"https:\/\/prime-posts.com\/es\/privacy-cookie-policy\/\",\"name\":\"Pol\u00edtica de privacidad y cookies - PRIME\",\"isPartOf\":{\"@id\":\"https:\/\/prime-posts.com\/#website\"},\"datePublished\":\"2021-05-05T11:29:50+00:00\",\"dateModified\":\"2022-04-25T05:49:59+00:00\",\"inLanguage\":\"es\",\"potentialAction\":[{\"@type\":\"ReadAction\",\"target\":[\"https:\/\/prime-posts.com\/es\/privacy-cookie-policy\/\"]}]},{\"@type\":\"WebSite\",\"@id\":\"https:\/\/prime-posts.com\/#website\",\"url\":\"https:\/\/prime-posts.com\/\",\"name\":\"PRIME\",\"description\":\"Delivering the future in tracked packets\",\"publisher\":{\"@id\":\"https:\/\/prime-posts.com\/#organization\"},\"potentialAction\":[{\"@type\":\"SearchAction\",\"target\":{\"@type\":\"EntryPoint\",\"urlTemplate\":\"https:\/\/prime-posts.com\/?s={search_term_string}\"},\"query-input\":{\"@type\":\"PropertyValueSpecification\",\"valueRequired\":true,\"valueName\":\"search_term_string\"}}],\"inLanguage\":\"es\"},{\"@type\":\"Organization\",\"@id\":\"https:\/\/prime-posts.com\/#organization\",\"name\":\"PRIME\",\"url\":\"https:\/\/prime-posts.com\/\",\"logo\":{\"@type\":\"ImageObject\",\"inLanguage\":\"es\",\"@id\":\"https:\/\/prime-posts.com\/#\/schema\/logo\/image\/\",\"url\":\"http:\/\/prime-posts.test\/wp-content\/uploads\/2021\/11\/prime-logo@2x.png\",\"contentUrl\":\"http:\/\/prime-posts.test\/wp-content\/uploads\/2021\/11\/prime-logo@2x.png\",\"width\":1060,\"height\":218,\"caption\":\"PRIME\"},\"image\":{\"@id\":\"https:\/\/prime-posts.com\/#\/schema\/logo\/image\/\"},\"sameAs\":[\"https:\/\/www.linkedin.com\/company\/prime-posts\",\"https:\/\/www.youtube.com\/channel\/UCLldkKJXxRSKqAtq9ZgiPaQ\"]}]}<\/script>\n<!-- \/ Yoast SEO plugin. -->","yoast_head_json":{"title":"Pol\u00edtica de privacidad y cookies - PRIME","robots":{"index":"index","follow":"follow","max-snippet":"max-snippet:-1","max-image-preview":"max-image-preview:large","max-video-preview":"max-video-preview:-1"},"canonical":"https:\/\/prime-posts.com\/es\/privacy-cookie-policy\/","og_locale":"es_ES","og_type":"article","og_title":"Pol\u00edtica de privacidad y cookies - PRIME","og_description":"Declaraci\u00f3n de privacidad de datos Declaraci\u00f3n general PRIME respeta los derechos de los usuarios de nuestro [&hellip;]","og_url":"https:\/\/prime-posts.com\/es\/privacy-cookie-policy\/","og_site_name":"PRIME","article_modified_time":"2022-04-25T05:49:59+00:00","twitter_card":"summary_large_image","twitter_misc":{"Tiempo de lectura":"5 minutos"},"schema":{"@context":"https:\/\/schema.org","@graph":[{"@type":"WebPage","@id":"https:\/\/prime-posts.com\/es\/privacy-cookie-policy\/","url":"https:\/\/prime-posts.com\/es\/privacy-cookie-policy\/","name":"Pol\u00edtica de privacidad y cookies - PRIME","isPartOf":{"@id":"https:\/\/prime-posts.com\/#website"},"datePublished":"2021-05-05T11:29:50+00:00","dateModified":"2022-04-25T05:49:59+00:00","inLanguage":"es","potentialAction":[{"@type":"ReadAction","target":["https:\/\/prime-posts.com\/es\/privacy-cookie-policy\/"]}]},{"@type":"WebSite","@id":"https:\/\/prime-posts.com\/#website","url":"https:\/\/prime-posts.com\/","name":"PRIME","description":"Delivering the future in tracked packets","publisher":{"@id":"https:\/\/prime-posts.com\/#organization"},"potentialAction":[{"@type":"SearchAction","target":{"@type":"EntryPoint","urlTemplate":"https:\/\/prime-posts.com\/?s={search_term_string}"},"query-input":{"@type":"PropertyValueSpecification","valueRequired":true,"valueName":"search_term_string"}}],"inLanguage":"es"},{"@type":"Organization","@id":"https:\/\/prime-posts.com\/#organization","name":"PRIME","url":"https:\/\/prime-posts.com\/","logo":{"@type":"ImageObject","inLanguage":"es","@id":"https:\/\/prime-posts.com\/#\/schema\/logo\/image\/","url":"http:\/\/prime-posts.test\/wp-content\/uploads\/2021\/11\/prime-logo@2x.png","contentUrl":"http:\/\/prime-posts.test\/wp-content\/uploads\/2021\/11\/prime-logo@2x.png","width":1060,"height":218,"caption":"PRIME"},"image":{"@id":"https:\/\/prime-posts.com\/#\/schema\/logo\/image\/"},"sameAs":["https:\/\/www.linkedin.com\/company\/prime-posts","https:\/\/www.youtube.com\/channel\/UCLldkKJXxRSKqAtq9ZgiPaQ"]}]}},"_links":{"self":[{"href":"https:\/\/prime-posts.com\/es\/wp-json\/wp\/v2\/pages\/4305","targetHints":{"allow":["GET"]}}],"collection":[{"href":"https:\/\/prime-posts.com\/es\/wp-json\/wp\/v2\/pages"}],"about":[{"href":"https:\/\/prime-posts.com\/es\/wp-json\/wp\/v2\/types\/page"}],"author":[{"embeddable":true,"href":"https:\/\/prime-posts.com\/es\/wp-json\/wp\/v2\/users\/1"}],"replies":[{"embeddable":true,"href":"https:\/\/prime-posts.com\/es\/wp-json\/wp\/v2\/comments?post=4305"}],"version-history":[{"count":0,"href":"https:\/\/prime-posts.com\/es\/wp-json\/wp\/v2\/pages\/4305\/revisions"}],"wp:attachment":[{"href":"https:\/\/prime-posts.com\/es\/wp-json\/wp\/v2\/media?parent=4305"}],"curies":[{"name":"wp","href":"https:\/\/api.w.org\/{rel}","templated":true}]}}