{"id":3816,"date":"2021-05-05T16:45:53","date_gmt":"2021-05-05T15:45:53","guid":{"rendered":"https:\/\/testprimeposts.wpengine.com\/about-us\/committees-task-forces\/"},"modified":"2026-03-12T01:09:20","modified_gmt":"2026-03-12T01:09:20","slug":"committees-task-forces","status":"publish","type":"page","link":"https:\/\/prime-posts.com\/es\/about-us\/committees-task-forces\/","title":{"rendered":"Comit\u00e9s y Equipos especiales"},"content":{"rendered":"\n<p class=\"is-style-lead-in\">Para garantizar el buen funcionamiento de todos los sectores, la estructuraci\u00f3n de PRIME requiere la supervisi\u00f3n de los comit\u00e9s, grupos de trabajo y equipos especiales. Esto nos ayuda a responder eficazmente a cualquier problema que, en \u00faltima instancia, es supervisado por el Consejo, la Asamblea General y el Equipo de Gesti\u00f3n de PRIME.<\/p>\n\n\n\n<p class=\"is-style-lead-in\">Para resolver los problemas r\u00e1pidamente y manejar las tareas urgentes que requieren la intervenci\u00f3n de los miembros, el Consejo acord\u00f3 en 2018 crear Equipos especiales ad hoc, presididos por miembros o por el Director de PRIME, que trabajan durante un tiempo limitado o ilimitado seg\u00fan sea necesario. A continuaci\u00f3n, figuran los Equipos especiales activos:<\/p>\n\n\n\n<figure class=\"wp-block-image size-full\"><img loading=\"lazy\" decoding=\"async\" width=\"1007\" height=\"633\" src=\"https:\/\/prime-posts.com\/wp-content\/uploads\/2026\/03\/Committees-2026-03-11-2.png\" alt=\"\" class=\"wp-image-8753\" srcset=\"https:\/\/prime-posts.com\/wp-content\/uploads\/2026\/03\/Committees-2026-03-11-2.png 1007w, https:\/\/prime-posts.com\/wp-content\/uploads\/2026\/03\/Committees-2026-03-11-2-200x126.png 200w, https:\/\/prime-posts.com\/wp-content\/uploads\/2026\/03\/Committees-2026-03-11-2-120x75.png 120w, https:\/\/prime-posts.com\/wp-content\/uploads\/2026\/03\/Committees-2026-03-11-2-768x483.png 768w\" sizes=\"auto, (max-width: 1007px) 100vw, 1007px\" \/><\/figure>\n\n\n\n<p><\/p>\n","protected":false},"excerpt":{"rendered":"<p>C\u00f3mo funciona nuestra estructura en la pr\u00e1ctica<\/p>\n","protected":false},"author":1,"featured_media":0,"parent":3797,"menu_order":37,"comment_status":"closed","ping_status":"closed","template":"","meta":{"footnotes":""},"class_list":["post-3816","page","type-page","status-publish","hentry",""],"acf":[],"yoast_head":"<!-- This site is optimized with the Yoast SEO plugin v26.6 - https:\/\/yoast.com\/wordpress\/plugins\/seo\/ -->\n<title>Comit\u00e9s y Equipos especiales - PRIME<\/title>\n<meta name=\"robots\" content=\"index, follow, max-snippet:-1, max-image-preview:large, max-video-preview:-1\" \/>\n<link rel=\"canonical\" href=\"https:\/\/prime-posts.com\/es\/about-us\/committees-task-forces\/\" \/>\n<meta property=\"og:locale\" content=\"es_ES\" \/>\n<meta property=\"og:type\" content=\"article\" \/>\n<meta property=\"og:title\" content=\"Comit\u00e9s y Equipos especiales - PRIME\" \/>\n<meta property=\"og:description\" content=\"C\u00f3mo funciona nuestra estructura en la pr\u00e1ctica\" \/>\n<meta property=\"og:url\" content=\"https:\/\/prime-posts.com\/es\/about-us\/committees-task-forces\/\" \/>\n<meta property=\"og:site_name\" content=\"PRIME\" \/>\n<meta property=\"article:modified_time\" content=\"2026-03-12T01:09:20+00:00\" \/>\n<meta property=\"og:image\" content=\"https:\/\/prime-posts.com\/wp-content\/uploads\/2026\/03\/Committees-2026-03-11-2.png\" \/>\n\t<meta property=\"og:image:width\" content=\"1007\" \/>\n\t<meta property=\"og:image:height\" content=\"633\" \/>\n\t<meta property=\"og:image:type\" content=\"image\/png\" \/>\n<meta name=\"twitter:card\" content=\"summary_large_image\" \/>\n<meta name=\"twitter:label1\" content=\"Tiempo de lectura\" \/>\n\t<meta name=\"twitter:data1\" content=\"1 minuto\" \/>\n<script type=\"application\/ld+json\" class=\"yoast-schema-graph\">{\"@context\":\"https:\/\/schema.org\",\"@graph\":[{\"@type\":\"WebPage\",\"@id\":\"https:\/\/prime-posts.com\/es\/about-us\/committees-task-forces\/\",\"url\":\"https:\/\/prime-posts.com\/es\/about-us\/committees-task-forces\/\",\"name\":\"Comit\u00e9s y Equipos especiales - PRIME\",\"isPartOf\":{\"@id\":\"https:\/\/prime-posts.com\/#website\"},\"primaryImageOfPage\":{\"@id\":\"https:\/\/prime-posts.com\/es\/about-us\/committees-task-forces\/#primaryimage\"},\"image\":{\"@id\":\"https:\/\/prime-posts.com\/es\/about-us\/committees-task-forces\/#primaryimage\"},\"thumbnailUrl\":\"https:\/\/prime-posts.com\/wp-content\/uploads\/2026\/03\/Committees-2026-03-11-2.png\",\"datePublished\":\"2021-05-05T15:45:53+00:00\",\"dateModified\":\"2026-03-12T01:09:20+00:00\",\"breadcrumb\":{\"@id\":\"https:\/\/prime-posts.com\/es\/about-us\/committees-task-forces\/#breadcrumb\"},\"inLanguage\":\"es\",\"potentialAction\":[{\"@type\":\"ReadAction\",\"target\":[\"https:\/\/prime-posts.com\/es\/about-us\/committees-task-forces\/\"]}]},{\"@type\":\"ImageObject\",\"inLanguage\":\"es\",\"@id\":\"https:\/\/prime-posts.com\/es\/about-us\/committees-task-forces\/#primaryimage\",\"url\":\"https:\/\/prime-posts.com\/wp-content\/uploads\/2026\/03\/Committees-2026-03-11-2.png\",\"contentUrl\":\"https:\/\/prime-posts.com\/wp-content\/uploads\/2026\/03\/Committees-2026-03-11-2.png\"},{\"@type\":\"BreadcrumbList\",\"@id\":\"https:\/\/prime-posts.com\/es\/about-us\/committees-task-forces\/#breadcrumb\",\"itemListElement\":[{\"@type\":\"ListItem\",\"position\":1,\"name\":\"Sobre nosotros\",\"item\":\"https:\/\/prime-posts.com\/es\/about-us\/\"},{\"@type\":\"ListItem\",\"position\":2,\"name\":\"Comit\u00e9s y Equipos especiales\"}]},{\"@type\":\"WebSite\",\"@id\":\"https:\/\/prime-posts.com\/#website\",\"url\":\"https:\/\/prime-posts.com\/\",\"name\":\"PRIME\",\"description\":\"Delivering the future in tracked packets\",\"publisher\":{\"@id\":\"https:\/\/prime-posts.com\/#organization\"},\"potentialAction\":[{\"@type\":\"SearchAction\",\"target\":{\"@type\":\"EntryPoint\",\"urlTemplate\":\"https:\/\/prime-posts.com\/?s={search_term_string}\"},\"query-input\":{\"@type\":\"PropertyValueSpecification\",\"valueRequired\":true,\"valueName\":\"search_term_string\"}}],\"inLanguage\":\"es\"},{\"@type\":\"Organization\",\"@id\":\"https:\/\/prime-posts.com\/#organization\",\"name\":\"PRIME\",\"url\":\"https:\/\/prime-posts.com\/\",\"logo\":{\"@type\":\"ImageObject\",\"inLanguage\":\"es\",\"@id\":\"https:\/\/prime-posts.com\/#\/schema\/logo\/image\/\",\"url\":\"http:\/\/prime-posts.test\/wp-content\/uploads\/2021\/11\/prime-logo@2x.png\",\"contentUrl\":\"http:\/\/prime-posts.test\/wp-content\/uploads\/2021\/11\/prime-logo@2x.png\",\"width\":1060,\"height\":218,\"caption\":\"PRIME\"},\"image\":{\"@id\":\"https:\/\/prime-posts.com\/#\/schema\/logo\/image\/\"},\"sameAs\":[\"https:\/\/www.linkedin.com\/company\/prime-posts\",\"https:\/\/www.youtube.com\/channel\/UCLldkKJXxRSKqAtq9ZgiPaQ\"]}]}<\/script>\n<!-- \/ Yoast SEO plugin. -->","yoast_head_json":{"title":"Comit\u00e9s y Equipos especiales - PRIME","robots":{"index":"index","follow":"follow","max-snippet":"max-snippet:-1","max-image-preview":"max-image-preview:large","max-video-preview":"max-video-preview:-1"},"canonical":"https:\/\/prime-posts.com\/es\/about-us\/committees-task-forces\/","og_locale":"es_ES","og_type":"article","og_title":"Comit\u00e9s y Equipos especiales - PRIME","og_description":"C\u00f3mo funciona nuestra estructura en la pr\u00e1ctica","og_url":"https:\/\/prime-posts.com\/es\/about-us\/committees-task-forces\/","og_site_name":"PRIME","article_modified_time":"2026-03-12T01:09:20+00:00","og_image":[{"width":1007,"height":633,"url":"https:\/\/prime-posts.com\/wp-content\/uploads\/2026\/03\/Committees-2026-03-11-2.png","type":"image\/png"}],"twitter_card":"summary_large_image","twitter_misc":{"Tiempo de lectura":"1 minuto"},"schema":{"@context":"https:\/\/schema.org","@graph":[{"@type":"WebPage","@id":"https:\/\/prime-posts.com\/es\/about-us\/committees-task-forces\/","url":"https:\/\/prime-posts.com\/es\/about-us\/committees-task-forces\/","name":"Comit\u00e9s y Equipos especiales - PRIME","isPartOf":{"@id":"https:\/\/prime-posts.com\/#website"},"primaryImageOfPage":{"@id":"https:\/\/prime-posts.com\/es\/about-us\/committees-task-forces\/#primaryimage"},"image":{"@id":"https:\/\/prime-posts.com\/es\/about-us\/committees-task-forces\/#primaryimage"},"thumbnailUrl":"https:\/\/prime-posts.com\/wp-content\/uploads\/2026\/03\/Committees-2026-03-11-2.png","datePublished":"2021-05-05T15:45:53+00:00","dateModified":"2026-03-12T01:09:20+00:00","breadcrumb":{"@id":"https:\/\/prime-posts.com\/es\/about-us\/committees-task-forces\/#breadcrumb"},"inLanguage":"es","potentialAction":[{"@type":"ReadAction","target":["https:\/\/prime-posts.com\/es\/about-us\/committees-task-forces\/"]}]},{"@type":"ImageObject","inLanguage":"es","@id":"https:\/\/prime-posts.com\/es\/about-us\/committees-task-forces\/#primaryimage","url":"https:\/\/prime-posts.com\/wp-content\/uploads\/2026\/03\/Committees-2026-03-11-2.png","contentUrl":"https:\/\/prime-posts.com\/wp-content\/uploads\/2026\/03\/Committees-2026-03-11-2.png"},{"@type":"BreadcrumbList","@id":"https:\/\/prime-posts.com\/es\/about-us\/committees-task-forces\/#breadcrumb","itemListElement":[{"@type":"ListItem","position":1,"name":"Sobre nosotros","item":"https:\/\/prime-posts.com\/es\/about-us\/"},{"@type":"ListItem","position":2,"name":"Comit\u00e9s y Equipos especiales"}]},{"@type":"WebSite","@id":"https:\/\/prime-posts.com\/#website","url":"https:\/\/prime-posts.com\/","name":"PRIME","description":"Delivering the future in tracked packets","publisher":{"@id":"https:\/\/prime-posts.com\/#organization"},"potentialAction":[{"@type":"SearchAction","target":{"@type":"EntryPoint","urlTemplate":"https:\/\/prime-posts.com\/?s={search_term_string}"},"query-input":{"@type":"PropertyValueSpecification","valueRequired":true,"valueName":"search_term_string"}}],"inLanguage":"es"},{"@type":"Organization","@id":"https:\/\/prime-posts.com\/#organization","name":"PRIME","url":"https:\/\/prime-posts.com\/","logo":{"@type":"ImageObject","inLanguage":"es","@id":"https:\/\/prime-posts.com\/#\/schema\/logo\/image\/","url":"http:\/\/prime-posts.test\/wp-content\/uploads\/2021\/11\/prime-logo@2x.png","contentUrl":"http:\/\/prime-posts.test\/wp-content\/uploads\/2021\/11\/prime-logo@2x.png","width":1060,"height":218,"caption":"PRIME"},"image":{"@id":"https:\/\/prime-posts.com\/#\/schema\/logo\/image\/"},"sameAs":["https:\/\/www.linkedin.com\/company\/prime-posts","https:\/\/www.youtube.com\/channel\/UCLldkKJXxRSKqAtq9ZgiPaQ"]}]}},"_links":{"self":[{"href":"https:\/\/prime-posts.com\/es\/wp-json\/wp\/v2\/pages\/3816","targetHints":{"allow":["GET"]}}],"collection":[{"href":"https:\/\/prime-posts.com\/es\/wp-json\/wp\/v2\/pages"}],"about":[{"href":"https:\/\/prime-posts.com\/es\/wp-json\/wp\/v2\/types\/page"}],"author":[{"embeddable":true,"href":"https:\/\/prime-posts.com\/es\/wp-json\/wp\/v2\/users\/1"}],"replies":[{"embeddable":true,"href":"https:\/\/prime-posts.com\/es\/wp-json\/wp\/v2\/comments?post=3816"}],"version-history":[{"count":0,"href":"https:\/\/prime-posts.com\/es\/wp-json\/wp\/v2\/pages\/3816\/revisions"}],"up":[{"embeddable":true,"href":"https:\/\/prime-posts.com\/es\/wp-json\/wp\/v2\/pages\/3797"}],"wp:attachment":[{"href":"https:\/\/prime-posts.com\/es\/wp-json\/wp\/v2\/media?parent=3816"}],"curies":[{"name":"wp","href":"https:\/\/api.w.org\/{rel}","templated":true}]}}