{"id":3811,"date":"2021-05-05T16:45:10","date_gmt":"2021-05-05T15:45:10","guid":{"rendered":"https:\/\/testprimeposts.wpengine.com\/about-us\/our-team\/"},"modified":"2025-02-11T06:44:42","modified_gmt":"2025-02-11T06:44:42","slug":"our-team","status":"publish","type":"page","link":"https:\/\/prime-posts.com\/es\/about-us\/our-team\/","title":{"rendered":"Nuestro equipo"},"content":{"rendered":"\n<p class=\"is-style-lead-in\">A la vanguardia de la evoluci\u00f3n de las necesidades del e-commerce, desde las notificaciones electr\u00f3nicas hasta los servicios de entrega y devoluciones transfronterizas sin interrupciones, Cinzia aporta al equipo internamente una gran cantidad de experiencia y conocimientos. Su experiencia en el sector incluye la colaboraci\u00f3n con los principales actores del servicio internacional transfronterizo de paqueter\u00eda.<\/p>\n\n\n\n<div class=\"block-profile\">\n\t<div class=\"block-profile__header\">\n\n\t\t<div class=\"block-profile__image-wrapper\">\n\t\t\t\n\t\t\t\t\t\t<img decoding=\"async\" class=\"block-profile__image\" src=\"https:\/\/prime-posts.com\/wp-content\/uploads\/2024\/03\/IMG_10852-2-300x300.jpg\">\n\t\t\t\n\t\t<\/div><!-- \/.block-profile__image -->\n\t\t\n\t\t<div class=\"block-profile__meta\">\n\t\t\t<h3 class=\"block-profile__name\">Cinzia Neri<\/h3>\n\t\t\t\n\t\t\t\n\t\t\t<div class=\"block-profile__position\">Directora de PRIME<\/div>\n\t\t<\/div><!-- \/.block-profile__meta -->\n\t<\/div><!-- \/.block-profile__header -->\n\t\n\t<div class=\"block-profile__body\">\n\t\t\n\n<p class=\"is-style-default\">Cinzia Neri tiene m\u00e1s de 30 a\u00f1os de experiencia en el sector postal internacional. Tras haber presidido y participado activamente en diversos grupos de trabajo y comit\u00e9s mundiales de la UPU, PostEurop, la IPC y PRIME, es una defensora de la colaboraci\u00f3n abierta y ha negociado muchos acuerdos entre equipos y fronteras. Cinzia tiene una s\u00f3lida experiencia en ventas y operaciones y ha ocupado puestos de responsabilidad en varias funciones corporativas dentro de la Poste Italiane, como Marketing, Regulaci\u00f3n, Acuerdos y Relaciones Internacionales.<\/p>\n\n\n\n<p class=\"is-style-default\">M\u00e1ster en Administraci\u00f3n de Empresas por la Universidad Cat\u00f3lica de Mil\u00e1n y graduada en la Universidad La Sapienza de Roma, tambi\u00e9n es mediadora calificada en Controversias Prejudiciales. Entre sus logros, Cinzia ha introducido nuevos productos en el mercado, desde el concepto inicial hasta su lanzamiento comercial, y ha promovido el desarrollo de servicios e-commerce. Habla italiano, ingl\u00e9s, espa\u00f1ol y franc\u00e9s. Reconociendo la necesidad de la cooperaci\u00f3n internacional para lograr el \u00e9xito en la paqueter\u00eda transfronteriza, Cinzia supervis\u00f3 la solicitud de adhesi\u00f3n de la Poste Italiane a PRIME. Fue nombrada Directora de PRIME en marzo de 2016.<\/p>\n\n\t<\/div><!-- \/.block-profile__body -->\n<\/div><!-- \/.block-profile -->\n\n\n<div class=\"block-profile\">\n\t<div class=\"block-profile__header\">\n\n\t\t<div class=\"block-profile__image-wrapper\">\n\t\t\t\n\t\t\t\t\t\t<img decoding=\"async\" class=\"block-profile__image\" src=\"https:\/\/prime-posts.com\/wp-content\/uploads\/2021\/10\/joni_sunnika-300x300.jpeg\">\n\t\t\t\n\t\t<\/div><!-- \/.block-profile__image -->\n\t\t\n\t\t<div class=\"block-profile__meta\">\n\t\t\t<h3 class=\"block-profile__name\">Joni Sunikka<\/h3>\n\t\t\t\n\t\t\t\n\t\t\t<div class=\"block-profile__position\">Director de Operaciones de PRIME<\/div>\n\t\t<\/div><!-- \/.block-profile__meta -->\n\t<\/div><!-- \/.block-profile__header -->\n\t\n\t<div class=\"block-profile__body\">\n\t\t\n\n<p class=\"has-text-align-left\"><font style=\"vertical-align: inherit;\"><font style=\"vertical-align: inherit;\">Joni Sunikka holds a degree in Business Administration from Laurea University of Applied Sciences. He has a strong background in business and operations, having worked for Posti Finland for over 17 years. He has held various positions, such as International Operations Manager, Development Manager, Sorting Manager and Operations Supervisor. Joni is Finnish by birth, fluent in English, and also speaks Thai and Chinese, having lived in Asia for one year. With over 17 years of experience in the domestic and international postal sector, he has represented Posti Finland on the IPC Improvement Committee (OUC) and the Interconnect Operations Working Group (IOWG). He was appointed as PRIME COO in May 2021.<\/font><\/font><\/p>\n\n\t<\/div><!-- \/.block-profile__body -->\n<\/div><!-- \/.block-profile -->\n\n\n<div class=\"block-profile\">\n\t<div class=\"block-profile__header\">\n\n\t\t<div class=\"block-profile__image-wrapper\">\n\t\t\t\n\t\t\t\t\t\t<img decoding=\"async\" class=\"block-profile__image\" src=\"https:\/\/prime-posts.com\/wp-content\/uploads\/2021\/09\/HLCs-300x300-1.png\">\n\t\t\t\n\t\t<\/div><!-- \/.block-profile__image -->\n\t\t\n\t\t<div class=\"block-profile__meta\">\n\t\t\t<h3 class=\"block-profile__name\">Huang Li Chung<\/h3>\n\t\t\t\n\t\t\t\n\t\t\t<div class=\"block-profile__position\">Analista y experto administrativo de PRIME<\/div>\n\t\t<\/div><!-- \/.block-profile__meta -->\n\t<\/div><!-- \/.block-profile__header -->\n\t\n\t<div class=\"block-profile__body\">\n\t\t\n\n<p class=\"has-text-align-left\">Huang Li Chung es licenciado en Sistemas de Informaci\u00f3n por la Universidad Tecnol\u00f3gica de Queensland. Trabaj\u00f3 como director del Centro de Apoyo Regional de la Uni\u00f3n Postal Universal para Asia y el Pac\u00edfico durante 4 a\u00f1os, ayudando a los operadores postales de Asia y el Pac\u00edfico a establecer sistemas de seguimiento y localizaci\u00f3n para los servicios postales de la UPU. Posteriormente, Li Chung se incorpor\u00f3 a la Asia Pacific Post Cooperative durante 19 a\u00f1os, trabajando en varios proyectos clave. Particip\u00f3 en la ejecuci\u00f3n de iniciativas regionales para proyectos relacionados con el correo urgente, el comercio electr\u00f3nico y la mejora de la calidad del servicio para los miembros postales de Asia-Pac\u00edfico. Habla y escribe con fluidez ingl\u00e9s y chino. Fue nombrado analista y experto administrativo de PRIME en abril de 2023.<\/p>\n\n\t<\/div><!-- \/.block-profile__body -->\n<\/div><!-- \/.block-profile -->","protected":false},"excerpt":{"rendered":"<p>Alrededor de 160 operadores postales que ofrecen soluciones de comercio electr\u00f3nico en todo el mundo<\/p>\n","protected":false},"author":1,"featured_media":0,"parent":3797,"menu_order":31,"comment_status":"closed","ping_status":"closed","template":"","meta":{"footnotes":""},"class_list":["post-3811","page","type-page","status-publish","hentry",""],"acf":[],"yoast_head":"<!-- This site is optimized with the Yoast SEO plugin v26.6 - https:\/\/yoast.com\/wordpress\/plugins\/seo\/ -->\n<title>Nuestro equipo - PRIME<\/title>\n<meta name=\"robots\" content=\"index, follow, max-snippet:-1, max-image-preview:large, max-video-preview:-1\" \/>\n<link rel=\"canonical\" href=\"https:\/\/prime-posts.com\/es\/about-us\/our-team\/\" \/>\n<meta property=\"og:locale\" content=\"es_ES\" \/>\n<meta property=\"og:type\" content=\"article\" \/>\n<meta property=\"og:title\" content=\"Nuestro equipo - PRIME\" \/>\n<meta property=\"og:description\" content=\"Alrededor de 160 operadores postales que ofrecen soluciones de comercio electr\u00f3nico en todo el mundo\" \/>\n<meta property=\"og:url\" content=\"https:\/\/prime-posts.com\/es\/about-us\/our-team\/\" \/>\n<meta property=\"og:site_name\" content=\"PRIME\" \/>\n<meta property=\"article:modified_time\" content=\"2025-02-11T06:44:42+00:00\" \/>\n<meta name=\"twitter:card\" content=\"summary_large_image\" \/>\n<meta name=\"twitter:label1\" content=\"Tiempo de lectura\" \/>\n\t<meta name=\"twitter:data1\" content=\"1 minuto\" \/>\n<script type=\"application\/ld+json\" class=\"yoast-schema-graph\">{\"@context\":\"https:\/\/schema.org\",\"@graph\":[{\"@type\":\"WebPage\",\"@id\":\"https:\/\/prime-posts.com\/es\/about-us\/our-team\/\",\"url\":\"https:\/\/prime-posts.com\/es\/about-us\/our-team\/\",\"name\":\"Nuestro equipo - PRIME\",\"isPartOf\":{\"@id\":\"https:\/\/prime-posts.com\/#website\"},\"datePublished\":\"2021-05-05T15:45:10+00:00\",\"dateModified\":\"2025-02-11T06:44:42+00:00\",\"breadcrumb\":{\"@id\":\"https:\/\/prime-posts.com\/es\/about-us\/our-team\/#breadcrumb\"},\"inLanguage\":\"es\",\"potentialAction\":[{\"@type\":\"ReadAction\",\"target\":[\"https:\/\/prime-posts.com\/es\/about-us\/our-team\/\"]}]},{\"@type\":\"BreadcrumbList\",\"@id\":\"https:\/\/prime-posts.com\/es\/about-us\/our-team\/#breadcrumb\",\"itemListElement\":[{\"@type\":\"ListItem\",\"position\":1,\"name\":\"Sobre nosotros\",\"item\":\"https:\/\/prime-posts.com\/es\/about-us\/\"},{\"@type\":\"ListItem\",\"position\":2,\"name\":\"Nuestro equipo\"}]},{\"@type\":\"WebSite\",\"@id\":\"https:\/\/prime-posts.com\/#website\",\"url\":\"https:\/\/prime-posts.com\/\",\"name\":\"PRIME\",\"description\":\"Delivering the future in tracked packets\",\"publisher\":{\"@id\":\"https:\/\/prime-posts.com\/#organization\"},\"potentialAction\":[{\"@type\":\"SearchAction\",\"target\":{\"@type\":\"EntryPoint\",\"urlTemplate\":\"https:\/\/prime-posts.com\/?s={search_term_string}\"},\"query-input\":{\"@type\":\"PropertyValueSpecification\",\"valueRequired\":true,\"valueName\":\"search_term_string\"}}],\"inLanguage\":\"es\"},{\"@type\":\"Organization\",\"@id\":\"https:\/\/prime-posts.com\/#organization\",\"name\":\"PRIME\",\"url\":\"https:\/\/prime-posts.com\/\",\"logo\":{\"@type\":\"ImageObject\",\"inLanguage\":\"es\",\"@id\":\"https:\/\/prime-posts.com\/#\/schema\/logo\/image\/\",\"url\":\"http:\/\/prime-posts.test\/wp-content\/uploads\/2021\/11\/prime-logo@2x.png\",\"contentUrl\":\"http:\/\/prime-posts.test\/wp-content\/uploads\/2021\/11\/prime-logo@2x.png\",\"width\":1060,\"height\":218,\"caption\":\"PRIME\"},\"image\":{\"@id\":\"https:\/\/prime-posts.com\/#\/schema\/logo\/image\/\"},\"sameAs\":[\"https:\/\/www.linkedin.com\/company\/prime-posts\",\"https:\/\/www.youtube.com\/channel\/UCLldkKJXxRSKqAtq9ZgiPaQ\"]}]}<\/script>\n<!-- \/ Yoast SEO plugin. -->","yoast_head_json":{"title":"Nuestro equipo - PRIME","robots":{"index":"index","follow":"follow","max-snippet":"max-snippet:-1","max-image-preview":"max-image-preview:large","max-video-preview":"max-video-preview:-1"},"canonical":"https:\/\/prime-posts.com\/es\/about-us\/our-team\/","og_locale":"es_ES","og_type":"article","og_title":"Nuestro equipo - PRIME","og_description":"Alrededor de 160 operadores postales que ofrecen soluciones de comercio electr\u00f3nico en todo el mundo","og_url":"https:\/\/prime-posts.com\/es\/about-us\/our-team\/","og_site_name":"PRIME","article_modified_time":"2025-02-11T06:44:42+00:00","twitter_card":"summary_large_image","twitter_misc":{"Tiempo de lectura":"1 minuto"},"schema":{"@context":"https:\/\/schema.org","@graph":[{"@type":"WebPage","@id":"https:\/\/prime-posts.com\/es\/about-us\/our-team\/","url":"https:\/\/prime-posts.com\/es\/about-us\/our-team\/","name":"Nuestro equipo - PRIME","isPartOf":{"@id":"https:\/\/prime-posts.com\/#website"},"datePublished":"2021-05-05T15:45:10+00:00","dateModified":"2025-02-11T06:44:42+00:00","breadcrumb":{"@id":"https:\/\/prime-posts.com\/es\/about-us\/our-team\/#breadcrumb"},"inLanguage":"es","potentialAction":[{"@type":"ReadAction","target":["https:\/\/prime-posts.com\/es\/about-us\/our-team\/"]}]},{"@type":"BreadcrumbList","@id":"https:\/\/prime-posts.com\/es\/about-us\/our-team\/#breadcrumb","itemListElement":[{"@type":"ListItem","position":1,"name":"Sobre nosotros","item":"https:\/\/prime-posts.com\/es\/about-us\/"},{"@type":"ListItem","position":2,"name":"Nuestro equipo"}]},{"@type":"WebSite","@id":"https:\/\/prime-posts.com\/#website","url":"https:\/\/prime-posts.com\/","name":"PRIME","description":"Delivering the future in tracked packets","publisher":{"@id":"https:\/\/prime-posts.com\/#organization"},"potentialAction":[{"@type":"SearchAction","target":{"@type":"EntryPoint","urlTemplate":"https:\/\/prime-posts.com\/?s={search_term_string}"},"query-input":{"@type":"PropertyValueSpecification","valueRequired":true,"valueName":"search_term_string"}}],"inLanguage":"es"},{"@type":"Organization","@id":"https:\/\/prime-posts.com\/#organization","name":"PRIME","url":"https:\/\/prime-posts.com\/","logo":{"@type":"ImageObject","inLanguage":"es","@id":"https:\/\/prime-posts.com\/#\/schema\/logo\/image\/","url":"http:\/\/prime-posts.test\/wp-content\/uploads\/2021\/11\/prime-logo@2x.png","contentUrl":"http:\/\/prime-posts.test\/wp-content\/uploads\/2021\/11\/prime-logo@2x.png","width":1060,"height":218,"caption":"PRIME"},"image":{"@id":"https:\/\/prime-posts.com\/#\/schema\/logo\/image\/"},"sameAs":["https:\/\/www.linkedin.com\/company\/prime-posts","https:\/\/www.youtube.com\/channel\/UCLldkKJXxRSKqAtq9ZgiPaQ"]}]}},"_links":{"self":[{"href":"https:\/\/prime-posts.com\/es\/wp-json\/wp\/v2\/pages\/3811","targetHints":{"allow":["GET"]}}],"collection":[{"href":"https:\/\/prime-posts.com\/es\/wp-json\/wp\/v2\/pages"}],"about":[{"href":"https:\/\/prime-posts.com\/es\/wp-json\/wp\/v2\/types\/page"}],"author":[{"embeddable":true,"href":"https:\/\/prime-posts.com\/es\/wp-json\/wp\/v2\/users\/1"}],"replies":[{"embeddable":true,"href":"https:\/\/prime-posts.com\/es\/wp-json\/wp\/v2\/comments?post=3811"}],"version-history":[{"count":0,"href":"https:\/\/prime-posts.com\/es\/wp-json\/wp\/v2\/pages\/3811\/revisions"}],"up":[{"embeddable":true,"href":"https:\/\/prime-posts.com\/es\/wp-json\/wp\/v2\/pages\/3797"}],"wp:attachment":[{"href":"https:\/\/prime-posts.com\/es\/wp-json\/wp\/v2\/media?parent=3811"}],"curies":[{"name":"wp","href":"https:\/\/api.w.org\/{rel}","templated":true}]}}