{"id":3802,"date":"2021-05-05T16:44:39","date_gmt":"2021-05-05T15:44:39","guid":{"rendered":"https:\/\/testprimeposts.wpengine.com\/about-us\/our-history\/"},"modified":"2025-03-31T08:23:10","modified_gmt":"2025-03-31T07:23:10","slug":"our-history","status":"publish","type":"page","link":"https:\/\/prime-posts.com\/es\/about-us\/our-history\/","title":{"rendered":"Nuestra historia"},"content":{"rendered":"\n<p class=\"is-style-lead-in\">La fundadora de PRIME, la Sra. Kathleen Treanor, ayud\u00f3 a que la membres\u00eda creciera hasta 132 miembros a finales de 2015. Los acuerdos Expr\u00e9s y Certificado se crearon para apoyar entregas transfronterizas m\u00e1s r\u00e1pidas y sin problemas en todo el mundo.<\/p>\n\n\n\n<div class=\"block-image-quote\">\n\t\n\n<blockquote class=\"wp-block-quote block-image-quote__quote is-layout-flow wp-block-quote-is-layout-flow\">\n<p>Expr\u0450s fue identificado como importante para el desarrollo de los Correos (sin firma) en una reuni\u00f3n del subcomit\u00e9 del Comit\u00e9 de estrategia de Cartas de PostEurop, en los Pa\u00edses Bajos en diciembre de 1996. El comit\u00e9 de estrategia de Cartas se hab\u00eda acordado en Vilamoura, Espa\u00f1a. En la reuni\u00f3n de los Pa\u00edses Bajos se decidi\u00f3 que el desarrollo de Expr\u0450s necesitaba un director a tiempo completo que promoviera el desarrollo de Expr\u0450s en todo el mundo. As\u00ed pues, Prime se puso en marcha en la primavera de 1997 y se me nombr\u00f3 directora del proyecto PRIME. Desde el primer d\u00eda participaron cuatro operadores postales nacionales: Suecia, (primer presidente) Portugal, Irlanda y el Reino Unido. Eslovaquia se uni\u00f3 r\u00e1pidamente, al igual que otros pa\u00edses europeos. Con el tiempo se decidi\u00f3 que PRIME ya no era un proyecto y se me ascendi\u00f3 a jefa de PRIME.<br><br>Me sucedi\u00f3 la Se\u00f1ora Cinzia Neri, tras un sistema de selecci\u00f3n muy competitivo. Cuando me retir\u00e9, cada continente del mundo ten\u00eda miembros de PRIME.<\/p>\n<cite><strong>Kathleen Treanor, fundadora de PRIME<\/strong><\/cite><\/blockquote>\n\n<div class=\"block-image-quote__image\"><img decoding=\"async\" src=\"https:\/\/prime-posts.com\/wp-content\/uploads\/2022\/11\/Kathleen-picture-for-PRIME-website-1-300x300.png\"><\/div><\/div><!-- \/.block-content-panel -->\n\n\n<p class=\"is-style-double-spacing\">Cinzia Neri, con m\u00e1s de 30 a\u00f1os de experiencia en el sector postal, asumi\u00f3 la responsabilidad de PRIME en 2016. Desde entonces, la cantidad de miembros de PRIME ha aumentado a 159, se cre\u00f3 un nuevo Acuerdo de Seguimiento en 2017 que fue firmado por 38 miembros, USPS Tracked (para los flujos hacia y desde Estados Unidos) es utilizado actualmente por 43 Correos, el Acuerdo Certificado cuenta con 48 signatarios y el Acuerdo Expr\u00e8s tiene un recuento total de 54 Correos.<\/p>\n\n\n\n<p class=\"is-style-double-spacing\">En la \u00faltima d\u00e9cada, debido al enorme crecimiento del comercio electr\u00f3nico, los vol\u00famenes de PRIME han aumentado significativamente, al igual que la remuneraci\u00f3n en funci\u00f3n de los resultados. En la actualidad, los competidores privados est\u00e1n adquiriendo vol\u00famenes de paquetes de manera agresiva, lo que significa que la cooperaci\u00f3n postal global en la red PRIME es m\u00e1s crucial que nunca, ya que estamos empezando a experimentar algunas p\u00e9rdidas<\/p>\n\n\n\n<blockquote class=\"wp-block-quote is-layout-flow wp-block-quote-is-layout-flow\">\n<p>Despu\u00e9s de la UPU, PRIME cuenta con el mayor n\u00famero de miembros de los correos mundiales. Cada miembro desempe\u00f1a un papel importante en el apoyo a los \u00faltimos servicios de seguimiento de paquetes centrados en el comercio electr\u00f3nico. Nos apasiona lo que hacemos y estamos al lado de nuestros miembros, ya que su \u00e9xito es nuestra misi\u00f3n<\/p>\n<cite><strong>Cinzia Neri, Directora de PRIME<\/strong><\/cite><\/blockquote>\n","protected":false},"excerpt":{"rendered":"<p>Unidos para superar las barreras transfronterizas, donde todo comenz\u00f3<\/p>\n","protected":false},"author":1,"featured_media":0,"parent":3797,"menu_order":25,"comment_status":"closed","ping_status":"closed","template":"","meta":{"footnotes":""},"class_list":["post-3802","page","type-page","status-publish","hentry",""],"acf":[],"yoast_head":"<!-- This site is optimized with the Yoast SEO plugin v26.6 - https:\/\/yoast.com\/wordpress\/plugins\/seo\/ -->\n<title>Nuestra historia - PRIME<\/title>\n<meta name=\"robots\" content=\"index, follow, max-snippet:-1, max-image-preview:large, max-video-preview:-1\" \/>\n<link rel=\"canonical\" href=\"https:\/\/prime-posts.com\/es\/about-us\/our-history\/\" \/>\n<meta property=\"og:locale\" content=\"es_ES\" \/>\n<meta property=\"og:type\" content=\"article\" \/>\n<meta property=\"og:title\" content=\"Nuestra historia - PRIME\" \/>\n<meta property=\"og:description\" content=\"Unidos para superar las barreras transfronterizas, donde todo comenz\u00f3\" \/>\n<meta property=\"og:url\" content=\"https:\/\/prime-posts.com\/es\/about-us\/our-history\/\" \/>\n<meta property=\"og:site_name\" content=\"PRIME\" \/>\n<meta property=\"article:modified_time\" content=\"2025-03-31T07:23:10+00:00\" \/>\n<meta name=\"twitter:card\" content=\"summary_large_image\" \/>\n<meta name=\"twitter:label1\" content=\"Tiempo de lectura\" \/>\n\t<meta name=\"twitter:data1\" content=\"2 minutos\" \/>\n<script type=\"application\/ld+json\" class=\"yoast-schema-graph\">{\"@context\":\"https:\/\/schema.org\",\"@graph\":[{\"@type\":\"WebPage\",\"@id\":\"https:\/\/prime-posts.com\/es\/about-us\/our-history\/\",\"url\":\"https:\/\/prime-posts.com\/es\/about-us\/our-history\/\",\"name\":\"Nuestra historia - PRIME\",\"isPartOf\":{\"@id\":\"https:\/\/prime-posts.com\/#website\"},\"datePublished\":\"2021-05-05T15:44:39+00:00\",\"dateModified\":\"2025-03-31T07:23:10+00:00\",\"breadcrumb\":{\"@id\":\"https:\/\/prime-posts.com\/es\/about-us\/our-history\/#breadcrumb\"},\"inLanguage\":\"es\",\"potentialAction\":[{\"@type\":\"ReadAction\",\"target\":[\"https:\/\/prime-posts.com\/es\/about-us\/our-history\/\"]}]},{\"@type\":\"BreadcrumbList\",\"@id\":\"https:\/\/prime-posts.com\/es\/about-us\/our-history\/#breadcrumb\",\"itemListElement\":[{\"@type\":\"ListItem\",\"position\":1,\"name\":\"Sobre nosotros\",\"item\":\"https:\/\/prime-posts.com\/es\/about-us\/\"},{\"@type\":\"ListItem\",\"position\":2,\"name\":\"Nuestra historia\"}]},{\"@type\":\"WebSite\",\"@id\":\"https:\/\/prime-posts.com\/#website\",\"url\":\"https:\/\/prime-posts.com\/\",\"name\":\"PRIME\",\"description\":\"Delivering the future in tracked packets\",\"publisher\":{\"@id\":\"https:\/\/prime-posts.com\/#organization\"},\"potentialAction\":[{\"@type\":\"SearchAction\",\"target\":{\"@type\":\"EntryPoint\",\"urlTemplate\":\"https:\/\/prime-posts.com\/?s={search_term_string}\"},\"query-input\":{\"@type\":\"PropertyValueSpecification\",\"valueRequired\":true,\"valueName\":\"search_term_string\"}}],\"inLanguage\":\"es\"},{\"@type\":\"Organization\",\"@id\":\"https:\/\/prime-posts.com\/#organization\",\"name\":\"PRIME\",\"url\":\"https:\/\/prime-posts.com\/\",\"logo\":{\"@type\":\"ImageObject\",\"inLanguage\":\"es\",\"@id\":\"https:\/\/prime-posts.com\/#\/schema\/logo\/image\/\",\"url\":\"http:\/\/prime-posts.test\/wp-content\/uploads\/2021\/11\/prime-logo@2x.png\",\"contentUrl\":\"http:\/\/prime-posts.test\/wp-content\/uploads\/2021\/11\/prime-logo@2x.png\",\"width\":1060,\"height\":218,\"caption\":\"PRIME\"},\"image\":{\"@id\":\"https:\/\/prime-posts.com\/#\/schema\/logo\/image\/\"},\"sameAs\":[\"https:\/\/www.linkedin.com\/company\/prime-posts\",\"https:\/\/www.youtube.com\/channel\/UCLldkKJXxRSKqAtq9ZgiPaQ\"]}]}<\/script>\n<!-- \/ Yoast SEO plugin. -->","yoast_head_json":{"title":"Nuestra historia - PRIME","robots":{"index":"index","follow":"follow","max-snippet":"max-snippet:-1","max-image-preview":"max-image-preview:large","max-video-preview":"max-video-preview:-1"},"canonical":"https:\/\/prime-posts.com\/es\/about-us\/our-history\/","og_locale":"es_ES","og_type":"article","og_title":"Nuestra historia - PRIME","og_description":"Unidos para superar las barreras transfronterizas, donde todo comenz\u00f3","og_url":"https:\/\/prime-posts.com\/es\/about-us\/our-history\/","og_site_name":"PRIME","article_modified_time":"2025-03-31T07:23:10+00:00","twitter_card":"summary_large_image","twitter_misc":{"Tiempo de lectura":"2 minutos"},"schema":{"@context":"https:\/\/schema.org","@graph":[{"@type":"WebPage","@id":"https:\/\/prime-posts.com\/es\/about-us\/our-history\/","url":"https:\/\/prime-posts.com\/es\/about-us\/our-history\/","name":"Nuestra historia - PRIME","isPartOf":{"@id":"https:\/\/prime-posts.com\/#website"},"datePublished":"2021-05-05T15:44:39+00:00","dateModified":"2025-03-31T07:23:10+00:00","breadcrumb":{"@id":"https:\/\/prime-posts.com\/es\/about-us\/our-history\/#breadcrumb"},"inLanguage":"es","potentialAction":[{"@type":"ReadAction","target":["https:\/\/prime-posts.com\/es\/about-us\/our-history\/"]}]},{"@type":"BreadcrumbList","@id":"https:\/\/prime-posts.com\/es\/about-us\/our-history\/#breadcrumb","itemListElement":[{"@type":"ListItem","position":1,"name":"Sobre nosotros","item":"https:\/\/prime-posts.com\/es\/about-us\/"},{"@type":"ListItem","position":2,"name":"Nuestra historia"}]},{"@type":"WebSite","@id":"https:\/\/prime-posts.com\/#website","url":"https:\/\/prime-posts.com\/","name":"PRIME","description":"Delivering the future in tracked packets","publisher":{"@id":"https:\/\/prime-posts.com\/#organization"},"potentialAction":[{"@type":"SearchAction","target":{"@type":"EntryPoint","urlTemplate":"https:\/\/prime-posts.com\/?s={search_term_string}"},"query-input":{"@type":"PropertyValueSpecification","valueRequired":true,"valueName":"search_term_string"}}],"inLanguage":"es"},{"@type":"Organization","@id":"https:\/\/prime-posts.com\/#organization","name":"PRIME","url":"https:\/\/prime-posts.com\/","logo":{"@type":"ImageObject","inLanguage":"es","@id":"https:\/\/prime-posts.com\/#\/schema\/logo\/image\/","url":"http:\/\/prime-posts.test\/wp-content\/uploads\/2021\/11\/prime-logo@2x.png","contentUrl":"http:\/\/prime-posts.test\/wp-content\/uploads\/2021\/11\/prime-logo@2x.png","width":1060,"height":218,"caption":"PRIME"},"image":{"@id":"https:\/\/prime-posts.com\/#\/schema\/logo\/image\/"},"sameAs":["https:\/\/www.linkedin.com\/company\/prime-posts","https:\/\/www.youtube.com\/channel\/UCLldkKJXxRSKqAtq9ZgiPaQ"]}]}},"_links":{"self":[{"href":"https:\/\/prime-posts.com\/es\/wp-json\/wp\/v2\/pages\/3802","targetHints":{"allow":["GET"]}}],"collection":[{"href":"https:\/\/prime-posts.com\/es\/wp-json\/wp\/v2\/pages"}],"about":[{"href":"https:\/\/prime-posts.com\/es\/wp-json\/wp\/v2\/types\/page"}],"author":[{"embeddable":true,"href":"https:\/\/prime-posts.com\/es\/wp-json\/wp\/v2\/users\/1"}],"replies":[{"embeddable":true,"href":"https:\/\/prime-posts.com\/es\/wp-json\/wp\/v2\/comments?post=3802"}],"version-history":[{"count":0,"href":"https:\/\/prime-posts.com\/es\/wp-json\/wp\/v2\/pages\/3802\/revisions"}],"up":[{"embeddable":true,"href":"https:\/\/prime-posts.com\/es\/wp-json\/wp\/v2\/pages\/3797"}],"wp:attachment":[{"href":"https:\/\/prime-posts.com\/es\/wp-json\/wp\/v2\/media?parent=3802"}],"curies":[{"name":"wp","href":"https:\/\/api.w.org\/{rel}","templated":true}]}}