{"id":3797,"date":"2021-08-06T16:16:31","date_gmt":"2021-08-06T15:16:31","guid":{"rendered":"https:\/\/testprimeposts.wpengine.com\/about-us\/"},"modified":"2025-03-18T07:18:08","modified_gmt":"2025-03-18T07:18:08","slug":"about-us","status":"publish","type":"page","link":"https:\/\/prime-posts.com\/es\/about-us\/","title":{"rendered":"Sobre nosotros"},"content":{"rendered":"\n<div class=\"wp-block-group alignfull is-layout-flow wp-block-group-is-layout-flow\">\n<div class=\"block-content-panel\">\n\t<div class=\"block-content-panel__container container\">\n\t\t\n\n<p class=\"has-text-align-center has-large-font-size\">Nuestros cerca de 160 operadores designados por la UPU est\u00e1n unidos con el objetivo de colaborar y ofrecer soluciones transfronterizas para el mercado del comercio electr\u00f3nico. PRIME es una red centrada en los negocios, sin agenda pol\u00edtica. Est\u00e1 dirigido por nuestros miembros, que se enorgullecen de entablar relaciones duraderas con nuestra comunidad postal.<\/p>\n\n\t<\/div><!-- \/.container -->\n<\/div><!-- \/.block-content-panel -->\n\n\n<p><\/p>\n<\/div>\n\n\n\n<div class=\"block-child-excerpts\">\n\t\n\t<div class=\"grid grid--3-col\">\n\t\n\t\t\t\n\t\t\t\t\n\t\t<div class=\"grid__item\">\n\t\t\t<article class=\"card card--boxed has-border-rad-1x\">\n\t\t\t\t<div class=\"card__header\">\n\t\t\t\t\t<div class=\"card__icon icon-wrapper\">\n\t\t\t\t\t\n\t\t\t\t\t\t\t\t\t\t\t\n\t\t\t\t\t\t<img decoding=\"async\" src=\"https:\/\/prime-posts.com\/wp-content\/uploads\/2021\/07\/icon-history.svg\"  style='position: relative;height: 100%;' \/>\n\t\t\t\t\t\n\t\t\t\t\t<\/div> \n\t\t\t\t<\/div><!-- \/.card__header -->\n\t\t\t\t\n\t\t\t\t<div class=\"card__body\">\n\t\t\t\t\t<h3 class=\"card__title has-orange-color button\"><b style=\"font-weight:600;\">Nuestra&nbsp;historia<\/b><\/h3>\n\t\t\t\t\t<p class=\"card__excerpt\">\n\t\t\t\t\tUnidos para superar las barreras transfronterizas, donde todo comenz\u00f3<\/p>\n\t\t\t\t<\/div><!-- \/.card__body -->\n\n\t\t\t\t<div class=\"card__footer\">\n\t\t\t\t\t<a class=\"card__button card__button--cover\" href=\"https:\/\/prime-posts.com\/es\/about-us\/our-history\/\">Find out more<\/a>\n\t\t\t\t<\/div><!-- \/.card__footer -->\n\n\t\t\t<\/article><!-- \/.card -->\n\t\t<\/div><!-- \/.grid__item -->\n\n\t\t\t\t\n\t\t<div class=\"grid__item\">\n\t\t\t<article class=\"card card--boxed has-border-rad-1x\">\n\t\t\t\t<div class=\"card__header\">\n\t\t\t\t\t<div class=\"card__icon icon-wrapper\">\n\t\t\t\t\t\n\t\t\t\t\t\t\t\t\t\t\t\n\t\t\t\t\t\t<img decoding=\"async\" src=\"https:\/\/prime-posts.com\/wp-content\/uploads\/2021\/07\/icon-members.svg\"  style='position: relative;height: 100%;' \/>\n\t\t\t\t\t\n\t\t\t\t\t<\/div> \n\t\t\t\t<\/div><!-- \/.card__header -->\n\t\t\t\t\n\t\t\t\t<div class=\"card__body\">\n\t\t\t\t\t<h3 class=\"card__title has-red-color button\"><b style=\"font-weight:600;\">Nuestros&nbsp;miembros<\/b><\/h3>\n\t\t\t\t\t<p class=\"card__excerpt\">\n\t\t\t\t\tListos para ayudar a nuestros miembros a responder a la evoluci\u00f3n del mercado del comercio electr\u00f3nico<\/p>\n\t\t\t\t<\/div><!-- \/.card__body -->\n\n\t\t\t\t<div class=\"card__footer\">\n\t\t\t\t\t<a class=\"card__button card__button--cover\" href=\"https:\/\/prime-posts.com\/es\/about-us\/our-members\/\">Find out more<\/a>\n\t\t\t\t<\/div><!-- \/.card__footer -->\n\n\t\t\t<\/article><!-- \/.card -->\n\t\t<\/div><!-- \/.grid__item -->\n\n\t\t\t\t\n\t\t<div class=\"grid__item\">\n\t\t\t<article class=\"card card--boxed has-border-rad-1x\">\n\t\t\t\t<div class=\"card__header\">\n\t\t\t\t\t<div class=\"card__icon icon-wrapper\">\n\t\t\t\t\t\n\t\t\t\t\t\t\t\t\t\t\t\n\t\t\t\t\t\t<img decoding=\"async\" src=\"https:\/\/prime-posts.com\/wp-content\/uploads\/2021\/07\/icon-team.svg\"  style='position: relative;height: 100%;' \/>\n\t\t\t\t\t\n\t\t\t\t\t<\/div> \n\t\t\t\t<\/div><!-- \/.card__header -->\n\t\t\t\t\n\t\t\t\t<div class=\"card__body\">\n\t\t\t\t\t<h3 class=\"card__title has-blue-dark-color button\"><b style=\"font-weight:600;\">Nuestro&nbsp;equipo<\/b><\/h3>\n\t\t\t\t\t<p class=\"card__excerpt\">\n\t\t\t\t\tAlrededor de 160 operadores postales que ofrecen soluciones de comercio electr\u00f3nico en todo el mundo<\/p>\n\t\t\t\t<\/div><!-- \/.card__body -->\n\n\t\t\t\t<div class=\"card__footer\">\n\t\t\t\t\t<a class=\"card__button card__button--cover\" href=\"https:\/\/prime-posts.com\/es\/about-us\/our-team\/\">Find out more<\/a>\n\t\t\t\t<\/div><!-- \/.card__footer -->\n\n\t\t\t<\/article><!-- \/.card -->\n\t\t<\/div><!-- \/.grid__item -->\n\n\t\t\t\t\n\t\t<div class=\"grid__item\">\n\t\t\t<article class=\"card card--boxed has-border-rad-1x\">\n\t\t\t\t<div class=\"card__header\">\n\t\t\t\t\t<div class=\"card__icon icon-wrapper\">\n\t\t\t\t\t\n\t\t\t\t\t\t\t\t\t\t\t\n\t\t\t\t\t\t<img decoding=\"async\" src=\"https:\/\/prime-posts.com\/wp-content\/uploads\/2021\/07\/icon-chair-board.svg\"  style='position: relative;height: 100%;' \/>\n\t\t\t\t\t\n\t\t\t\t\t<\/div> \n\t\t\t\t<\/div><!-- \/.card__header -->\n\t\t\t\t\n\t\t\t\t<div class=\"card__body\">\n\t\t\t\t\t<h3 class=\"card__title has-blue-light-color button\"><b style=\"font-weight:600;\">Presidente y miembros del&nbsp;Consejo<\/b><\/h3>\n\t\t\t\t\t<p class=\"card__excerpt\">\n\t\t\t\t\tEl principal \u00f3rgano de gobierno de PRIME es supervisado y elegido por los miembros de nuestra Asamblea General<\/p>\n\t\t\t\t<\/div><!-- \/.card__body -->\n\n\t\t\t\t<div class=\"card__footer\">\n\t\t\t\t\t<a class=\"card__button card__button--cover\" href=\"https:\/\/prime-posts.com\/es\/about-us\/chair-board-members\/\">Find out more<\/a>\n\t\t\t\t<\/div><!-- \/.card__footer -->\n\n\t\t\t<\/article><!-- \/.card -->\n\t\t<\/div><!-- \/.grid__item -->\n\n\t\t\t\t\n\t\t<div class=\"grid__item\">\n\t\t\t<article class=\"card card--boxed has-border-rad-1x\">\n\t\t\t\t<div class=\"card__header\">\n\t\t\t\t\t<div class=\"card__icon icon-wrapper\">\n\t\t\t\t\t\n\t\t\t\t\t\t\t\t\t\t\t\n\t\t\t\t\t\t<img decoding=\"async\" src=\"https:\/\/prime-posts.com\/wp-content\/uploads\/2021\/07\/icon-committees.svg\"  style='position: relative;height: 100%;' \/>\n\t\t\t\t\t\n\t\t\t\t\t<\/div> \n\t\t\t\t<\/div><!-- \/.card__header -->\n\t\t\t\t\n\t\t\t\t<div class=\"card__body\">\n\t\t\t\t\t<h3 class=\"card__title has-green-color button\"><b style=\"font-weight:600;\">Comit\u00e9s y Equipos&nbsp;especiales<\/b><\/h3>\n\t\t\t\t\t<p class=\"card__excerpt\">\n\t\t\t\t\tC\u00f3mo funciona nuestra estructura en la pr\u00e1ctica<\/p>\n\t\t\t\t<\/div><!-- \/.card__body -->\n\n\t\t\t\t<div class=\"card__footer\">\n\t\t\t\t\t<a class=\"card__button card__button--cover\" href=\"https:\/\/prime-posts.com\/es\/about-us\/committees-task-forces\/\">Find out more<\/a>\n\t\t\t\t<\/div><!-- \/.card__footer -->\n\n\t\t\t<\/article><!-- \/.card -->\n\t\t<\/div><!-- \/.grid__item -->\n\n\t\t\t\n\t<\/div><!-- \/.grid -->\n\t\n<\/div>\n\n\n\n<div class=\"wp-block-group alignwide is-layout-flow wp-block-group-is-layout-flow\">\n<hr class=\"wp-block-separator has-css-opacity\"\/>\n\n\n\n<div class=\"block-icon icon-wrapper\">\n\t\n\t\t\n\t\t<img decoding=\"async\" src=\"https:\/\/prime-posts.com\/wp-content\/uploads\/2021\/07\/icon-globe.svg\"  style='position: relative;height: 100%;' \/>\n\t\t\n<\/div><!-- \/.block-icon -->\n\n\n<h2 class=\"wp-block-heading has-text-align-center is-style-display-bold\">Bienvenido a PRIME<\/h2>\n\n\n\n<p class=\"has-text-align-center has-medium-font-size\">Los nuevos miembros recibir\u00e1n una profesional y amistosa bienvenida, en un ambiente de total apoyo, para garantizar que aprovechar\u00e1n al m\u00e1ximo su afiliaci\u00f3n a PRIME. Nuestro equipo tiene como objetivo brindar una atenci\u00f3n personalizada a las necesidades de nuestros miembros y apoyar a los Correos para satisfacer las expectativas de sus clientes.<\/p>\n<\/div>\n\n\n\n<div class=\"wp-block-group is-layout-flow wp-block-group-is-layout-flow\">\n<hr class=\"wp-block-separator has-css-opacity\"\/>\n\n\n\n<div class=\"block-icon icon-wrapper\">\n\t\n\t\t\n\t\t<img decoding=\"async\" src=\"https:\/\/prime-posts.com\/wp-content\/uploads\/2021\/07\/icon-circle-team.svg\"  style='position: relative;height: 100%;' \/>\n\t\t\n<\/div><!-- \/.block-icon -->\n\n\n<h2 class=\"wp-block-heading has-text-align-center is-style-display-bold\">Equipo experimentado<\/h2>\n\n\n\n<p class=\"has-text-align-center has-medium-font-size\">Contamos con una probada experiencia de 25 a\u00f1os en la colaboraci\u00f3n postal internacional. Seguiremos siendo un l\u00edder innovador en soluciones postales globales como respuesta a las necesidades de nuestros miembros. El proceso de decisi\u00f3n de nuestros miembros es sencillo y eficiente. Por ende, las solicitudes de los Correos se tratan en el menor tiempo posible y con la mayor atenci\u00f3n.<\/p>\n<\/div>\n\n\n\n<div class=\"wp-block-group is-layout-flow wp-block-group-is-layout-flow\">\n<hr class=\"wp-block-separator has-css-opacity\"\/>\n\n\n\n<div class=\"block-icon icon-wrapper\">\n\t\n\t\t\n\t\t<img decoding=\"async\" src=\"https:\/\/prime-posts.com\/wp-content\/uploads\/2021\/07\/icon-circle-vision.svg\"  style='position: relative;height: 100%;' \/>\n\t\t\n<\/div><!-- \/.block-icon -->\n\n\n<h2 class=\"wp-block-heading has-text-align-center is-style-display-bold\">Nuestra visi\u00f3n<\/h2>\n\n\n\n<p class=\"has-text-align-center has-medium-font-size\">Estar a la vanguardia de la innovaci\u00f3n en el comercio electr\u00f3nico y ser el principal facilitador mundial de servicios rentables de calidad, seguimiento y entrega en el mercado transfronterizo de paquetes.&nbsp;Para lograrlo, PRIME facilita una mayor colaboraci\u00f3n con otras organizaciones postales para trabajar en pos de un conjunto \u00fanico de soluciones de comercio electr\u00f3nico por niveles a escala mundial.<\/p>\n<\/div>\n\n\n\n<div class=\"wp-block-group is-layout-flow wp-block-group-is-layout-flow\">\n<hr class=\"wp-block-separator has-css-opacity\"\/>\n\n\n\n<div class=\"wp-block-group is-layout-flow wp-block-group-is-layout-flow\">\n<div class=\"block-icon icon-wrapper\">\n\t\n\t\t\n\t\t<img decoding=\"async\" src=\"https:\/\/prime-posts.com\/wp-content\/uploads\/2021\/07\/icon-circle-target.svg\"  style='position: relative;height: 100%;' \/>\n\t\t\n<\/div><!-- \/.block-icon -->\n\n\n<h2 class=\"wp-block-heading has-text-align-center is-style-display-bold\">Nuestros objetivos son:<\/h2>\n<\/div>\n\n\n\n<p class=\"has-text-align-center has-medium-font-size\">Mejorar las entregas de paquetes con seguimiento y las notificaciones electr\u00f3nicas y adaptar los productos en respuesta a las expectativas de los clientes.<\/p>\n\n\n\n<p class=\"has-text-align-center has-medium-font-size\">Impulsar la competitividad de los servicios postales en el mercado del comercio electr\u00f3nico.<\/p>\n\n\n\n<p class=\"has-text-align-center has-medium-font-size\">Mejorar la calidad del seguimiento de paquetes, especialmente en lo que respecta a los plazos de entrega y a la devoluci\u00f3n puntual de la informaci\u00f3n de entrega en formato electr\u00f3nico.<\/p>\n\n\n\n<p class=\"has-text-align-center has-medium-font-size\">Ampliar el n\u00famero de Operadores Designados que intercambian informaci\u00f3n de entrega por v\u00eda electr\u00f3nica con el fin de gestionar las consultas de los clientes de forma m\u00e1s eficiente mediante el uso del Sistema Global de Atenci\u00f3n al Cliente.\u00a0<\/p>\n<\/div>\n","protected":false},"excerpt":{"rendered":"<p>Bienvenido a PRIME Los nuevos miembros recibir\u00e1n una profesional y amistosa bienvenida, en un ambiente de [&hellip;]<\/p>\n","protected":false},"author":1,"featured_media":0,"parent":0,"menu_order":22,"comment_status":"closed","ping_status":"closed","template":"templates\/landing-page.php","meta":{"footnotes":""},"class_list":["post-3797","page","type-page","status-publish","hentry",""],"acf":[],"yoast_head":"<!-- This site is optimized with the Yoast SEO plugin v26.6 - https:\/\/yoast.com\/wordpress\/plugins\/seo\/ -->\n<title>Sobre nosotros - PRIME<\/title>\n<meta name=\"robots\" content=\"index, follow, max-snippet:-1, max-image-preview:large, max-video-preview:-1\" \/>\n<link rel=\"canonical\" href=\"https:\/\/prime-posts.com\/es\/about-us\/\" \/>\n<meta property=\"og:locale\" content=\"es_ES\" \/>\n<meta property=\"og:type\" content=\"article\" \/>\n<meta property=\"og:title\" content=\"Sobre nosotros - PRIME\" \/>\n<meta property=\"og:description\" content=\"Bienvenido a PRIME Los nuevos miembros recibir\u00e1n una profesional y amistosa bienvenida, en un ambiente de [&hellip;]\" \/>\n<meta property=\"og:url\" content=\"https:\/\/prime-posts.com\/es\/about-us\/\" \/>\n<meta property=\"og:site_name\" content=\"PRIME\" \/>\n<meta property=\"article:modified_time\" content=\"2025-03-18T07:18:08+00:00\" \/>\n<meta name=\"twitter:card\" content=\"summary_large_image\" \/>\n<meta name=\"twitter:label1\" content=\"Tiempo de lectura\" \/>\n\t<meta name=\"twitter:data1\" content=\"2 minutos\" \/>\n<script type=\"application\/ld+json\" class=\"yoast-schema-graph\">{\"@context\":\"https:\/\/schema.org\",\"@graph\":[{\"@type\":\"WebPage\",\"@id\":\"https:\/\/prime-posts.com\/es\/about-us\/\",\"url\":\"https:\/\/prime-posts.com\/es\/about-us\/\",\"name\":\"Sobre nosotros - PRIME\",\"isPartOf\":{\"@id\":\"https:\/\/prime-posts.com\/#website\"},\"datePublished\":\"2021-08-06T15:16:31+00:00\",\"dateModified\":\"2025-03-18T07:18:08+00:00\",\"inLanguage\":\"es\",\"potentialAction\":[{\"@type\":\"ReadAction\",\"target\":[\"https:\/\/prime-posts.com\/es\/about-us\/\"]}]},{\"@type\":\"WebSite\",\"@id\":\"https:\/\/prime-posts.com\/#website\",\"url\":\"https:\/\/prime-posts.com\/\",\"name\":\"PRIME\",\"description\":\"Delivering the future in tracked packets\",\"publisher\":{\"@id\":\"https:\/\/prime-posts.com\/#organization\"},\"potentialAction\":[{\"@type\":\"SearchAction\",\"target\":{\"@type\":\"EntryPoint\",\"urlTemplate\":\"https:\/\/prime-posts.com\/?s={search_term_string}\"},\"query-input\":{\"@type\":\"PropertyValueSpecification\",\"valueRequired\":true,\"valueName\":\"search_term_string\"}}],\"inLanguage\":\"es\"},{\"@type\":\"Organization\",\"@id\":\"https:\/\/prime-posts.com\/#organization\",\"name\":\"PRIME\",\"url\":\"https:\/\/prime-posts.com\/\",\"logo\":{\"@type\":\"ImageObject\",\"inLanguage\":\"es\",\"@id\":\"https:\/\/prime-posts.com\/#\/schema\/logo\/image\/\",\"url\":\"http:\/\/prime-posts.test\/wp-content\/uploads\/2021\/11\/prime-logo@2x.png\",\"contentUrl\":\"http:\/\/prime-posts.test\/wp-content\/uploads\/2021\/11\/prime-logo@2x.png\",\"width\":1060,\"height\":218,\"caption\":\"PRIME\"},\"image\":{\"@id\":\"https:\/\/prime-posts.com\/#\/schema\/logo\/image\/\"},\"sameAs\":[\"https:\/\/www.linkedin.com\/company\/prime-posts\",\"https:\/\/www.youtube.com\/channel\/UCLldkKJXxRSKqAtq9ZgiPaQ\"]}]}<\/script>\n<!-- \/ Yoast SEO plugin. -->","yoast_head_json":{"title":"Sobre nosotros - PRIME","robots":{"index":"index","follow":"follow","max-snippet":"max-snippet:-1","max-image-preview":"max-image-preview:large","max-video-preview":"max-video-preview:-1"},"canonical":"https:\/\/prime-posts.com\/es\/about-us\/","og_locale":"es_ES","og_type":"article","og_title":"Sobre nosotros - PRIME","og_description":"Bienvenido a PRIME Los nuevos miembros recibir\u00e1n una profesional y amistosa bienvenida, en un ambiente de [&hellip;]","og_url":"https:\/\/prime-posts.com\/es\/about-us\/","og_site_name":"PRIME","article_modified_time":"2025-03-18T07:18:08+00:00","twitter_card":"summary_large_image","twitter_misc":{"Tiempo de lectura":"2 minutos"},"schema":{"@context":"https:\/\/schema.org","@graph":[{"@type":"WebPage","@id":"https:\/\/prime-posts.com\/es\/about-us\/","url":"https:\/\/prime-posts.com\/es\/about-us\/","name":"Sobre nosotros - PRIME","isPartOf":{"@id":"https:\/\/prime-posts.com\/#website"},"datePublished":"2021-08-06T15:16:31+00:00","dateModified":"2025-03-18T07:18:08+00:00","inLanguage":"es","potentialAction":[{"@type":"ReadAction","target":["https:\/\/prime-posts.com\/es\/about-us\/"]}]},{"@type":"WebSite","@id":"https:\/\/prime-posts.com\/#website","url":"https:\/\/prime-posts.com\/","name":"PRIME","description":"Delivering the future in tracked packets","publisher":{"@id":"https:\/\/prime-posts.com\/#organization"},"potentialAction":[{"@type":"SearchAction","target":{"@type":"EntryPoint","urlTemplate":"https:\/\/prime-posts.com\/?s={search_term_string}"},"query-input":{"@type":"PropertyValueSpecification","valueRequired":true,"valueName":"search_term_string"}}],"inLanguage":"es"},{"@type":"Organization","@id":"https:\/\/prime-posts.com\/#organization","name":"PRIME","url":"https:\/\/prime-posts.com\/","logo":{"@type":"ImageObject","inLanguage":"es","@id":"https:\/\/prime-posts.com\/#\/schema\/logo\/image\/","url":"http:\/\/prime-posts.test\/wp-content\/uploads\/2021\/11\/prime-logo@2x.png","contentUrl":"http:\/\/prime-posts.test\/wp-content\/uploads\/2021\/11\/prime-logo@2x.png","width":1060,"height":218,"caption":"PRIME"},"image":{"@id":"https:\/\/prime-posts.com\/#\/schema\/logo\/image\/"},"sameAs":["https:\/\/www.linkedin.com\/company\/prime-posts","https:\/\/www.youtube.com\/channel\/UCLldkKJXxRSKqAtq9ZgiPaQ"]}]}},"_links":{"self":[{"href":"https:\/\/prime-posts.com\/es\/wp-json\/wp\/v2\/pages\/3797","targetHints":{"allow":["GET"]}}],"collection":[{"href":"https:\/\/prime-posts.com\/es\/wp-json\/wp\/v2\/pages"}],"about":[{"href":"https:\/\/prime-posts.com\/es\/wp-json\/wp\/v2\/types\/page"}],"author":[{"embeddable":true,"href":"https:\/\/prime-posts.com\/es\/wp-json\/wp\/v2\/users\/1"}],"replies":[{"embeddable":true,"href":"https:\/\/prime-posts.com\/es\/wp-json\/wp\/v2\/comments?post=3797"}],"version-history":[{"count":0,"href":"https:\/\/prime-posts.com\/es\/wp-json\/wp\/v2\/pages\/3797\/revisions"}],"wp:attachment":[{"href":"https:\/\/prime-posts.com\/es\/wp-json\/wp\/v2\/media?parent=3797"}],"curies":[{"name":"wp","href":"https:\/\/api.w.org\/{rel}","templated":true}]}}