{"id":3782,"date":"2021-05-05T16:57:34","date_gmt":"2021-05-05T15:57:34","guid":{"rendered":"https:\/\/testprimeposts.wpengine.com\/services\/expres\/"},"modified":"2025-02-10T15:14:42","modified_gmt":"2025-02-10T15:14:42","slug":"expreso","status":"publish","type":"page","link":"https:\/\/prime-posts.com\/es\/services\/expreso\/","title":{"rendered":"PRIME Expreso"},"content":{"rendered":"\n<p class=\"is-style-lead-in\">PRIME Expreso satisface las necesidades de los clientes que desean un servicio internacional r\u00e1pido y confiable con seguimiento y escaneo en la entrega, sin tener que pagar los costos de mensajer\u00eda.<\/p>\n\n\n\n<p class=\"is-style-default\">Una opci\u00f3n premium para art\u00edculos de comercio electr\u00f3nico con confirmaci\u00f3n electr\u00f3nica de llegada sin firma. Este producto se entrega en la red prioritaria m\u00e1s r\u00e1pida de Correos.<\/p>\n\n\n\n<h3 class=\"wp-block-heading has-blue-dark-color has-text-color\">PRIME Expreso ofrece las siguientes ventajas:<\/h3>\n\n\n\n\n<ul class=\"block-icon-list\">\n\t\n\t\t<li class=\"block-icon-list__item\">\n\t\t<span class=\"block-icon-list__icon icon icon--checkbox\"><\/span>\n\t\tConfirmaci\u00f3n de entrega electr\u00f3nica<\/li>\n\t\t<li class=\"block-icon-list__item\">\n\t\t<span class=\"block-icon-list__icon icon icon--letter\"><\/span>\n\t\tEntrega en la red de cartas prioritarias m\u00e1s r\u00e1pida<\/li>\n\t\t<li class=\"block-icon-list__item\">\n\t\t<span class=\"block-icon-list__icon icon icon--target\"><\/span>\n\t\tMedici\u00f3n con respecto al objetivo de entrega del 100%<\/li>\n\t\t<li class=\"block-icon-list__item\">\n\t\t<span class=\"block-icon-list__icon icon icon--tick-seal\"><\/span>\n\t\tMedici\u00f3n E2E para mejorar la estrategia de calidad<\/li>\n\t\t<li class=\"block-icon-list__item\">\n\t\t<span class=\"block-icon-list__icon icon icon--chat\"><\/span>\n\t\tUso recomendado de GCSS<\/li>\n\t\t\n<\/ul><!-- \/.block-icon-list -->\n\n\n\n\n<p class=\"is-style-default\">Gracias a su velocidad de entrega y a su capacidad de seguimiento electr\u00f3nico, PRIME Expreso se encuentra en una posici\u00f3n ideal para hacer frente a las importantes previsiones de crecimiento del mercado del comercio electr\u00f3nico transfronterizo, creando buenos ingresos para los operadores postales nacionales.<\/p>\n\n\n\n<p class=\"is-style-default\">PRIME Expreso se comercializa con nombres diferentes en cada pa\u00eds debido al idioma, pero el logotipo es siempre el mismo.<\/p>\n\n\n\n<p class=\"is-style-double-spacing\">Los env\u00edos est\u00e1n etiquetados para facilitar su reconocimiento.&nbsp;<\/p>\n\n\n\n<figure class=\"wp-block-image size-large is-resized\"><img loading=\"lazy\" decoding=\"async\" width=\"1024\" height=\"723\" src=\"https:\/\/prime-posts.com\/wp-content\/uploads\/2021\/09\/expres-label@2x-1024x723.png\" alt=\"\" class=\"wp-image-2958\" style=\"width:512px;height:362px\" srcset=\"https:\/\/prime-posts.com\/wp-content\/uploads\/2021\/09\/expres-label@2x-1024x723.png 1024w, https:\/\/prime-posts.com\/wp-content\/uploads\/2021\/09\/expres-label@2x-300x212.png 300w, https:\/\/prime-posts.com\/wp-content\/uploads\/2021\/09\/expres-label@2x-768x542.png 768w, https:\/\/prime-posts.com\/wp-content\/uploads\/2021\/09\/expres-label@2x.png 1162w\" sizes=\"auto, (max-width: 1024px) 100vw, 1024px\" \/><figcaption class=\"wp-element-caption\">Ejemplo de etiqueta<\/figcaption><\/figure>\n","protected":false},"excerpt":{"rendered":"<p>Una opci\u00f3n premium para art\u00edculos de comercio electr\u00f3nico que requieren entrega r\u00e1pida y confirmaci\u00f3n electr\u00f3nica de la entrega sin firma.<\/p>\n","protected":false},"author":1,"featured_media":2832,"parent":3772,"menu_order":47,"comment_status":"closed","ping_status":"closed","template":"","meta":{"footnotes":""},"class_list":["post-3782","page","type-page","status-publish","has-post-thumbnail","hentry",""],"acf":[],"yoast_head":"<!-- This site is optimized with the Yoast SEO plugin v26.6 - https:\/\/yoast.com\/wordpress\/plugins\/seo\/ -->\n<title>PRIME Expreso - PRIME<\/title>\n<meta name=\"robots\" content=\"index, follow, max-snippet:-1, max-image-preview:large, max-video-preview:-1\" \/>\n<link rel=\"canonical\" href=\"https:\/\/prime-posts.com\/es\/services\/expreso\/\" \/>\n<meta property=\"og:locale\" content=\"es_ES\" \/>\n<meta property=\"og:type\" content=\"article\" \/>\n<meta property=\"og:title\" content=\"PRIME Expreso - PRIME\" \/>\n<meta property=\"og:description\" content=\"Una opci\u00f3n premium para art\u00edculos de comercio electr\u00f3nico que requieren entrega r\u00e1pida y confirmaci\u00f3n electr\u00f3nica de la entrega sin firma.\" \/>\n<meta property=\"og:url\" content=\"https:\/\/prime-posts.com\/es\/services\/expreso\/\" \/>\n<meta property=\"og:site_name\" content=\"PRIME\" \/>\n<meta property=\"article:modified_time\" content=\"2025-02-10T15:14:42+00:00\" \/>\n<meta property=\"og:image\" content=\"https:\/\/prime-posts.com\/wp-content\/uploads\/2021\/08\/hero-8.jpg\" \/>\n\t<meta property=\"og:image:width\" content=\"3000\" \/>\n\t<meta property=\"og:image:height\" content=\"1800\" \/>\n\t<meta property=\"og:image:type\" content=\"image\/jpeg\" \/>\n<meta name=\"twitter:card\" content=\"summary_large_image\" \/>\n<meta name=\"twitter:label1\" content=\"Tiempo de lectura\" \/>\n\t<meta name=\"twitter:data1\" content=\"1 minuto\" \/>\n<script type=\"application\/ld+json\" class=\"yoast-schema-graph\">{\"@context\":\"https:\/\/schema.org\",\"@graph\":[{\"@type\":\"WebPage\",\"@id\":\"https:\/\/prime-posts.com\/es\/services\/expreso\/\",\"url\":\"https:\/\/prime-posts.com\/es\/services\/expreso\/\",\"name\":\"PRIME Expreso - PRIME\",\"isPartOf\":{\"@id\":\"https:\/\/prime-posts.com\/#website\"},\"primaryImageOfPage\":{\"@id\":\"https:\/\/prime-posts.com\/es\/services\/expreso\/#primaryimage\"},\"image\":{\"@id\":\"https:\/\/prime-posts.com\/es\/services\/expreso\/#primaryimage\"},\"thumbnailUrl\":\"https:\/\/prime-posts.com\/wp-content\/uploads\/2021\/08\/hero-8.jpg\",\"datePublished\":\"2021-05-05T15:57:34+00:00\",\"dateModified\":\"2025-02-10T15:14:42+00:00\",\"breadcrumb\":{\"@id\":\"https:\/\/prime-posts.com\/es\/services\/expreso\/#breadcrumb\"},\"inLanguage\":\"es\",\"potentialAction\":[{\"@type\":\"ReadAction\",\"target\":[\"https:\/\/prime-posts.com\/es\/services\/expreso\/\"]}]},{\"@type\":\"ImageObject\",\"inLanguage\":\"es\",\"@id\":\"https:\/\/prime-posts.com\/es\/services\/expreso\/#primaryimage\",\"url\":\"https:\/\/prime-posts.com\/wp-content\/uploads\/2021\/08\/hero-8.jpg\",\"contentUrl\":\"https:\/\/prime-posts.com\/wp-content\/uploads\/2021\/08\/hero-8.jpg\",\"width\":3000,\"height\":1800},{\"@type\":\"BreadcrumbList\",\"@id\":\"https:\/\/prime-posts.com\/es\/services\/expreso\/#breadcrumb\",\"itemListElement\":[{\"@type\":\"ListItem\",\"position\":1,\"name\":\"Servicios\",\"item\":\"https:\/\/prime-posts.com\/es\/services\/\"},{\"@type\":\"ListItem\",\"position\":2,\"name\":\"PRIME Expreso\"}]},{\"@type\":\"WebSite\",\"@id\":\"https:\/\/prime-posts.com\/#website\",\"url\":\"https:\/\/prime-posts.com\/\",\"name\":\"PRIME\",\"description\":\"Delivering the future in tracked packets\",\"publisher\":{\"@id\":\"https:\/\/prime-posts.com\/#organization\"},\"potentialAction\":[{\"@type\":\"SearchAction\",\"target\":{\"@type\":\"EntryPoint\",\"urlTemplate\":\"https:\/\/prime-posts.com\/?s={search_term_string}\"},\"query-input\":{\"@type\":\"PropertyValueSpecification\",\"valueRequired\":true,\"valueName\":\"search_term_string\"}}],\"inLanguage\":\"es\"},{\"@type\":\"Organization\",\"@id\":\"https:\/\/prime-posts.com\/#organization\",\"name\":\"PRIME\",\"url\":\"https:\/\/prime-posts.com\/\",\"logo\":{\"@type\":\"ImageObject\",\"inLanguage\":\"es\",\"@id\":\"https:\/\/prime-posts.com\/#\/schema\/logo\/image\/\",\"url\":\"http:\/\/prime-posts.test\/wp-content\/uploads\/2021\/11\/prime-logo@2x.png\",\"contentUrl\":\"http:\/\/prime-posts.test\/wp-content\/uploads\/2021\/11\/prime-logo@2x.png\",\"width\":1060,\"height\":218,\"caption\":\"PRIME\"},\"image\":{\"@id\":\"https:\/\/prime-posts.com\/#\/schema\/logo\/image\/\"},\"sameAs\":[\"https:\/\/www.linkedin.com\/company\/prime-posts\",\"https:\/\/www.youtube.com\/channel\/UCLldkKJXxRSKqAtq9ZgiPaQ\"]}]}<\/script>\n<!-- \/ Yoast SEO plugin. -->","yoast_head_json":{"title":"PRIME Expreso - PRIME","robots":{"index":"index","follow":"follow","max-snippet":"max-snippet:-1","max-image-preview":"max-image-preview:large","max-video-preview":"max-video-preview:-1"},"canonical":"https:\/\/prime-posts.com\/es\/services\/expreso\/","og_locale":"es_ES","og_type":"article","og_title":"PRIME Expreso - PRIME","og_description":"Una opci\u00f3n premium para art\u00edculos de comercio electr\u00f3nico que requieren entrega r\u00e1pida y confirmaci\u00f3n electr\u00f3nica de la entrega sin firma.","og_url":"https:\/\/prime-posts.com\/es\/services\/expreso\/","og_site_name":"PRIME","article_modified_time":"2025-02-10T15:14:42+00:00","og_image":[{"width":3000,"height":1800,"url":"https:\/\/prime-posts.com\/wp-content\/uploads\/2021\/08\/hero-8.jpg","type":"image\/jpeg"}],"twitter_card":"summary_large_image","twitter_misc":{"Tiempo de lectura":"1 minuto"},"schema":{"@context":"https:\/\/schema.org","@graph":[{"@type":"WebPage","@id":"https:\/\/prime-posts.com\/es\/services\/expreso\/","url":"https:\/\/prime-posts.com\/es\/services\/expreso\/","name":"PRIME Expreso - PRIME","isPartOf":{"@id":"https:\/\/prime-posts.com\/#website"},"primaryImageOfPage":{"@id":"https:\/\/prime-posts.com\/es\/services\/expreso\/#primaryimage"},"image":{"@id":"https:\/\/prime-posts.com\/es\/services\/expreso\/#primaryimage"},"thumbnailUrl":"https:\/\/prime-posts.com\/wp-content\/uploads\/2021\/08\/hero-8.jpg","datePublished":"2021-05-05T15:57:34+00:00","dateModified":"2025-02-10T15:14:42+00:00","breadcrumb":{"@id":"https:\/\/prime-posts.com\/es\/services\/expreso\/#breadcrumb"},"inLanguage":"es","potentialAction":[{"@type":"ReadAction","target":["https:\/\/prime-posts.com\/es\/services\/expreso\/"]}]},{"@type":"ImageObject","inLanguage":"es","@id":"https:\/\/prime-posts.com\/es\/services\/expreso\/#primaryimage","url":"https:\/\/prime-posts.com\/wp-content\/uploads\/2021\/08\/hero-8.jpg","contentUrl":"https:\/\/prime-posts.com\/wp-content\/uploads\/2021\/08\/hero-8.jpg","width":3000,"height":1800},{"@type":"BreadcrumbList","@id":"https:\/\/prime-posts.com\/es\/services\/expreso\/#breadcrumb","itemListElement":[{"@type":"ListItem","position":1,"name":"Servicios","item":"https:\/\/prime-posts.com\/es\/services\/"},{"@type":"ListItem","position":2,"name":"PRIME Expreso"}]},{"@type":"WebSite","@id":"https:\/\/prime-posts.com\/#website","url":"https:\/\/prime-posts.com\/","name":"PRIME","description":"Delivering the future in tracked packets","publisher":{"@id":"https:\/\/prime-posts.com\/#organization"},"potentialAction":[{"@type":"SearchAction","target":{"@type":"EntryPoint","urlTemplate":"https:\/\/prime-posts.com\/?s={search_term_string}"},"query-input":{"@type":"PropertyValueSpecification","valueRequired":true,"valueName":"search_term_string"}}],"inLanguage":"es"},{"@type":"Organization","@id":"https:\/\/prime-posts.com\/#organization","name":"PRIME","url":"https:\/\/prime-posts.com\/","logo":{"@type":"ImageObject","inLanguage":"es","@id":"https:\/\/prime-posts.com\/#\/schema\/logo\/image\/","url":"http:\/\/prime-posts.test\/wp-content\/uploads\/2021\/11\/prime-logo@2x.png","contentUrl":"http:\/\/prime-posts.test\/wp-content\/uploads\/2021\/11\/prime-logo@2x.png","width":1060,"height":218,"caption":"PRIME"},"image":{"@id":"https:\/\/prime-posts.com\/#\/schema\/logo\/image\/"},"sameAs":["https:\/\/www.linkedin.com\/company\/prime-posts","https:\/\/www.youtube.com\/channel\/UCLldkKJXxRSKqAtq9ZgiPaQ"]}]}},"_links":{"self":[{"href":"https:\/\/prime-posts.com\/es\/wp-json\/wp\/v2\/pages\/3782","targetHints":{"allow":["GET"]}}],"collection":[{"href":"https:\/\/prime-posts.com\/es\/wp-json\/wp\/v2\/pages"}],"about":[{"href":"https:\/\/prime-posts.com\/es\/wp-json\/wp\/v2\/types\/page"}],"author":[{"embeddable":true,"href":"https:\/\/prime-posts.com\/es\/wp-json\/wp\/v2\/users\/1"}],"replies":[{"embeddable":true,"href":"https:\/\/prime-posts.com\/es\/wp-json\/wp\/v2\/comments?post=3782"}],"version-history":[{"count":0,"href":"https:\/\/prime-posts.com\/es\/wp-json\/wp\/v2\/pages\/3782\/revisions"}],"up":[{"embeddable":true,"href":"https:\/\/prime-posts.com\/es\/wp-json\/wp\/v2\/pages\/3772"}],"wp:featuredmedia":[{"embeddable":true,"href":"https:\/\/prime-posts.com\/es\/wp-json\/wp\/v2\/media\/2832"}],"wp:attachment":[{"href":"https:\/\/prime-posts.com\/es\/wp-json\/wp\/v2\/media?parent=3782"}],"curies":[{"name":"wp","href":"https:\/\/api.w.org\/{rel}","templated":true}]}}