{"id":3780,"date":"2021-05-06T13:14:13","date_gmt":"2021-05-06T12:14:13","guid":{"rendered":"https:\/\/testprimeposts.wpengine.com\/join-us\/reasons-to-join\/"},"modified":"2025-04-08T16:25:48","modified_gmt":"2025-04-08T15:25:48","slug":"reasons-to-join","status":"publish","type":"page","link":"https:\/\/prime-posts.com\/es\/join-us\/reasons-to-join\/","title":{"rendered":"Razones para unirse"},"content":{"rendered":"\n<p class=\"is-style-lead-in\"><meta charset=\"utf-8\">Nuestra gama de servicios y acuerdos de seguimiento, certificaci\u00f3n y devoluci\u00f3n est\u00e1 dise\u00f1ada para que su correo ampl\u00ede su cartera de productos de exportaci\u00f3n y aumente sus ingresos de importaci\u00f3n ofreciendo soluciones de comercio electr\u00f3nico en todo el mundo. Nuestra membres\u00eda PRIME est\u00e1 formada por alrededor de 160 operadores postales que forman parte de una red que est\u00e1 preparada para responder y satisfacer las necesidades del sector postal, con confirmaci\u00f3n de entrega y un Sistema Global de Atenci\u00f3n al Cliente que le permitir\u00e1 reaccionar inmediatamente ante cualquier problema de los clientes.<\/p>\n\n\n\n<h2 class=\"wp-block-heading\">Beneficios para los miembros<\/h2>\n\n\n\n<p class=\"is-style-lead-in\">Una vez que los Correos acceden a la red PRIME y se convierten en miembros de PRIME, disponen de un conjunto completo de servicios, incluido el acceso inmediato a MyPRIME en el sitio web.&nbsp;<\/p>\n\n\n\n<p>\u00c9sta es una secci\u00f3n solo disponible para miembros, ya que contiene todos los acuerdos y servicios, as\u00ed como gu\u00edas, formularios e informaci\u00f3n sobre otros correos. El acceso es por persona y se necesita la aprobaci\u00f3n del representante de la Asamblea General para conceder acceso a otras personas del correo.&nbsp;<\/p>\n\n\n\n<p>Otra parte importante es la asistencia que presta el equipo PRIME a los correos para ayudarlos a mejorar su calidad. Se dispone de informes que muestran d\u00f3nde est\u00e1n las lagunas y se sugieren medidas de mejora.<\/p>\n\n\n\n<p>En PRIME, los acuerdos multilaterales son la actividad principal, pero tambi\u00e9n son posibles los acuerdos bilaterales, siempre que los miembros formen parte de al menos una de las soluciones multilaterales. El Director de PRIME facilita las relaciones entre los miembros para que los acuerdos se ajusten a las necesidades del mercado.<\/p>\n\n\n\n<p>El abogado de PRIME est\u00e1 disponible para apoyar el aspecto legal de los acuerdos y para dar opiniones legales si los miembros lo requieren.&nbsp;<\/p>\n\n\n\n<p>El acceso al Sistema Global de Atenci\u00f3n al Cliente para la gesti\u00f3n electr\u00f3nica de las consultas est\u00e1 incluido en la afiliaci\u00f3n a PRIME. El servicio est\u00e1 disponible para todos los productos de seguimiento de correo Certificado, con Seguimiento, Expr\u00e9s y Asegurado.&nbsp;<\/p>\n\n\n\n<p><a href=\"https:\/\/prime-posts.com\/wp-content\/uploads\/2025\/04\/Ventajas-de-unirse-a-PRIME.pdf\" target=\"_blank\" rel=\"noreferrer noopener\"><mark style=\"background-color:rgba(0, 0, 0, 0)\" class=\"has-inline-color has-crimson-color\">Consulte las ventajas de unirse a PRIME<\/mark><\/a><\/p>\n","protected":false},"excerpt":{"rendered":"<p>Aprovecha las ventajas de una red de operadores postales de todo el mundo que ofrecen comercio electr\u00f3nico<\/p>\n","protected":false},"author":1,"featured_media":0,"parent":3778,"menu_order":64,"comment_status":"closed","ping_status":"closed","template":"","meta":{"footnotes":""},"class_list":["post-3780","page","type-page","status-publish","hentry",""],"acf":[],"yoast_head":"<!-- This site is optimized with the Yoast SEO plugin v26.6 - https:\/\/yoast.com\/wordpress\/plugins\/seo\/ -->\n<title>Razones para unirse - PRIME<\/title>\n<meta name=\"robots\" content=\"index, follow, max-snippet:-1, max-image-preview:large, max-video-preview:-1\" \/>\n<link rel=\"canonical\" href=\"https:\/\/prime-posts.com\/es\/join-us\/reasons-to-join\/\" \/>\n<meta property=\"og:locale\" content=\"es_ES\" \/>\n<meta property=\"og:type\" content=\"article\" \/>\n<meta property=\"og:title\" content=\"Razones para unirse - PRIME\" \/>\n<meta property=\"og:description\" content=\"Aprovecha las ventajas de una red de operadores postales de todo el mundo que ofrecen comercio electr\u00f3nico\" \/>\n<meta property=\"og:url\" content=\"https:\/\/prime-posts.com\/es\/join-us\/reasons-to-join\/\" \/>\n<meta property=\"og:site_name\" content=\"PRIME\" \/>\n<meta property=\"article:modified_time\" content=\"2025-04-08T15:25:48+00:00\" \/>\n<meta name=\"twitter:card\" content=\"summary_large_image\" \/>\n<meta name=\"twitter:label1\" content=\"Tiempo de lectura\" \/>\n\t<meta name=\"twitter:data1\" content=\"2 minutos\" \/>\n<script type=\"application\/ld+json\" class=\"yoast-schema-graph\">{\"@context\":\"https:\/\/schema.org\",\"@graph\":[{\"@type\":\"WebPage\",\"@id\":\"https:\/\/prime-posts.com\/es\/join-us\/reasons-to-join\/\",\"url\":\"https:\/\/prime-posts.com\/es\/join-us\/reasons-to-join\/\",\"name\":\"Razones para unirse - PRIME\",\"isPartOf\":{\"@id\":\"https:\/\/prime-posts.com\/#website\"},\"datePublished\":\"2021-05-06T12:14:13+00:00\",\"dateModified\":\"2025-04-08T15:25:48+00:00\",\"breadcrumb\":{\"@id\":\"https:\/\/prime-posts.com\/es\/join-us\/reasons-to-join\/#breadcrumb\"},\"inLanguage\":\"es\",\"potentialAction\":[{\"@type\":\"ReadAction\",\"target\":[\"https:\/\/prime-posts.com\/es\/join-us\/reasons-to-join\/\"]}]},{\"@type\":\"BreadcrumbList\",\"@id\":\"https:\/\/prime-posts.com\/es\/join-us\/reasons-to-join\/#breadcrumb\",\"itemListElement\":[{\"@type\":\"ListItem\",\"position\":1,\"name\":\"\u00danase a PRIME\",\"item\":\"https:\/\/prime-posts.com\/es\/join-us\/\"},{\"@type\":\"ListItem\",\"position\":2,\"name\":\"Razones para unirse\"}]},{\"@type\":\"WebSite\",\"@id\":\"https:\/\/prime-posts.com\/#website\",\"url\":\"https:\/\/prime-posts.com\/\",\"name\":\"PRIME\",\"description\":\"Delivering the future in tracked packets\",\"publisher\":{\"@id\":\"https:\/\/prime-posts.com\/#organization\"},\"potentialAction\":[{\"@type\":\"SearchAction\",\"target\":{\"@type\":\"EntryPoint\",\"urlTemplate\":\"https:\/\/prime-posts.com\/?s={search_term_string}\"},\"query-input\":{\"@type\":\"PropertyValueSpecification\",\"valueRequired\":true,\"valueName\":\"search_term_string\"}}],\"inLanguage\":\"es\"},{\"@type\":\"Organization\",\"@id\":\"https:\/\/prime-posts.com\/#organization\",\"name\":\"PRIME\",\"url\":\"https:\/\/prime-posts.com\/\",\"logo\":{\"@type\":\"ImageObject\",\"inLanguage\":\"es\",\"@id\":\"https:\/\/prime-posts.com\/#\/schema\/logo\/image\/\",\"url\":\"http:\/\/prime-posts.test\/wp-content\/uploads\/2021\/11\/prime-logo@2x.png\",\"contentUrl\":\"http:\/\/prime-posts.test\/wp-content\/uploads\/2021\/11\/prime-logo@2x.png\",\"width\":1060,\"height\":218,\"caption\":\"PRIME\"},\"image\":{\"@id\":\"https:\/\/prime-posts.com\/#\/schema\/logo\/image\/\"},\"sameAs\":[\"https:\/\/www.linkedin.com\/company\/prime-posts\",\"https:\/\/www.youtube.com\/channel\/UCLldkKJXxRSKqAtq9ZgiPaQ\"]}]}<\/script>\n<!-- \/ Yoast SEO plugin. -->","yoast_head_json":{"title":"Razones para unirse - PRIME","robots":{"index":"index","follow":"follow","max-snippet":"max-snippet:-1","max-image-preview":"max-image-preview:large","max-video-preview":"max-video-preview:-1"},"canonical":"https:\/\/prime-posts.com\/es\/join-us\/reasons-to-join\/","og_locale":"es_ES","og_type":"article","og_title":"Razones para unirse - PRIME","og_description":"Aprovecha las ventajas de una red de operadores postales de todo el mundo que ofrecen comercio electr\u00f3nico","og_url":"https:\/\/prime-posts.com\/es\/join-us\/reasons-to-join\/","og_site_name":"PRIME","article_modified_time":"2025-04-08T15:25:48+00:00","twitter_card":"summary_large_image","twitter_misc":{"Tiempo de lectura":"2 minutos"},"schema":{"@context":"https:\/\/schema.org","@graph":[{"@type":"WebPage","@id":"https:\/\/prime-posts.com\/es\/join-us\/reasons-to-join\/","url":"https:\/\/prime-posts.com\/es\/join-us\/reasons-to-join\/","name":"Razones para unirse - PRIME","isPartOf":{"@id":"https:\/\/prime-posts.com\/#website"},"datePublished":"2021-05-06T12:14:13+00:00","dateModified":"2025-04-08T15:25:48+00:00","breadcrumb":{"@id":"https:\/\/prime-posts.com\/es\/join-us\/reasons-to-join\/#breadcrumb"},"inLanguage":"es","potentialAction":[{"@type":"ReadAction","target":["https:\/\/prime-posts.com\/es\/join-us\/reasons-to-join\/"]}]},{"@type":"BreadcrumbList","@id":"https:\/\/prime-posts.com\/es\/join-us\/reasons-to-join\/#breadcrumb","itemListElement":[{"@type":"ListItem","position":1,"name":"\u00danase a PRIME","item":"https:\/\/prime-posts.com\/es\/join-us\/"},{"@type":"ListItem","position":2,"name":"Razones para unirse"}]},{"@type":"WebSite","@id":"https:\/\/prime-posts.com\/#website","url":"https:\/\/prime-posts.com\/","name":"PRIME","description":"Delivering the future in tracked packets","publisher":{"@id":"https:\/\/prime-posts.com\/#organization"},"potentialAction":[{"@type":"SearchAction","target":{"@type":"EntryPoint","urlTemplate":"https:\/\/prime-posts.com\/?s={search_term_string}"},"query-input":{"@type":"PropertyValueSpecification","valueRequired":true,"valueName":"search_term_string"}}],"inLanguage":"es"},{"@type":"Organization","@id":"https:\/\/prime-posts.com\/#organization","name":"PRIME","url":"https:\/\/prime-posts.com\/","logo":{"@type":"ImageObject","inLanguage":"es","@id":"https:\/\/prime-posts.com\/#\/schema\/logo\/image\/","url":"http:\/\/prime-posts.test\/wp-content\/uploads\/2021\/11\/prime-logo@2x.png","contentUrl":"http:\/\/prime-posts.test\/wp-content\/uploads\/2021\/11\/prime-logo@2x.png","width":1060,"height":218,"caption":"PRIME"},"image":{"@id":"https:\/\/prime-posts.com\/#\/schema\/logo\/image\/"},"sameAs":["https:\/\/www.linkedin.com\/company\/prime-posts","https:\/\/www.youtube.com\/channel\/UCLldkKJXxRSKqAtq9ZgiPaQ"]}]}},"_links":{"self":[{"href":"https:\/\/prime-posts.com\/es\/wp-json\/wp\/v2\/pages\/3780","targetHints":{"allow":["GET"]}}],"collection":[{"href":"https:\/\/prime-posts.com\/es\/wp-json\/wp\/v2\/pages"}],"about":[{"href":"https:\/\/prime-posts.com\/es\/wp-json\/wp\/v2\/types\/page"}],"author":[{"embeddable":true,"href":"https:\/\/prime-posts.com\/es\/wp-json\/wp\/v2\/users\/1"}],"replies":[{"embeddable":true,"href":"https:\/\/prime-posts.com\/es\/wp-json\/wp\/v2\/comments?post=3780"}],"version-history":[{"count":0,"href":"https:\/\/prime-posts.com\/es\/wp-json\/wp\/v2\/pages\/3780\/revisions"}],"up":[{"embeddable":true,"href":"https:\/\/prime-posts.com\/es\/wp-json\/wp\/v2\/pages\/3778"}],"wp:attachment":[{"href":"https:\/\/prime-posts.com\/es\/wp-json\/wp\/v2\/media?parent=3780"}],"curies":[{"name":"wp","href":"https:\/\/api.w.org\/{rel}","templated":true}]}}