{"id":3772,"date":"2021-05-05T16:02:56","date_gmt":"2021-05-05T15:02:56","guid":{"rendered":"https:\/\/testprimeposts.wpengine.com\/services\/"},"modified":"2025-04-15T17:00:03","modified_gmt":"2025-04-15T16:00:03","slug":"services","status":"publish","type":"page","link":"https:\/\/prime-posts.com\/es\/services\/","title":{"rendered":"Servicios"},"content":{"rendered":"\n<div class=\"block-content-panel alignfull\">\n\t<div class=\"block-content-panel__container container\">\n\t\t\n\n<p class=\"has-text-align-center has-large-font-size\">PRIME reconoce que el importante crecimiento del comercio electr\u00f3nico mundial presenta muchas oportunidades para los Correos. Nuestra amplia gama de productos y servicios se centra en soluciones que permiten a los miembros competir con otros transportistas en este mercado en crecimiento. Los servicios var\u00edan desde los m\u00e1s baratos hasta los servicios de valor agregado, como la velocidad, la firma y la responsabilidad.<\/p>\n\n\t<\/div><!-- \/.container -->\n<\/div><!-- \/.block-content-panel -->\n\n\n<div class=\"wp-block-group is-layout-flow wp-block-group-is-layout-flow\">\n<div class=\"block-child-excerpts\">\n\t\n\t<div class=\"grid grid--3-col\">\n\t\n\t\t\t\n\t\t\t\t\n\t\t<div class=\"grid__item\">\n\t\t\t<article class=\"card card--boxed has-border-rad-1x\">\n\t\t\t\t<div class=\"card__header\">\n\t\t\t\t\t<div class=\"card__icon icon-wrapper\">\n\t\t\t\t\t\n\t\t\t\t\t\t\t\t\t\t\t\n\t\t\t\t\t\t<img decoding=\"async\" src=\"https:\/\/prime-posts.com\/wp-content\/uploads\/2022\/11\/PRIME-03.png\"  style='position: relative;height: 100%;' \/>\n\t\t\t\t\t\n\t\t\t\t\t<\/div> \n\t\t\t\t<\/div><!-- \/.card__header -->\n\t\t\t\t\n\t\t\t\t<div class=\"card__body\">\n\t\t\t\t\t<h3 class=\"card__title has-orange-color button\"><b style=\"font-weight:600;\">Seguimiento&nbsp;PRIME<\/b><\/h3>\n\t\t\t\t\t<p class=\"card__excerpt\">\n\t\t\t\t\tPara el comercio electr\u00f3nico que requiere bajo costo en lugar de velocidad, proporcionando la seguridad de una confirmaci\u00f3n electr\u00f3nica a la llegada, sin firma.<\/p>\n\t\t\t\t<\/div><!-- \/.card__body -->\n\n\t\t\t\t<div class=\"card__footer\">\n\t\t\t\t\t<a class=\"card__button card__button--cover\" href=\"https:\/\/prime-posts.com\/es\/services\/tracked\/\">Find out more<\/a>\n\t\t\t\t<\/div><!-- \/.card__footer -->\n\n\t\t\t<\/article><!-- \/.card -->\n\t\t<\/div><!-- \/.grid__item -->\n\n\t\t\t\t\n\t\t<div class=\"grid__item\">\n\t\t\t<article class=\"card card--boxed has-border-rad-1x\">\n\t\t\t\t<div class=\"card__header\">\n\t\t\t\t\t<div class=\"card__icon icon-wrapper\">\n\t\t\t\t\t\n\t\t\t\t\t\t\t\t\t\t\t\n\t\t\t\t\t\t<img decoding=\"async\" src=\"https:\/\/prime-posts.com\/wp-content\/uploads\/2022\/11\/PRIME-02.png\"  style='position: relative;height: 100%;' \/>\n\t\t\t\t\t\n\t\t\t\t\t<\/div> \n\t\t\t\t<\/div><!-- \/.card__header -->\n\t\t\t\t\n\t\t\t\t<div class=\"card__body\">\n\t\t\t\t\t<h3 class=\"card__title has-green-color button\"><b style=\"font-weight:600;\">PRIME&nbsp;Expreso<\/b><\/h3>\n\t\t\t\t\t<p class=\"card__excerpt\">\n\t\t\t\t\tUna opci\u00f3n premium para art\u00edculos de comercio electr\u00f3nico que requieren entrega r\u00e1pida y confirmaci\u00f3n electr\u00f3nica de la entrega sin firma.<\/p>\n\t\t\t\t<\/div><!-- \/.card__body -->\n\n\t\t\t\t<div class=\"card__footer\">\n\t\t\t\t\t<a class=\"card__button card__button--cover\" href=\"https:\/\/prime-posts.com\/es\/services\/expreso\/\">Find out more<\/a>\n\t\t\t\t<\/div><!-- \/.card__footer -->\n\n\t\t\t<\/article><!-- \/.card -->\n\t\t<\/div><!-- \/.grid__item -->\n\n\t\t\t\t\n\t\t<div class=\"grid__item\">\n\t\t\t<article class=\"card card--boxed has-border-rad-1x\">\n\t\t\t\t<div class=\"card__header\">\n\t\t\t\t\t<div class=\"card__icon icon-wrapper\">\n\t\t\t\t\t\n\t\t\t\t\t\t\t\t\t\t\t\n\t\t\t\t\t\t<img decoding=\"async\" src=\"https:\/\/prime-posts.com\/wp-content\/uploads\/2022\/11\/PRIME-04.png\"  style='position: relative;height: 100%;' \/>\n\t\t\t\t\t\n\t\t\t\t\t<\/div> \n\t\t\t\t<\/div><!-- \/.card__header -->\n\t\t\t\t\n\t\t\t\t<div class=\"card__body\">\n\t\t\t\t\t<h3 class=\"card__title has-red-color button\"><b style=\"font-weight:600;\">PRIME&nbsp;Certificado<\/b><\/h3>\n\t\t\t\t\t<p class=\"card__excerpt\">\n\t\t\t\t\tPara documentos oficiales y art\u00edculos de comercio electr\u00f3nico valiosos que requieren seguimiento y firma como prueba de entrega en caso de p\u00e9rdida o da\u00f1o. El contenido puede ser asegurado para garantizar un mayor reembolso que el correo certificado. Es ideal para art\u00edculos de mayor valor.<\/p>\n\t\t\t\t<\/div><!-- \/.card__body -->\n\n\t\t\t\t<div class=\"card__footer\">\n\t\t\t\t\t<a class=\"card__button card__button--cover\" href=\"https:\/\/prime-posts.com\/es\/services\/registered\/\">Find out more<\/a>\n\t\t\t\t<\/div><!-- \/.card__footer -->\n\n\t\t\t<\/article><!-- \/.card -->\n\t\t<\/div><!-- \/.grid__item -->\n\n\t\t\t\t\n\t\t<div class=\"grid__item\">\n\t\t\t<article class=\"card card--boxed has-border-rad-1x\">\n\t\t\t\t<div class=\"card__header\">\n\t\t\t\t\t<div class=\"card__icon icon-wrapper\">\n\t\t\t\t\t\n\t\t\t\t\t\t\t\t\t\t\t\n\t\t\t\t\t\t<img decoding=\"async\" src=\"https:\/\/prime-posts.com\/wp-content\/uploads\/2022\/11\/PRIME-01-1.png\"  style='position: relative;height: 100%;' \/>\n\t\t\t\t\t\n\t\t\t\t\t<\/div> \n\t\t\t\t<\/div><!-- \/.card__header -->\n\t\t\t\t\n\t\t\t\t<div class=\"card__body\">\n\t\t\t\t\t<h3 class=\"card__title has-blue-light-color button\"><b style=\"font-weight:600;\">Servicio Internacional de Devoluci\u00f3n de Mercader\u00eda&nbsp;PRIME<\/b><\/h3>\n\t\t\t\t\t<p class=\"card__excerpt\">\n\t\t\t\t\tUn servicio de devoluciones de bajo costo, con seguimiento y franqueo pagado para satisfacer las demandas del comercio electr\u00f3nico. Dise\u00f1ado para que los vendedores electr\u00f3nicos est\u00e9n mejor posicionados para competir en el mercado del comercio electr\u00f3nico, donde las devoluciones gratuitas pueden impulsar la fidelidad de los clientes y el aumento de las ventas.<\/p>\n\t\t\t\t<\/div><!-- \/.card__body -->\n\n\t\t\t\t<div class=\"card__footer\">\n\t\t\t\t\t<a class=\"card__button card__button--cover\" href=\"https:\/\/prime-posts.com\/es\/services\/imrs\/\">Find out more<\/a>\n\t\t\t\t<\/div><!-- \/.card__footer -->\n\n\t\t\t<\/article><!-- \/.card -->\n\t\t<\/div><!-- \/.grid__item -->\n\n\t\t\t\t\n\t\t<div class=\"grid__item\">\n\t\t\t<article class=\"card card--boxed has-border-rad-1x\">\n\t\t\t\t<div class=\"card__header\">\n\t\t\t\t\t<div class=\"card__icon icon-wrapper\">\n\t\t\t\t\t\n\t\t\t\t\t\t\t\t\t\t\t\n\t\t\t\t\t\t<img decoding=\"async\" src=\"https:\/\/prime-posts.com\/wp-content\/uploads\/2021\/07\/icon-gcss.svg\"  style='position: relative;height: 100%;' \/>\n\t\t\t\t\t\n\t\t\t\t\t<\/div> \n\t\t\t\t<\/div><!-- \/.card__header -->\n\t\t\t\t\n\t\t\t\t<div class=\"card__body\">\n\t\t\t\t\t<h3 class=\"card__title has-red-color button\"><b style=\"font-weight:600;\">Sistema global de atenci\u00f3n al cliente&nbsp;(GCSS)<\/b><\/h3>\n\t\t\t\t\t<p class=\"card__excerpt\">\n\t\t\t\t\tEl Sistema global de atenci\u00f3n al cliente ofrece una visi\u00f3n de seguimiento y localizaci\u00f3n de las entregas y las devoluciones, de modo que las consultas pueden ser tratadas y resueltas en forma directa. Permite a los Correos hacer un seguimiento de los problemas y resolver las reclamaciones de los servicios con seguimiento, Expreso, Certificado y Asegurado.<\/p>\n\t\t\t\t<\/div><!-- \/.card__body -->\n\n\t\t\t\t<div class=\"card__footer\">\n\t\t\t\t\t<a class=\"card__button card__button--cover\" href=\"https:\/\/prime-posts.com\/es\/services\/gcss\/\">Find out more<\/a>\n\t\t\t\t<\/div><!-- \/.card__footer -->\n\n\t\t\t<\/article><!-- \/.card -->\n\t\t<\/div><!-- \/.grid__item -->\n\n\t\t\t\n\t<\/div><!-- \/.grid -->\n\t\n<\/div>\n<\/div>\n\n\n\n<div class=\"wp-block-group is-layout-flow wp-block-group-is-layout-flow\">\n<hr class=\"wp-block-separator has-css-opacity\"\/>\n\n\n\n<h2 class=\"wp-block-heading has-text-align-center\">Servicios con seguimiento dise\u00f1ados para satisfacer la demanda del comercio electr\u00f3nico<\/h2>\n\n\n\n<p class=\"has-text-align-center is-style-default has-medium-font-size\">Nuestros productos son dise\u00f1ados y desarrollados por los miembros para los miembros con el apoyo del equipo PRIME.&nbsp;<\/p>\n\n\n\n<p class=\"has-text-align-center has-medium-font-size\">Creamos productos y servicios para satisfacer las necesidades del mercado ahora y en el futuro.<\/p>\n\n\n\n<div class=\"wp-block-columns is-layout-flex wp-container-core-columns-is-layout-9d6595d7 wp-block-columns-is-layout-flex\">\n<div class=\"wp-block-column is-layout-flow wp-block-column-is-layout-flow\">\n<div class=\"block-icon icon-wrapper\">\n\t\n\t\t\n\t\t<img decoding=\"async\" src=\"https:\/\/prime-posts.com\/wp-content\/uploads\/2021\/07\/icon-track-parcels.svg\"  style='position: relative;height: 100%;' \/>\n\t\t\n<\/div><!-- \/.block-icon -->\n\n\n<p class=\"has-text-align-center\">Todos los productos ofrecen seguimiento y localizaci\u00f3n para la entrega transfronteriza de paquetes.<\/p>\n<\/div>\n\n\n\n<div class=\"wp-block-column is-layout-flow wp-block-column-is-layout-flow\">\n<div class=\"block-icon icon-wrapper\">\n\t\n\t\t\n\t\t<img decoding=\"async\" src=\"https:\/\/prime-posts.com\/wp-content\/uploads\/2021\/07\/icon-confirmation.svg\"  style='position: relative;height: 100%;' \/>\n\t\t\n<\/div><!-- \/.block-icon -->\n\n\n<p class=\"has-text-align-center\">El nivel de confirmaci\u00f3n electr\u00f3nica de la entrega va desde el escaneo hasta la firma como prueba de entrega<\/p>\n<\/div>\n\n\n\n<div class=\"wp-block-column is-layout-flow wp-block-column-is-layout-flow\">\n<div class=\"block-icon icon-wrapper\">\n\t\n\t\t\n\t\t<img decoding=\"async\" src=\"https:\/\/prime-posts.com\/wp-content\/uploads\/2021\/07\/icon-reassurance.svg\"  style='position: relative;height: 100%;' \/>\n\t\t\n<\/div><!-- \/.block-icon -->\n\n\n<p class=\"has-text-align-center\">Los productos est\u00e1n respaldados por los acuerdos PRIME.<\/p>\n<\/div>\n<\/div>\n<\/div>\n\n\n\n<figure class=\"wp-block-image size-full\"><img loading=\"lazy\" decoding=\"async\" width=\"1125\" height=\"487\" src=\"https:\/\/prime-posts.com\/wp-content\/uploads\/2025\/04\/Services-graph-ES.png\" alt=\"\" class=\"wp-image-7311\" srcset=\"https:\/\/prime-posts.com\/wp-content\/uploads\/2025\/04\/Services-graph-ES.png 1125w, https:\/\/prime-posts.com\/wp-content\/uploads\/2025\/04\/Services-graph-ES-200x87.png 200w, https:\/\/prime-posts.com\/wp-content\/uploads\/2025\/04\/Services-graph-ES-1024x443.png 1024w, https:\/\/prime-posts.com\/wp-content\/uploads\/2025\/04\/Services-graph-ES-120x52.png 120w, https:\/\/prime-posts.com\/wp-content\/uploads\/2025\/04\/Services-graph-ES-768x332.png 768w\" sizes=\"auto, (max-width: 1125px) 100vw, 1125px\" \/><\/figure>\n","protected":false},"excerpt":{"rendered":"<p>Servicios con seguimiento dise\u00f1ados para satisfacer la demanda del comercio electr\u00f3nico Nuestros productos son dise\u00f1ados y [&hellip;]<\/p>\n","protected":false},"author":1,"featured_media":0,"parent":0,"menu_order":41,"comment_status":"closed","ping_status":"closed","template":"templates\/landing-page.php","meta":{"footnotes":""},"class_list":["post-3772","page","type-page","status-publish","hentry",""],"acf":[],"yoast_head":"<!-- This site is optimized with the Yoast SEO plugin v26.6 - https:\/\/yoast.com\/wordpress\/plugins\/seo\/ -->\n<title>Servicios - PRIME<\/title>\n<meta name=\"robots\" content=\"index, follow, max-snippet:-1, max-image-preview:large, max-video-preview:-1\" \/>\n<link rel=\"canonical\" href=\"https:\/\/prime-posts.com\/es\/services\/\" \/>\n<meta property=\"og:locale\" content=\"es_ES\" \/>\n<meta property=\"og:type\" content=\"article\" \/>\n<meta property=\"og:title\" content=\"Servicios - PRIME\" \/>\n<meta property=\"og:description\" content=\"Servicios con seguimiento dise\u00f1ados para satisfacer la demanda del comercio electr\u00f3nico Nuestros productos son dise\u00f1ados y [&hellip;]\" \/>\n<meta property=\"og:url\" content=\"https:\/\/prime-posts.com\/es\/services\/\" \/>\n<meta property=\"og:site_name\" content=\"PRIME\" \/>\n<meta property=\"article:modified_time\" content=\"2025-04-15T16:00:03+00:00\" \/>\n<meta property=\"og:image\" content=\"https:\/\/prime-posts.com\/wp-content\/uploads\/2025\/04\/Services-graph-ES.png\" \/>\n<meta name=\"twitter:card\" content=\"summary_large_image\" \/>\n<meta name=\"twitter:label1\" content=\"Tiempo de lectura\" \/>\n\t<meta name=\"twitter:data1\" content=\"1 minuto\" \/>\n<script type=\"application\/ld+json\" class=\"yoast-schema-graph\">{\"@context\":\"https:\/\/schema.org\",\"@graph\":[{\"@type\":\"WebPage\",\"@id\":\"https:\/\/prime-posts.com\/es\/services\/\",\"url\":\"https:\/\/prime-posts.com\/es\/services\/\",\"name\":\"Servicios - PRIME\",\"isPartOf\":{\"@id\":\"https:\/\/prime-posts.com\/#website\"},\"primaryImageOfPage\":{\"@id\":\"https:\/\/prime-posts.com\/es\/services\/#primaryimage\"},\"image\":{\"@id\":\"https:\/\/prime-posts.com\/es\/services\/#primaryimage\"},\"thumbnailUrl\":\"https:\/\/prime-posts.com\/wp-content\/uploads\/2025\/04\/Services-graph-ES.png\",\"datePublished\":\"2021-05-05T15:02:56+00:00\",\"dateModified\":\"2025-04-15T16:00:03+00:00\",\"inLanguage\":\"es\",\"potentialAction\":[{\"@type\":\"ReadAction\",\"target\":[\"https:\/\/prime-posts.com\/es\/services\/\"]}]},{\"@type\":\"ImageObject\",\"inLanguage\":\"es\",\"@id\":\"https:\/\/prime-posts.com\/es\/services\/#primaryimage\",\"url\":\"https:\/\/prime-posts.com\/wp-content\/uploads\/2025\/04\/Services-graph-ES.png\",\"contentUrl\":\"https:\/\/prime-posts.com\/wp-content\/uploads\/2025\/04\/Services-graph-ES.png\"},{\"@type\":\"WebSite\",\"@id\":\"https:\/\/prime-posts.com\/#website\",\"url\":\"https:\/\/prime-posts.com\/\",\"name\":\"PRIME\",\"description\":\"Delivering the future in tracked packets\",\"publisher\":{\"@id\":\"https:\/\/prime-posts.com\/#organization\"},\"potentialAction\":[{\"@type\":\"SearchAction\",\"target\":{\"@type\":\"EntryPoint\",\"urlTemplate\":\"https:\/\/prime-posts.com\/?s={search_term_string}\"},\"query-input\":{\"@type\":\"PropertyValueSpecification\",\"valueRequired\":true,\"valueName\":\"search_term_string\"}}],\"inLanguage\":\"es\"},{\"@type\":\"Organization\",\"@id\":\"https:\/\/prime-posts.com\/#organization\",\"name\":\"PRIME\",\"url\":\"https:\/\/prime-posts.com\/\",\"logo\":{\"@type\":\"ImageObject\",\"inLanguage\":\"es\",\"@id\":\"https:\/\/prime-posts.com\/#\/schema\/logo\/image\/\",\"url\":\"http:\/\/prime-posts.test\/wp-content\/uploads\/2021\/11\/prime-logo@2x.png\",\"contentUrl\":\"http:\/\/prime-posts.test\/wp-content\/uploads\/2021\/11\/prime-logo@2x.png\",\"width\":1060,\"height\":218,\"caption\":\"PRIME\"},\"image\":{\"@id\":\"https:\/\/prime-posts.com\/#\/schema\/logo\/image\/\"},\"sameAs\":[\"https:\/\/www.linkedin.com\/company\/prime-posts\",\"https:\/\/www.youtube.com\/channel\/UCLldkKJXxRSKqAtq9ZgiPaQ\"]}]}<\/script>\n<!-- \/ Yoast SEO plugin. -->","yoast_head_json":{"title":"Servicios - PRIME","robots":{"index":"index","follow":"follow","max-snippet":"max-snippet:-1","max-image-preview":"max-image-preview:large","max-video-preview":"max-video-preview:-1"},"canonical":"https:\/\/prime-posts.com\/es\/services\/","og_locale":"es_ES","og_type":"article","og_title":"Servicios - PRIME","og_description":"Servicios con seguimiento dise\u00f1ados para satisfacer la demanda del comercio electr\u00f3nico Nuestros productos son dise\u00f1ados y [&hellip;]","og_url":"https:\/\/prime-posts.com\/es\/services\/","og_site_name":"PRIME","article_modified_time":"2025-04-15T16:00:03+00:00","og_image":[{"url":"https:\/\/prime-posts.com\/wp-content\/uploads\/2025\/04\/Services-graph-ES.png","type":"","width":"","height":""}],"twitter_card":"summary_large_image","twitter_misc":{"Tiempo de lectura":"1 minuto"},"schema":{"@context":"https:\/\/schema.org","@graph":[{"@type":"WebPage","@id":"https:\/\/prime-posts.com\/es\/services\/","url":"https:\/\/prime-posts.com\/es\/services\/","name":"Servicios - PRIME","isPartOf":{"@id":"https:\/\/prime-posts.com\/#website"},"primaryImageOfPage":{"@id":"https:\/\/prime-posts.com\/es\/services\/#primaryimage"},"image":{"@id":"https:\/\/prime-posts.com\/es\/services\/#primaryimage"},"thumbnailUrl":"https:\/\/prime-posts.com\/wp-content\/uploads\/2025\/04\/Services-graph-ES.png","datePublished":"2021-05-05T15:02:56+00:00","dateModified":"2025-04-15T16:00:03+00:00","inLanguage":"es","potentialAction":[{"@type":"ReadAction","target":["https:\/\/prime-posts.com\/es\/services\/"]}]},{"@type":"ImageObject","inLanguage":"es","@id":"https:\/\/prime-posts.com\/es\/services\/#primaryimage","url":"https:\/\/prime-posts.com\/wp-content\/uploads\/2025\/04\/Services-graph-ES.png","contentUrl":"https:\/\/prime-posts.com\/wp-content\/uploads\/2025\/04\/Services-graph-ES.png"},{"@type":"WebSite","@id":"https:\/\/prime-posts.com\/#website","url":"https:\/\/prime-posts.com\/","name":"PRIME","description":"Delivering the future in tracked packets","publisher":{"@id":"https:\/\/prime-posts.com\/#organization"},"potentialAction":[{"@type":"SearchAction","target":{"@type":"EntryPoint","urlTemplate":"https:\/\/prime-posts.com\/?s={search_term_string}"},"query-input":{"@type":"PropertyValueSpecification","valueRequired":true,"valueName":"search_term_string"}}],"inLanguage":"es"},{"@type":"Organization","@id":"https:\/\/prime-posts.com\/#organization","name":"PRIME","url":"https:\/\/prime-posts.com\/","logo":{"@type":"ImageObject","inLanguage":"es","@id":"https:\/\/prime-posts.com\/#\/schema\/logo\/image\/","url":"http:\/\/prime-posts.test\/wp-content\/uploads\/2021\/11\/prime-logo@2x.png","contentUrl":"http:\/\/prime-posts.test\/wp-content\/uploads\/2021\/11\/prime-logo@2x.png","width":1060,"height":218,"caption":"PRIME"},"image":{"@id":"https:\/\/prime-posts.com\/#\/schema\/logo\/image\/"},"sameAs":["https:\/\/www.linkedin.com\/company\/prime-posts","https:\/\/www.youtube.com\/channel\/UCLldkKJXxRSKqAtq9ZgiPaQ"]}]}},"_links":{"self":[{"href":"https:\/\/prime-posts.com\/es\/wp-json\/wp\/v2\/pages\/3772","targetHints":{"allow":["GET"]}}],"collection":[{"href":"https:\/\/prime-posts.com\/es\/wp-json\/wp\/v2\/pages"}],"about":[{"href":"https:\/\/prime-posts.com\/es\/wp-json\/wp\/v2\/types\/page"}],"author":[{"embeddable":true,"href":"https:\/\/prime-posts.com\/es\/wp-json\/wp\/v2\/users\/1"}],"replies":[{"embeddable":true,"href":"https:\/\/prime-posts.com\/es\/wp-json\/wp\/v2\/comments?post=3772"}],"version-history":[{"count":0,"href":"https:\/\/prime-posts.com\/es\/wp-json\/wp\/v2\/pages\/3772\/revisions"}],"wp:attachment":[{"href":"https:\/\/prime-posts.com\/es\/wp-json\/wp\/v2\/media?parent=3772"}],"curies":[{"name":"wp","href":"https:\/\/api.w.org\/{rel}","templated":true}]}}