{"id":3742,"date":"2021-05-05T16:56:22","date_gmt":"2021-05-05T15:56:22","guid":{"rendered":"https:\/\/testprimeposts.wpengine.com\/tracked\/"},"modified":"2025-03-18T14:24:44","modified_gmt":"2025-03-18T14:24:44","slug":"tracked","status":"publish","type":"page","link":"https:\/\/prime-posts.com\/es\/services\/tracked\/","title":{"rendered":"Seguimiento PRIME"},"content":{"rendered":"\n<p class=\"is-style-lead-in\">Seguimiento PRIME es una soluci\u00f3n de seguimiento confiable y de bajo costo, dise\u00f1ada espec\u00edficamente para las empresas de comercio electr\u00f3nico que priorizan el bajo costo a la velocidad, proporcionando la seguridad de una confirmaci\u00f3n electr\u00f3nica a la llegada, sin firma.&nbsp;<\/p>\n\n\n\n<h3 class=\"wp-block-heading\">Seguimiento PRIME ofrece las siguientes ventajas:<\/h3>\n\n\n\n\n<ul class=\"block-icon-list\">\n\t\n\t\t<li class=\"block-icon-list__item\">\n\t\t<span class=\"block-icon-list__icon icon icon--euro\"><\/span>\n\t\tLa soluci\u00f3n de menor costo para el comercio electr\u00f3nico transfronterizo <\/li>\n\t\t<li class=\"block-icon-list__item\">\n\t\t<span class=\"block-icon-list__icon icon icon--checkbox\"><\/span>\n\t\tConfirmaci\u00f3n de entrega electr\u00f3nica, sin necesidad de firma<\/li>\n\t\t<li class=\"block-icon-list__item\">\n\t\t<span class=\"block-icon-list__icon icon icon--letter\"><\/span>\n\t\tEntrega en la red de cartas prioritarias<\/li>\n\t\t<li class=\"block-icon-list__item\">\n\t\t<span class=\"block-icon-list__icon icon icon--four\"><\/span>\n\t\tSolo se necesitan 4 escaneos obligatorios desde el pa\u00eds de origen hasta el destinatario<\/li>\n\t\t<li class=\"block-icon-list__item\">\n\t\t<span class=\"block-icon-list__icon icon icon--chat\"><\/span>\n\t\tUso opcional del GCSS<\/li>\n\t\t\n<\/ul><!-- \/.block-icon-list -->\n\n\n\n\n<p class=\"is-style-default\">La principal caracter\u00edstica del producto Seguimiento PRIME es el precio. Por lo tanto, la bonificaci\u00f3n del acuerdo Seguimiento PRIME se basa \u00fanicamente en la transmisi\u00f3n de los escaneos de entrega y no en el tiempo de entrega de los art\u00edculos.&nbsp;<\/p>\n\n\n\n<p class=\"is-style-double-spacing\">Los env\u00edos est\u00e1n etiquetados para facilitar su reconocimiento.<\/p>\n\n\n\n<figure class=\"wp-block-image size-large is-resized\"><img loading=\"lazy\" decoding=\"async\" width=\"1024\" height=\"786\" src=\"https:\/\/prime-posts.com\/wp-content\/uploads\/2021\/09\/tracked-label@2x-1024x786.png\" alt=\"\" class=\"wp-image-2962\" style=\"width:512px;height:393px\" srcset=\"https:\/\/prime-posts.com\/wp-content\/uploads\/2021\/09\/tracked-label@2x-1024x786.png 1024w, https:\/\/prime-posts.com\/wp-content\/uploads\/2021\/09\/tracked-label@2x-300x230.png 300w, https:\/\/prime-posts.com\/wp-content\/uploads\/2021\/09\/tracked-label@2x-768x590.png 768w, https:\/\/prime-posts.com\/wp-content\/uploads\/2021\/09\/tracked-label@2x.png 1175w\" sizes=\"auto, (max-width: 1024px) 100vw, 1024px\" \/><figcaption class=\"wp-element-caption\">Ejemplo de etiqueta<\/figcaption><\/figure>\n","protected":false},"excerpt":{"rendered":"<p>Para el comercio electr\u00f3nico que requiere bajo costo en lugar de velocidad, proporcionando la seguridad de una confirmaci\u00f3n electr\u00f3nica a la llegada, sin firma.<\/p>\n","protected":false},"author":1,"featured_media":2830,"parent":3772,"menu_order":45,"comment_status":"closed","ping_status":"closed","template":"","meta":{"footnotes":""},"class_list":["post-3742","page","type-page","status-publish","has-post-thumbnail","hentry",""],"acf":[],"yoast_head":"<!-- This site is optimized with the Yoast SEO plugin v26.6 - https:\/\/yoast.com\/wordpress\/plugins\/seo\/ -->\n<title>Seguimiento PRIME - PRIME<\/title>\n<meta name=\"robots\" content=\"index, follow, max-snippet:-1, max-image-preview:large, max-video-preview:-1\" \/>\n<link rel=\"canonical\" href=\"https:\/\/prime-posts.com\/es\/services\/tracked\/\" \/>\n<meta property=\"og:locale\" content=\"es_ES\" \/>\n<meta property=\"og:type\" content=\"article\" \/>\n<meta property=\"og:title\" content=\"Seguimiento PRIME - PRIME\" \/>\n<meta property=\"og:description\" content=\"Para el comercio electr\u00f3nico que requiere bajo costo en lugar de velocidad, proporcionando la seguridad de una confirmaci\u00f3n electr\u00f3nica a la llegad\" \/>\n<meta property=\"og:url\" content=\"https:\/\/prime-posts.com\/es\/services\/tracked\/\" \/>\n<meta property=\"og:site_name\" content=\"PRIME\" \/>\n<meta property=\"article:modified_time\" content=\"2025-03-18T14:24:44+00:00\" \/>\n<meta property=\"og:image\" content=\"https:\/\/prime-posts.com\/wp-content\/uploads\/2021\/08\/hero-7.jpg\" \/>\n\t<meta property=\"og:image:width\" content=\"3000\" \/>\n\t<meta property=\"og:image:height\" content=\"1800\" \/>\n\t<meta property=\"og:image:type\" content=\"image\/jpeg\" \/>\n<meta name=\"twitter:card\" content=\"summary_large_image\" \/>\n<meta name=\"twitter:label1\" content=\"Tiempo de lectura\" \/>\n\t<meta name=\"twitter:data1\" content=\"1 minuto\" \/>\n<script type=\"application\/ld+json\" class=\"yoast-schema-graph\">{\"@context\":\"https:\/\/schema.org\",\"@graph\":[{\"@type\":\"WebPage\",\"@id\":\"https:\/\/prime-posts.com\/es\/services\/tracked\/\",\"url\":\"https:\/\/prime-posts.com\/es\/services\/tracked\/\",\"name\":\"Seguimiento PRIME - PRIME\",\"isPartOf\":{\"@id\":\"https:\/\/prime-posts.com\/#website\"},\"primaryImageOfPage\":{\"@id\":\"https:\/\/prime-posts.com\/es\/services\/tracked\/#primaryimage\"},\"image\":{\"@id\":\"https:\/\/prime-posts.com\/es\/services\/tracked\/#primaryimage\"},\"thumbnailUrl\":\"https:\/\/prime-posts.com\/wp-content\/uploads\/2021\/08\/hero-7.jpg\",\"datePublished\":\"2021-05-05T15:56:22+00:00\",\"dateModified\":\"2025-03-18T14:24:44+00:00\",\"breadcrumb\":{\"@id\":\"https:\/\/prime-posts.com\/es\/services\/tracked\/#breadcrumb\"},\"inLanguage\":\"es\",\"potentialAction\":[{\"@type\":\"ReadAction\",\"target\":[\"https:\/\/prime-posts.com\/es\/services\/tracked\/\"]}]},{\"@type\":\"ImageObject\",\"inLanguage\":\"es\",\"@id\":\"https:\/\/prime-posts.com\/es\/services\/tracked\/#primaryimage\",\"url\":\"https:\/\/prime-posts.com\/wp-content\/uploads\/2021\/08\/hero-7.jpg\",\"contentUrl\":\"https:\/\/prime-posts.com\/wp-content\/uploads\/2021\/08\/hero-7.jpg\",\"width\":3000,\"height\":1800},{\"@type\":\"BreadcrumbList\",\"@id\":\"https:\/\/prime-posts.com\/es\/services\/tracked\/#breadcrumb\",\"itemListElement\":[{\"@type\":\"ListItem\",\"position\":1,\"name\":\"Servicios\",\"item\":\"https:\/\/prime-posts.com\/es\/services\/\"},{\"@type\":\"ListItem\",\"position\":2,\"name\":\"Seguimiento PRIME\"}]},{\"@type\":\"WebSite\",\"@id\":\"https:\/\/prime-posts.com\/#website\",\"url\":\"https:\/\/prime-posts.com\/\",\"name\":\"PRIME\",\"description\":\"Delivering the future in tracked packets\",\"publisher\":{\"@id\":\"https:\/\/prime-posts.com\/#organization\"},\"potentialAction\":[{\"@type\":\"SearchAction\",\"target\":{\"@type\":\"EntryPoint\",\"urlTemplate\":\"https:\/\/prime-posts.com\/?s={search_term_string}\"},\"query-input\":{\"@type\":\"PropertyValueSpecification\",\"valueRequired\":true,\"valueName\":\"search_term_string\"}}],\"inLanguage\":\"es\"},{\"@type\":\"Organization\",\"@id\":\"https:\/\/prime-posts.com\/#organization\",\"name\":\"PRIME\",\"url\":\"https:\/\/prime-posts.com\/\",\"logo\":{\"@type\":\"ImageObject\",\"inLanguage\":\"es\",\"@id\":\"https:\/\/prime-posts.com\/#\/schema\/logo\/image\/\",\"url\":\"http:\/\/prime-posts.test\/wp-content\/uploads\/2021\/11\/prime-logo@2x.png\",\"contentUrl\":\"http:\/\/prime-posts.test\/wp-content\/uploads\/2021\/11\/prime-logo@2x.png\",\"width\":1060,\"height\":218,\"caption\":\"PRIME\"},\"image\":{\"@id\":\"https:\/\/prime-posts.com\/#\/schema\/logo\/image\/\"},\"sameAs\":[\"https:\/\/www.linkedin.com\/company\/prime-posts\",\"https:\/\/www.youtube.com\/channel\/UCLldkKJXxRSKqAtq9ZgiPaQ\"]}]}<\/script>\n<!-- \/ Yoast SEO plugin. -->","yoast_head_json":{"title":"Seguimiento PRIME - PRIME","robots":{"index":"index","follow":"follow","max-snippet":"max-snippet:-1","max-image-preview":"max-image-preview:large","max-video-preview":"max-video-preview:-1"},"canonical":"https:\/\/prime-posts.com\/es\/services\/tracked\/","og_locale":"es_ES","og_type":"article","og_title":"Seguimiento PRIME - PRIME","og_description":"Para el comercio electr\u00f3nico que requiere bajo costo en lugar de velocidad, proporcionando la seguridad de una confirmaci\u00f3n electr\u00f3nica a la llegad","og_url":"https:\/\/prime-posts.com\/es\/services\/tracked\/","og_site_name":"PRIME","article_modified_time":"2025-03-18T14:24:44+00:00","og_image":[{"width":3000,"height":1800,"url":"https:\/\/prime-posts.com\/wp-content\/uploads\/2021\/08\/hero-7.jpg","type":"image\/jpeg"}],"twitter_card":"summary_large_image","twitter_misc":{"Tiempo de lectura":"1 minuto"},"schema":{"@context":"https:\/\/schema.org","@graph":[{"@type":"WebPage","@id":"https:\/\/prime-posts.com\/es\/services\/tracked\/","url":"https:\/\/prime-posts.com\/es\/services\/tracked\/","name":"Seguimiento PRIME - PRIME","isPartOf":{"@id":"https:\/\/prime-posts.com\/#website"},"primaryImageOfPage":{"@id":"https:\/\/prime-posts.com\/es\/services\/tracked\/#primaryimage"},"image":{"@id":"https:\/\/prime-posts.com\/es\/services\/tracked\/#primaryimage"},"thumbnailUrl":"https:\/\/prime-posts.com\/wp-content\/uploads\/2021\/08\/hero-7.jpg","datePublished":"2021-05-05T15:56:22+00:00","dateModified":"2025-03-18T14:24:44+00:00","breadcrumb":{"@id":"https:\/\/prime-posts.com\/es\/services\/tracked\/#breadcrumb"},"inLanguage":"es","potentialAction":[{"@type":"ReadAction","target":["https:\/\/prime-posts.com\/es\/services\/tracked\/"]}]},{"@type":"ImageObject","inLanguage":"es","@id":"https:\/\/prime-posts.com\/es\/services\/tracked\/#primaryimage","url":"https:\/\/prime-posts.com\/wp-content\/uploads\/2021\/08\/hero-7.jpg","contentUrl":"https:\/\/prime-posts.com\/wp-content\/uploads\/2021\/08\/hero-7.jpg","width":3000,"height":1800},{"@type":"BreadcrumbList","@id":"https:\/\/prime-posts.com\/es\/services\/tracked\/#breadcrumb","itemListElement":[{"@type":"ListItem","position":1,"name":"Servicios","item":"https:\/\/prime-posts.com\/es\/services\/"},{"@type":"ListItem","position":2,"name":"Seguimiento PRIME"}]},{"@type":"WebSite","@id":"https:\/\/prime-posts.com\/#website","url":"https:\/\/prime-posts.com\/","name":"PRIME","description":"Delivering the future in tracked packets","publisher":{"@id":"https:\/\/prime-posts.com\/#organization"},"potentialAction":[{"@type":"SearchAction","target":{"@type":"EntryPoint","urlTemplate":"https:\/\/prime-posts.com\/?s={search_term_string}"},"query-input":{"@type":"PropertyValueSpecification","valueRequired":true,"valueName":"search_term_string"}}],"inLanguage":"es"},{"@type":"Organization","@id":"https:\/\/prime-posts.com\/#organization","name":"PRIME","url":"https:\/\/prime-posts.com\/","logo":{"@type":"ImageObject","inLanguage":"es","@id":"https:\/\/prime-posts.com\/#\/schema\/logo\/image\/","url":"http:\/\/prime-posts.test\/wp-content\/uploads\/2021\/11\/prime-logo@2x.png","contentUrl":"http:\/\/prime-posts.test\/wp-content\/uploads\/2021\/11\/prime-logo@2x.png","width":1060,"height":218,"caption":"PRIME"},"image":{"@id":"https:\/\/prime-posts.com\/#\/schema\/logo\/image\/"},"sameAs":["https:\/\/www.linkedin.com\/company\/prime-posts","https:\/\/www.youtube.com\/channel\/UCLldkKJXxRSKqAtq9ZgiPaQ"]}]}},"_links":{"self":[{"href":"https:\/\/prime-posts.com\/es\/wp-json\/wp\/v2\/pages\/3742","targetHints":{"allow":["GET"]}}],"collection":[{"href":"https:\/\/prime-posts.com\/es\/wp-json\/wp\/v2\/pages"}],"about":[{"href":"https:\/\/prime-posts.com\/es\/wp-json\/wp\/v2\/types\/page"}],"author":[{"embeddable":true,"href":"https:\/\/prime-posts.com\/es\/wp-json\/wp\/v2\/users\/1"}],"replies":[{"embeddable":true,"href":"https:\/\/prime-posts.com\/es\/wp-json\/wp\/v2\/comments?post=3742"}],"version-history":[{"count":0,"href":"https:\/\/prime-posts.com\/es\/wp-json\/wp\/v2\/pages\/3742\/revisions"}],"up":[{"embeddable":true,"href":"https:\/\/prime-posts.com\/es\/wp-json\/wp\/v2\/pages\/3772"}],"wp:featuredmedia":[{"embeddable":true,"href":"https:\/\/prime-posts.com\/es\/wp-json\/wp\/v2\/media\/2830"}],"wp:attachment":[{"href":"https:\/\/prime-posts.com\/es\/wp-json\/wp\/v2\/media?parent=3742"}],"curies":[{"name":"wp","href":"https:\/\/api.w.org\/{rel}","templated":true}]}}